{"id":3937,"date":"2024-02-12T09:12:11","date_gmt":"2024-02-12T08:12:11","guid":{"rendered":"https:\/\/sultanspices.es\/fried-onions-pride-400g\/"},"modified":"2025-07-19T11:00:08","modified_gmt":"2025-07-19T09:00:08","slug":"fried-onions-pride-400g","status":"publish","type":"product","link":"https:\/\/sultanspices.es\/pt\/produto\/cebola-frita-pride-400g\/","title":{"rendered":"CEBOLAS FRITAS ORGULHO 400G"},"content":{"rendered":"<div class=\"flex-1 overflow-hidden\">\n<div class=\"react-scroll-to-bottom--css-dyfsc-79elbk h-full\">\n<div class=\"react-scroll-to-bottom--css-dyfsc-1n7m0yu\">\n<div class=\"flex flex-col pb-9 text-sm\">\n<div class=\"w-full text-token-text-primary\" data-testid=\"conversation-turn-91\">\n<div class=\"px-4 py-2 justify-center text-base md:gap-6 m-auto\">\n<div class=\"flex flex-1 text-base mx-auto gap-3 md:px-5 lg:px-1 xl:px-5 md:max-w-3xl lg:max-w-[40rem] xl:max-w-[48rem] group final-completion\">\n<div class=\"relative flex w-full flex-col lg:w-[calc(100%-115px)] agent-turn\">\n<div class=\"flex-col gap-1 md:gap-3\">\n<div class=\"flex flex-grow flex-col max-w-full\">\n<div class=\"min-h-[20px] text-message flex flex-col items-start gap-3 whitespace-pre-wrap break-words [.text-message+&amp;]:mt-5 overflow-x-auto\" data-message-author-role=\"assistant\" data-message-id=\"d9a9f42f-7640-4490-a780-ed607a0eb4c4\">\n<div class=\"markdown prose w-full break-words dark:prose-invert dark\">\n<p>Eleve as suas cria\u00e7\u00f5es culin\u00e1rias com as Cebolas Fritas Pride 400g, agora dispon\u00edveis no Sultan Spices &amp; Supermarket. Estas cebolas fritas crocantes e saborosas oferecem uma cobertura conveniente e deliciosa para uma variedade de pratos salgados.<\/p>\n<p>As cebolas Pride Fried Onions s\u00e3o cuidadosamente preparadas a partir de cebolas de qualidade superior, cortadas em fatias finas e fritas at\u00e9 \u00e0 perfei\u00e7\u00e3o dourada. A sua textura estaladi\u00e7a e o seu sabor rico e caramelizado acrescentam profundidade e complexidade a saladas, biryanis, caril, sandu\u00edches e muito mais.<\/p>\n<p>Perfeitas para cozinheiros atarefados e entusiastas da comida, as Cebolas Fritas Pride poupam-lhe tempo na cozinha sem comprometer o sabor. Basta polvilh\u00e1-las sobre os seus pratos favoritos para real\u00e7ar o seu sabor e apresenta\u00e7\u00e3o com um crocante irresist\u00edvel.<\/p>\n<p>Experimente a conveni\u00eancia e o sabor das Cebolas Fritas Pride 400g, agora dispon\u00edveis no Sultan Spices &amp; Supermarket, o seu destino online de confian\u00e7a para ingredientes aut\u00eanticos em Espanha. Eleve os seus pratos com a deliciosa adi\u00e7\u00e3o de cebolas fritas estaladi\u00e7as e delicie o seu paladar com cada dentada.<\/p>\n<\/div>\n<\/div>\n<\/div>\n<\/div>\n<\/div>\n<\/div>\n<\/div>\n<\/div>\n<\/div>\n<\/div>\n<\/div>\n<\/div>","protected":false},"excerpt":{"rendered":"<p>Eleve as suas cria\u00e7\u00f5es culin\u00e1rias com as Cebolas Fritas Pride 400g, agora dispon\u00edveis no Sultan Spices &amp; Supermarket. Estas cebolas fritas crocantes e saborosas oferecem uma cobertura conveniente e deliciosa para uma variedade de pratos salgados. As Pride Fried Onions s\u00e3o cuidadosamente preparadas a partir de cebolas de qualidade superior, cortadas em fatias finas e fritas at\u00e9 \u00e0 perfei\u00e7\u00e3o dourada. A sua textura estaladi\u00e7a e o seu sabor rico e...<\/p>","protected":false},"featured_media":4062,"comment_status":"open","ping_status":"closed","template":"","meta":{"_kad_blocks_custom_css":"","_kad_blocks_head_custom_js":"","_kad_blocks_body_custom_js":"","_kad_blocks_footer_custom_js":"","_kadence_starter_templates_imported_post":false,"_kad_post_transparent":"default","_kad_post_title":"","_kad_post_layout":"default","_kad_post_sidebar_id":"","_kad_post_content_style":"default","_kad_post_vertical_padding":"default","_kad_post_feature":"","_kad_post_feature_position":"","_kad_post_header":false,"_kad_post_footer":false,"_kad_post_classname":""},"product_brand":[],"product_cat":[50],"product_tag":[],"class_list":{"0":"post-3937","1":"product","2":"type-product","3":"status-publish","4":"has-post-thumbnail","6":"product_cat-spices","8":"first","9":"outofstock","10":"shipping-taxable","11":"purchasable","12":"product-type-simple","13":"entry","14":"content-bg","15":"loop-entry"},"taxonomy_info":{"product_cat":[{"value":50,"label":"Spices"}]},"featured_image_src_large":["https:\/\/sultanspices.es\/wp-content\/uploads\/2024\/02\/ProductsPIX-42-1024x1024.png",1024,1024,true],"author_info":[],"comment_info":0,"jetpack_sharing_enabled":true,"_links":{"self":[{"href":"https:\/\/sultanspices.es\/pt\/wp-json\/wp\/v2\/product\/3937","targetHints":{"allow":["GET"]}}],"collection":[{"href":"https:\/\/sultanspices.es\/pt\/wp-json\/wp\/v2\/product"}],"about":[{"href":"https:\/\/sultanspices.es\/pt\/wp-json\/wp\/v2\/types\/product"}],"replies":[{"embeddable":true,"href":"https:\/\/sultanspices.es\/pt\/wp-json\/wp\/v2\/comments?post=3937"}],"wp:featuredmedia":[{"embeddable":true,"href":"https:\/\/sultanspices.es\/pt\/wp-json\/wp\/v2\/media\/4062"}],"wp:attachment":[{"href":"https:\/\/sultanspices.es\/pt\/wp-json\/wp\/v2\/media?parent=3937"}],"wp:term":[{"taxonomy":"product_brand","embeddable":true,"href":"https:\/\/sultanspices.es\/pt\/wp-json\/wp\/v2\/product_brand?post=3937"},{"taxonomy":"product_cat","embeddable":true,"href":"https:\/\/sultanspices.es\/pt\/wp-json\/wp\/v2\/product_cat?post=3937"},{"taxonomy":"product_tag","embeddable":true,"href":"https:\/\/sultanspices.es\/pt\/wp-json\/wp\/v2\/product_tag?post=3937"}],"curies":[{"name":"wp","href":"https:\/\/api.w.org\/{rel}","templated":true}]}}