{"id":3935,"date":"2024-02-12T09:12:04","date_gmt":"2024-02-12T08:12:04","guid":{"rendered":"https:\/\/sultanspices.es\/food-colour-ali-baba-orange-25g\/"},"modified":"2026-02-23T12:40:44","modified_gmt":"2026-02-23T11:40:44","slug":"food-colour-ali-baba-orange-25g","status":"publish","type":"product","link":"https:\/\/sultanspices.es\/pt\/produto\/cor-alimentar-ali-baba-laranja-25g\/","title":{"rendered":"CORANTE ALIMENTAR ALI BABA LARANJA 25G"},"content":{"rendered":"<div class=\"flex-1 overflow-hidden\">\n<div class=\"react-scroll-to-bottom--css-hxuqx-79elbk h-full\">\n<div class=\"react-scroll-to-bottom--css-hxuqx-1n7m0yu\">\n<div class=\"flex flex-col pb-9 text-sm\">\n<div class=\"w-full text-token-text-primary\" data-testid=\"conversation-turn-95\">\n<div class=\"px-4 py-2 justify-center text-base md:gap-6 m-auto\">\n<div class=\"flex flex-1 text-base mx-auto gap-3 md:px-5 lg:px-1 xl:px-5 md:max-w-3xl lg:max-w-[40rem] xl:max-w-[48rem] group final-completion\">\n<div class=\"relative flex w-full flex-col agent-turn\">\n<div class=\"flex-col gap-1 md:gap-3\">\n<div class=\"flex flex-grow flex-col max-w-full\">\n<div class=\"min-h-[20px] text-message flex flex-col items-start gap-3 whitespace-pre-wrap break-words [.text-message+&amp;]:mt-5 overflow-x-auto\" data-message-author-role=\"assistant\" data-message-id=\"6bebe031-3fd7-4996-a91b-6e467d8fef10\">\n<div class=\"markdown prose w-full break-words dark:prose-invert dark\">\n<p>Apresentamos o Ali Baba Orange Food Colour 25g, agora no Sultan Spices &amp; Supermarket. Este corante alimentar de qualidade superior oferece uma explos\u00e3o de tonalidade laranja vibrante para animar as suas cria\u00e7\u00f5es culin\u00e1rias, sobremesas e bebidas.<\/p>\n<p>O corante alimentar Ali Baba Orange foi cuidadosamente formulado para proporcionar uma cor consistente e viva, garantindo que os seus pratos se destacam com uma apar\u00eancia cativante. Quer esteja a fazer bolos com infus\u00e3o de citrinos, a decorar cupcakes ou a real\u00e7ar pratos salgados, este corante alimentar acrescenta um toque de sol a cada dentada.<\/p>\n<p>Criado a partir de ingredientes de alta qualidade, o corante alimentar Ali Baba Orange \u00e9 f\u00e1cil de utilizar e mistura-se sem esfor\u00e7o nas suas receitas. A sua f\u00f3rmula concentrada permite-lhe obter o tom perfeito de laranja com apenas algumas gotas, dando-lhe controlo total sobre a intensidade da cor.<\/p>\n<p>Experimente a versatilidade e a vibra\u00e7\u00e3o do corante alimentar Ali Baba Orange 25g, dispon\u00edvel agora no Sultan Spices &amp; Supermarket. Ilumine as suas cria\u00e7\u00f5es culin\u00e1rias com a tonalidade quente e convidativa do laranja e fa\u00e7a de cada prato um deleite visual.<\/p>\n<\/div>\n<\/div>\n<\/div>\n<\/div>\n<\/div>\n<\/div>\n<\/div>\n<\/div>\n<\/div>\n<\/div>\n<\/div>\n<\/div>","protected":false},"excerpt":{"rendered":"<p>Apresentamos Ali Baba Orange Food Colour 25g, agora no Sultan Spices &amp; Supermarket. Este corante alimentar de qualidade superior oferece uma explos\u00e3o de tonalidade laranja vibrante para animar as suas cria\u00e7\u00f5es culin\u00e1rias, sobremesas e bebidas. Ali Baba Orange Food Colour \u00e9 cuidadosamente formulado para proporcionar uma cor consistente e viva, garantindo que os seus pratos se destacam com uma apar\u00eancia cativante....<\/p>","protected":false},"featured_media":4071,"comment_status":"open","ping_status":"closed","template":"","meta":{"_kad_blocks_custom_css":"","_kad_blocks_head_custom_js":"","_kad_blocks_body_custom_js":"","_kad_blocks_footer_custom_js":"","_kadence_starter_templates_imported_post":false,"_kad_post_transparent":"default","_kad_post_title":"","_kad_post_layout":"default","_kad_post_sidebar_id":"","_kad_post_content_style":"default","_kad_post_vertical_padding":"default","_kad_post_feature":"","_kad_post_feature_position":"","_kad_post_header":false,"_kad_post_footer":false,"_kad_post_classname":""},"product_brand":[],"product_cat":[63],"product_tag":[],"class_list":{"0":"post-3935","1":"product","2":"type-product","3":"status-publish","4":"has-post-thumbnail","6":"product_cat-food-colors","8":"first","9":"instock","10":"shipping-taxable","11":"purchasable","12":"product-type-simple","13":"entry","14":"content-bg","15":"loop-entry"},"taxonomy_info":{"product_cat":[{"value":63,"label":"Food Colors"}]},"featured_image_src_large":["https:\/\/sultanspices.es\/wp-content\/uploads\/2024\/02\/ProductsPIX-45-1024x1024.png",1024,1024,true],"author_info":[],"comment_info":0,"jetpack_sharing_enabled":true,"_links":{"self":[{"href":"https:\/\/sultanspices.es\/pt\/wp-json\/wp\/v2\/product\/3935","targetHints":{"allow":["GET"]}}],"collection":[{"href":"https:\/\/sultanspices.es\/pt\/wp-json\/wp\/v2\/product"}],"about":[{"href":"https:\/\/sultanspices.es\/pt\/wp-json\/wp\/v2\/types\/product"}],"replies":[{"embeddable":true,"href":"https:\/\/sultanspices.es\/pt\/wp-json\/wp\/v2\/comments?post=3935"}],"wp:featuredmedia":[{"embeddable":true,"href":"https:\/\/sultanspices.es\/pt\/wp-json\/wp\/v2\/media\/4071"}],"wp:attachment":[{"href":"https:\/\/sultanspices.es\/pt\/wp-json\/wp\/v2\/media?parent=3935"}],"wp:term":[{"taxonomy":"product_brand","embeddable":true,"href":"https:\/\/sultanspices.es\/pt\/wp-json\/wp\/v2\/product_brand?post=3935"},{"taxonomy":"product_cat","embeddable":true,"href":"https:\/\/sultanspices.es\/pt\/wp-json\/wp\/v2\/product_cat?post=3935"},{"taxonomy":"product_tag","embeddable":true,"href":"https:\/\/sultanspices.es\/pt\/wp-json\/wp\/v2\/product_tag?post=3935"}],"curies":[{"name":"wp","href":"https:\/\/api.w.org\/{rel}","templated":true}]}}