{"id":3934,"date":"2024-02-12T09:12:02","date_gmt":"2024-02-12T08:12:02","guid":{"rendered":"https:\/\/sultanspices.es\/flake-rice-medium-ali-baba-300g\/"},"modified":"2026-02-23T12:40:44","modified_gmt":"2026-02-23T11:40:44","slug":"flake-rice-medium-ali-baba-300g","status":"publish","type":"product","link":"https:\/\/sultanspices.es\/pt\/produto\/flocos-rice-medium-ali-baba-300g\/","title":{"rendered":"FLOCOS DE ARROZ M\u00c9DIO ALI BABA 300G"},"content":{"rendered":"<div class=\"flex-1 overflow-hidden\">\n<div class=\"react-scroll-to-bottom--css-hxuqx-79elbk h-full\">\n<div class=\"react-scroll-to-bottom--css-hxuqx-1n7m0yu\">\n<div class=\"flex flex-col pb-9 text-sm\">\n<div class=\"w-full text-token-text-primary\" data-testid=\"conversation-turn-97\">\n<div class=\"px-4 py-2 justify-center text-base md:gap-6 m-auto\">\n<div class=\"flex flex-1 text-base mx-auto gap-3 md:px-5 lg:px-1 xl:px-5 md:max-w-3xl lg:max-w-[40rem] xl:max-w-[48rem] group final-completion\">\n<div class=\"relative flex w-full flex-col agent-turn\">\n<div class=\"flex-col gap-1 md:gap-3\">\n<div class=\"flex flex-grow flex-col max-w-full\">\n<div class=\"min-h-[20px] text-message flex flex-col items-start gap-3 whitespace-pre-wrap break-words [.text-message+&amp;]:mt-5 overflow-x-auto\" data-message-author-role=\"assistant\" data-message-id=\"acc8bf97-fbf8-446a-ba6d-4222088e6891\">\n<div class=\"markdown prose w-full break-words dark:prose-invert dark\">\n<h2>Ingrediente vers\u00e1til para uma deliciosa Poha<\/h2>\n<p>Explore as possibilidades culin\u00e1rias com Ali Baba Medium Flake Rice 300g, tamb\u00e9m conhecido como Powa Pawa, agora dispon\u00edvel no Sultan Spices &amp; Supermarket. Este arroz de qualidade superior \u00e9 perfeito para preparar o prato tradicional indiano, Poha, adorado pela sua natureza leve e saborosa.<\/p>\n<p>O arroz Ali Baba Medium Flake \u00e9 meticulosamente processado para garantir o tamanho e a textura ideais para o Poha. Feito a partir de gr\u00e3os de arroz achatados, oferece uma mordida delicada mas satisfat\u00f3ria, perfeita para absorver especiarias e sabores durante a cozedura.<\/p>\n<p>Quer esteja a criar um prato cl\u00e1ssico de Poha com legumes, especiarias e guarni\u00e7\u00f5es, ou a experimentar o seu pr\u00f3prio toque \u00fanico, o arroz Ali Baba Medium Flake fornece a base perfeita para uma refei\u00e7\u00e3o deliciosa. A sua versatilidade vai para al\u00e9m do Poha, tornando-o um ingrediente vers\u00e1til para v\u00e1rios pratos salgados e doces.<\/p>\n<p>Experimente a conveni\u00eancia e a qualidade do Ali Baba Medium Flake Rice 300g, dispon\u00edvel agora no Sultan Spices &amp; Supermarket. Melhore os seus cozinhados com o sabor e a textura aut\u00eanticos do Poha e delicie as suas papilas gustativas com cada dentada.<\/p>\n<\/div>\n<\/div>\n<\/div>\n<\/div>\n<\/div>\n<\/div>\n<\/div>\n<\/div>\n<\/div>\n<\/div>\n<\/div>\n<\/div>","protected":false},"excerpt":{"rendered":"<p>Ingrediente vers\u00e1til para uma deliciosa Poha Explore as possibilidades culin\u00e1rias com Ali Baba Medium Flake Rice 300g, tamb\u00e9m conhecido como Powa Pawa, agora dispon\u00edvel no Sultan Spices &amp; Supermarket. Este arroz de qualidade superior \u00e9 perfeito para preparar o prato tradicional indiano, Poha, adorado pela sua natureza leve e saborosa. O arroz de flocos m\u00e9dios Ali Baba \u00e9 meticulosamente processado...<\/p>","protected":false},"featured_media":4073,"comment_status":"open","ping_status":"closed","template":"","meta":{"_kad_blocks_custom_css":"","_kad_blocks_head_custom_js":"","_kad_blocks_body_custom_js":"","_kad_blocks_footer_custom_js":"","_kadence_starter_templates_imported_post":false,"_kad_post_transparent":"default","_kad_post_title":"","_kad_post_layout":"default","_kad_post_sidebar_id":"","_kad_post_content_style":"default","_kad_post_vertical_padding":"default","_kad_post_feature":"","_kad_post_feature_position":"","_kad_post_header":false,"_kad_post_footer":false,"_kad_post_classname":""},"product_brand":[],"product_cat":[53],"product_tag":[],"class_list":{"0":"post-3934","1":"product","2":"type-product","3":"status-publish","4":"has-post-thumbnail","6":"product_cat-rice","8":"first","9":"outofstock","10":"shipping-taxable","11":"purchasable","12":"product-type-simple","13":"entry","14":"content-bg","15":"loop-entry"},"taxonomy_info":{"product_cat":[{"value":53,"label":"Rice"}]},"featured_image_src_large":["https:\/\/sultanspices.es\/wp-content\/uploads\/2024\/02\/ProductsPIX-46-1024x1024.png",1024,1024,true],"author_info":[],"comment_info":0,"jetpack_sharing_enabled":true,"_links":{"self":[{"href":"https:\/\/sultanspices.es\/pt\/wp-json\/wp\/v2\/product\/3934","targetHints":{"allow":["GET"]}}],"collection":[{"href":"https:\/\/sultanspices.es\/pt\/wp-json\/wp\/v2\/product"}],"about":[{"href":"https:\/\/sultanspices.es\/pt\/wp-json\/wp\/v2\/types\/product"}],"replies":[{"embeddable":true,"href":"https:\/\/sultanspices.es\/pt\/wp-json\/wp\/v2\/comments?post=3934"}],"wp:featuredmedia":[{"embeddable":true,"href":"https:\/\/sultanspices.es\/pt\/wp-json\/wp\/v2\/media\/4073"}],"wp:attachment":[{"href":"https:\/\/sultanspices.es\/pt\/wp-json\/wp\/v2\/media?parent=3934"}],"wp:term":[{"taxonomy":"product_brand","embeddable":true,"href":"https:\/\/sultanspices.es\/pt\/wp-json\/wp\/v2\/product_brand?post=3934"},{"taxonomy":"product_cat","embeddable":true,"href":"https:\/\/sultanspices.es\/pt\/wp-json\/wp\/v2\/product_cat?post=3934"},{"taxonomy":"product_tag","embeddable":true,"href":"https:\/\/sultanspices.es\/pt\/wp-json\/wp\/v2\/product_tag?post=3934"}],"curies":[{"name":"wp","href":"https:\/\/api.w.org\/{rel}","templated":true}]}}