{"id":3933,"date":"2024-02-12T09:11:59","date_gmt":"2024-02-12T08:11:59","guid":{"rendered":"https:\/\/sultanspices.es\/flake-rice-medium-ali-baba-1kg\/"},"modified":"2026-03-10T11:39:03","modified_gmt":"2026-03-10T10:39:03","slug":"flake-rice-medium-ali-baba-1kg","status":"publish","type":"product","link":"https:\/\/sultanspices.es\/pt\/produto\/flocos-rice-medium-ali-baba-1kg\/","title":{"rendered":"ARROZ EM FLOCOS ALI BABA 1KG"},"content":{"rendered":"<h2>Ali Baba Medium Flake Rice 1kg - Ingrediente vers\u00e1til para deliciosas cria\u00e7\u00f5es culin\u00e1rias<\/h2>\n<div class=\"flex-1 overflow-hidden\">\n<div class=\"react-scroll-to-bottom--css-hxuqx-79elbk h-full\">\n<div class=\"react-scroll-to-bottom--css-hxuqx-1n7m0yu\">\n<div class=\"flex flex-col pb-9 text-sm\">\n<div class=\"w-full text-token-text-primary\" data-testid=\"conversation-turn-99\">\n<div class=\"px-4 py-2 justify-center text-base md:gap-6 m-auto\">\n<div class=\"flex flex-1 text-base mx-auto gap-3 md:px-5 lg:px-1 xl:px-5 md:max-w-3xl lg:max-w-[40rem] xl:max-w-[48rem] group final-completion\">\n<div class=\"relative flex w-full flex-col agent-turn\">\n<div class=\"flex-col gap-1 md:gap-3\">\n<div class=\"flex flex-grow flex-col max-w-full\">\n<div class=\"min-h-[20px] text-message flex flex-col items-start gap-3 whitespace-pre-wrap break-words [.text-message+&amp;]:mt-5 overflow-x-auto\" data-message-author-role=\"assistant\" data-message-id=\"9bdd85c2-2fa7-4308-a897-a424751b41dc\">\n<div class=\"markdown prose w-full break-words dark:prose-invert dark\">\n<p>Eleve a sua experi\u00eancia culin\u00e1ria com Ali Baba Medium Flake Rice 1kg, agora dispon\u00edvel no Sultan Spices &amp; Supermarket. Este arroz de qualidade superior, tamb\u00e9m conhecido como Powa Pawa, \u00e9 perfeito para preparar uma grande variedade de pratos salgados e doces.<\/p>\n<p>O arroz Ali Baba Medium Flake \u00e9 cuidadosamente processado para garantir o tamanho e a textura ideais para v\u00e1rias cria\u00e7\u00f5es culin\u00e1rias. Feito a partir de gr\u00e3os de arroz achatados, oferece uma mordida delicada mas satisfat\u00f3ria, perfeita para absorver sabores e especiarias durante a cozedura.<\/p>\n<p>Quer esteja a confecionar pratos tradicionais indianos como Poha ou a experimentar novas receitas, o arroz Ali Baba Medium Flake fornece a base perfeita para as suas aventuras culin\u00e1rias. A sua versatilidade torna-o adequado para pratos de pequeno-almo\u00e7o, snacks, sobremesas e muito mais.<\/p>\n<p>Experimente a conveni\u00eancia e a qualidade do Ali Baba Medium Flake Rice 1kg, dispon\u00edvel agora no Sultan Spices &amp; Supermarket. Eleve os seus cozinhados com o sabor e a textura aut\u00eanticos do Powa Pawa e delicie o seu paladar com cada prato que criar.<\/p>\n<\/div>\n<\/div>\n<\/div>\n<\/div>\n<\/div>\n<\/div>\n<\/div>\n<\/div>\n<\/div>\n<\/div>\n<\/div>\n<\/div>","protected":false},"excerpt":{"rendered":"<p>Ali Baba Medium Flake Rice 1kg - Ingrediente vers\u00e1til para deliciosas cria\u00e7\u00f5es culin\u00e1rias Eleve a sua experi\u00eancia culin\u00e1ria com Ali Baba Medium Flake Rice 1kg, agora dispon\u00edvel no Sultan Spices &amp; Supermarket. Este arroz de qualidade superior, tamb\u00e9m conhecido como Powa Pawa, \u00e9 perfeito para preparar uma grande variedade de pratos salgados e doces. Ali Baba Medium Flake...<\/p>","protected":false},"featured_media":4075,"comment_status":"open","ping_status":"closed","template":"","meta":{"_kad_blocks_custom_css":"","_kad_blocks_head_custom_js":"","_kad_blocks_body_custom_js":"","_kad_blocks_footer_custom_js":"","_kadence_starter_templates_imported_post":false,"_kad_post_transparent":"default","_kad_post_title":"","_kad_post_layout":"default","_kad_post_sidebar_id":"","_kad_post_content_style":"default","_kad_post_vertical_padding":"default","_kad_post_feature":"","_kad_post_feature_position":"","_kad_post_header":false,"_kad_post_footer":false,"_kad_post_classname":""},"product_brand":[],"product_cat":[53],"product_tag":[],"class_list":{"0":"post-3933","1":"product","2":"type-product","3":"status-publish","4":"has-post-thumbnail","6":"product_cat-rice","8":"first","9":"instock","10":"shipping-taxable","11":"purchasable","12":"product-type-simple","13":"entry","14":"content-bg","15":"loop-entry"},"taxonomy_info":{"product_cat":[{"value":53,"label":"Rice"}]},"featured_image_src_large":["https:\/\/sultanspices.es\/wp-content\/uploads\/2024\/02\/ProductsPIX-47-1024x1024.png",1024,1024,true],"author_info":[],"comment_info":0,"jetpack_sharing_enabled":true,"_links":{"self":[{"href":"https:\/\/sultanspices.es\/pt\/wp-json\/wp\/v2\/product\/3933","targetHints":{"allow":["GET"]}}],"collection":[{"href":"https:\/\/sultanspices.es\/pt\/wp-json\/wp\/v2\/product"}],"about":[{"href":"https:\/\/sultanspices.es\/pt\/wp-json\/wp\/v2\/types\/product"}],"replies":[{"embeddable":true,"href":"https:\/\/sultanspices.es\/pt\/wp-json\/wp\/v2\/comments?post=3933"}],"wp:featuredmedia":[{"embeddable":true,"href":"https:\/\/sultanspices.es\/pt\/wp-json\/wp\/v2\/media\/4075"}],"wp:attachment":[{"href":"https:\/\/sultanspices.es\/pt\/wp-json\/wp\/v2\/media?parent=3933"}],"wp:term":[{"taxonomy":"product_brand","embeddable":true,"href":"https:\/\/sultanspices.es\/pt\/wp-json\/wp\/v2\/product_brand?post=3933"},{"taxonomy":"product_cat","embeddable":true,"href":"https:\/\/sultanspices.es\/pt\/wp-json\/wp\/v2\/product_cat?post=3933"},{"taxonomy":"product_tag","embeddable":true,"href":"https:\/\/sultanspices.es\/pt\/wp-json\/wp\/v2\/product_tag?post=3933"}],"curies":[{"name":"wp","href":"https:\/\/api.w.org\/{rel}","templated":true}]}}