{"id":3927,"date":"2024-02-12T09:11:45","date_gmt":"2024-02-12T08:11:45","guid":{"rendered":"https:\/\/sultanspices.es\/chilli-pwd-ali-baba-400g\/"},"modified":"2026-04-09T10:23:53","modified_gmt":"2026-04-09T08:23:53","slug":"chilli-pwd-ali-baba-400g","status":"publish","type":"product","link":"https:\/\/sultanspices.es\/pt\/produto\/chilli-pwd-ali-baba-400g\/","title":{"rendered":"ALI BABA COM MALAGUETA 400G"},"content":{"rendered":"<div class=\"flex-1 overflow-hidden\">\n<div class=\"react-scroll-to-bottom--css-hxuqx-79elbk h-full\">\n<div class=\"react-scroll-to-bottom--css-hxuqx-1n7m0yu\">\n<div class=\"flex flex-col pb-9 text-sm\">\n<div class=\"w-full text-token-text-primary\" data-testid=\"conversation-turn-119\">\n<div class=\"px-4 py-2 justify-center text-base md:gap-6 m-auto\">\n<div class=\"flex flex-1 text-base mx-auto gap-3 md:px-5 lg:px-1 xl:px-5 md:max-w-3xl lg:max-w-[40rem] xl:max-w-[48rem] group final-completion\">\n<div class=\"relative flex w-full flex-col agent-turn\">\n<div class=\"flex-col gap-1 md:gap-3\">\n<div class=\"flex flex-grow flex-col max-w-full\">\n<div class=\"min-h-[20px] text-message flex flex-col items-start gap-3 whitespace-pre-wrap break-words [.text-message+&amp;]:mt-5 overflow-x-auto\" data-message-author-role=\"assistant\" data-message-id=\"98e184be-147a-49a4-8a56-53ff7033ce2b\">\n<div class=\"markdown prose w-full break-words dark:prose-invert dark\">\n<p>D\u00ea um toque especial \u00e0s suas cria\u00e7\u00f5es culin\u00e1rias com Ali Baba Chili Powder 400g, agora dispon\u00edvel no Sultan Spices &amp; Supermarket. Este p\u00f3 de chili de qualidade superior \u00e9 o complemento perfeito para dar um toque ardente e um sabor robusto \u00e0s suas receitas favoritas.<\/p>\n<p>O p\u00f3 de piri-piri Ali Baba \u00e9 cuidadosamente obtido e mo\u00eddo com per\u00edcia para proporcionar um calor e um sabor consistentes em cada pitada. Feito a partir de pimentas secas de alta qualidade, oferece uma cor vermelha vibrante e um sabor ousado e picante que despertar\u00e1 as suas papilas gustativas.<\/p>\n<p>Quer esteja a preparar caris picantes, molhos saborosos, marinadas ou a temperar carnes e legumes, o P\u00f3 de Chili Ali Baba acrescenta profundidade e complexidade a qualquer prato. A sua pr\u00e1tica embalagem de 400 g garante que tem sempre \u00e0 m\u00e3o uma grande quantidade de especiarias para todas as suas aventuras culin\u00e1rias.<\/p>\n<p>Experimente a versatilidade culin\u00e1ria de Ali Baba Chili Powder 400g, dispon\u00edvel agora no Sultan Spices &amp; Supermarket. Apimente os seus cozinhados com os sabores arrojados da malagueta em p\u00f3 e d\u00ea emo\u00e7\u00e3o a todas as refei\u00e7\u00f5es.<\/p>\n<\/div>\n<\/div>\n<\/div>\n<\/div>\n<\/div>\n<\/div>\n<\/div>\n<\/div>\n<\/div>\n<\/div>\n<\/div>\n<\/div>","protected":false},"excerpt":{"rendered":"<p>D\u00ea um toque especial \u00e0s suas cria\u00e7\u00f5es culin\u00e1rias com Ali Baba Chili Powder 400g, agora dispon\u00edvel no Sultan Spices &amp; Supermarket. Este p\u00f3 de chili de qualidade superior \u00e9 o complemento perfeito para dar um toque ardente e um sabor robusto \u00e0s suas receitas favoritas. O p\u00f3 de piri-piri Ali Baba \u00e9 cuidadosamente obtido e mo\u00eddo com per\u00edcia para proporcionar um calor e um sabor consistentes em cada...<\/p>","protected":false},"featured_media":4091,"comment_status":"open","ping_status":"closed","template":"","meta":{"_kad_blocks_custom_css":"","_kad_blocks_head_custom_js":"","_kad_blocks_body_custom_js":"","_kad_blocks_footer_custom_js":"","_kadence_starter_templates_imported_post":false,"_kad_post_transparent":"default","_kad_post_title":"","_kad_post_layout":"default","_kad_post_sidebar_id":"","_kad_post_content_style":"default","_kad_post_vertical_padding":"default","_kad_post_feature":"","_kad_post_feature_position":"","_kad_post_header":false,"_kad_post_footer":false,"_kad_post_classname":""},"product_brand":[],"product_cat":[50],"product_tag":[],"class_list":{"0":"post-3927","1":"product","2":"type-product","3":"status-publish","4":"has-post-thumbnail","6":"product_cat-spices","8":"first","9":"instock","10":"shipping-taxable","11":"purchasable","12":"product-type-simple","13":"entry","14":"content-bg","15":"loop-entry"},"taxonomy_info":{"product_cat":[{"value":50,"label":"Spices"}]},"featured_image_src_large":["https:\/\/sultanspices.es\/wp-content\/uploads\/2024\/02\/ProductsPIX-56-1024x1024.png",1024,1024,true],"author_info":[],"comment_info":1,"jetpack_sharing_enabled":true,"_links":{"self":[{"href":"https:\/\/sultanspices.es\/pt\/wp-json\/wp\/v2\/product\/3927","targetHints":{"allow":["GET"]}}],"collection":[{"href":"https:\/\/sultanspices.es\/pt\/wp-json\/wp\/v2\/product"}],"about":[{"href":"https:\/\/sultanspices.es\/pt\/wp-json\/wp\/v2\/types\/product"}],"replies":[{"embeddable":true,"href":"https:\/\/sultanspices.es\/pt\/wp-json\/wp\/v2\/comments?post=3927"}],"wp:featuredmedia":[{"embeddable":true,"href":"https:\/\/sultanspices.es\/pt\/wp-json\/wp\/v2\/media\/4091"}],"wp:attachment":[{"href":"https:\/\/sultanspices.es\/pt\/wp-json\/wp\/v2\/media?parent=3927"}],"wp:term":[{"taxonomy":"product_brand","embeddable":true,"href":"https:\/\/sultanspices.es\/pt\/wp-json\/wp\/v2\/product_brand?post=3927"},{"taxonomy":"product_cat","embeddable":true,"href":"https:\/\/sultanspices.es\/pt\/wp-json\/wp\/v2\/product_cat?post=3927"},{"taxonomy":"product_tag","embeddable":true,"href":"https:\/\/sultanspices.es\/pt\/wp-json\/wp\/v2\/product_tag?post=3927"}],"curies":[{"name":"wp","href":"https:\/\/api.w.org\/{rel}","templated":true}]}}