{"id":3926,"date":"2024-02-12T09:11:42","date_gmt":"2024-02-12T08:11:42","guid":{"rendered":"https:\/\/sultanspices.es\/chilli-pwd-ali-baba-100g\/"},"modified":"2026-04-15T10:32:45","modified_gmt":"2026-04-15T08:32:45","slug":"chilli-pwd-ali-baba-100g","status":"publish","type":"product","link":"https:\/\/sultanspices.es\/pt\/produto\/chilli-pwd-ali-baba-100g\/","title":{"rendered":"PIRI-PIRI ALI BABA 100G"},"content":{"rendered":"<div class=\"flex-1 overflow-hidden\">\n<div class=\"react-scroll-to-bottom--css-hxuqx-79elbk h-full\">\n<div class=\"react-scroll-to-bottom--css-hxuqx-1n7m0yu\">\n<div class=\"flex flex-col pb-9 text-sm\">\n<div class=\"w-full text-token-text-primary\" data-testid=\"conversation-turn-117\">\n<div class=\"px-4 py-2 justify-center text-base md:gap-6 m-auto\">\n<div class=\"flex flex-1 text-base mx-auto gap-3 md:px-5 lg:px-1 xl:px-5 md:max-w-3xl lg:max-w-[40rem] xl:max-w-[48rem] group final-completion\">\n<div class=\"relative flex w-full flex-col agent-turn\">\n<div class=\"flex-col gap-1 md:gap-3\">\n<div class=\"flex flex-grow flex-col max-w-full\">\n<div class=\"min-h-[20px] text-message flex flex-col items-start gap-3 whitespace-pre-wrap break-words [.text-message+&amp;]:mt-5 overflow-x-auto\" data-message-author-role=\"assistant\" data-message-id=\"187a8e53-4efa-4211-adb5-c953da6f8497\">\n<div class=\"markdown prose w-full break-words dark:prose-invert dark\">\n<p>Apimente os seus pratos com Ali Baba Chili Powder 100g, agora dispon\u00edvel no Sultan Spices &amp; Supermarket. Este p\u00f3 de chili de qualidade superior \u00e9 o ingrediente perfeito para dar um toque ardente e um sabor intenso \u00e0s suas receitas favoritas.<\/p>\n<p><strong>P\u00f3 de piment\u00e3o Ali Baba<\/strong> \u00e9 cuidadosamente obtido e mo\u00eddo com per\u00edcia para proporcionar um calor e um sabor consistentes em cada colherada. Feita a partir de malaguetas secas, oferece uma cor vermelha vibrante e um sabor ousado e picante que ir\u00e1 seduzir as suas papilas gustativas.<\/p>\n<p>Quer esteja a cozinhar caril picante, molhos saborosos ou marinadas picantes, o p\u00f3 de chili Ali Baba \u00e9 uma especiaria vers\u00e1til que acrescenta profundidade e complexidade a qualquer prato. A sua pr\u00e1tica embalagem de 100 g garante uma frescura duradoura, para que possa desfrutar do seu sabor arrojado sempre que a inspira\u00e7\u00e3o surgir.<\/p>\n<p>Experimente a versatilidade culin\u00e1ria de Ali Baba Chili Powder 100g, dispon\u00edvel agora no Sultan Spices &amp; Supermarket. Eleve os seus cozinhados com o calor intenso e o sabor robusto da malagueta em p\u00f3 e d\u00ea vida aos seus pratos a cada dentada.<\/p>\n<\/div>\n<\/div>\n<\/div>\n<\/div>\n<\/div>\n<\/div>\n<\/div>\n<\/div>\n<\/div>\n<\/div>\n<\/div>\n<\/div>","protected":false},"excerpt":{"rendered":"<p>Apimente os seus pratos com Ali Baba Chili Powder 100g, agora dispon\u00edvel no Sultan Spices &amp; Supermarket. Este p\u00f3 de chili de qualidade superior \u00e9 o ingrediente perfeito para dar um toque ardente e um sabor intenso \u00e0s suas receitas favoritas. O p\u00f3 de chili Ali Baba \u00e9 cuidadosamente obtido e mo\u00eddo com per\u00edcia para proporcionar um calor e um sabor consistentes em cada...<\/p>","protected":false},"featured_media":4089,"comment_status":"open","ping_status":"closed","template":"","meta":{"_kad_blocks_custom_css":"","_kad_blocks_head_custom_js":"","_kad_blocks_body_custom_js":"","_kad_blocks_footer_custom_js":"","_kadence_starter_templates_imported_post":false,"_kad_post_transparent":"default","_kad_post_title":"","_kad_post_layout":"default","_kad_post_sidebar_id":"","_kad_post_content_style":"default","_kad_post_vertical_padding":"default","_kad_post_feature":"","_kad_post_feature_position":"","_kad_post_header":false,"_kad_post_footer":false,"_kad_post_classname":""},"product_brand":[],"product_cat":[50],"product_tag":[],"class_list":{"0":"post-3926","1":"product","2":"type-product","3":"status-publish","4":"has-post-thumbnail","6":"product_cat-spices","8":"first","9":"instock","10":"shipping-taxable","11":"purchasable","12":"product-type-simple","13":"entry","14":"content-bg","15":"loop-entry"},"taxonomy_info":{"product_cat":[{"value":50,"label":"Spices"}]},"featured_image_src_large":["https:\/\/sultanspices.es\/wp-content\/uploads\/2024\/02\/ProductsPIX-55-1024x1024.png",1024,1024,true],"author_info":[],"comment_info":0,"jetpack_sharing_enabled":true,"_links":{"self":[{"href":"https:\/\/sultanspices.es\/pt\/wp-json\/wp\/v2\/product\/3926","targetHints":{"allow":["GET"]}}],"collection":[{"href":"https:\/\/sultanspices.es\/pt\/wp-json\/wp\/v2\/product"}],"about":[{"href":"https:\/\/sultanspices.es\/pt\/wp-json\/wp\/v2\/types\/product"}],"replies":[{"embeddable":true,"href":"https:\/\/sultanspices.es\/pt\/wp-json\/wp\/v2\/comments?post=3926"}],"wp:featuredmedia":[{"embeddable":true,"href":"https:\/\/sultanspices.es\/pt\/wp-json\/wp\/v2\/media\/4089"}],"wp:attachment":[{"href":"https:\/\/sultanspices.es\/pt\/wp-json\/wp\/v2\/media?parent=3926"}],"wp:term":[{"taxonomy":"product_brand","embeddable":true,"href":"https:\/\/sultanspices.es\/pt\/wp-json\/wp\/v2\/product_brand?post=3926"},{"taxonomy":"product_cat","embeddable":true,"href":"https:\/\/sultanspices.es\/pt\/wp-json\/wp\/v2\/product_cat?post=3926"},{"taxonomy":"product_tag","embeddable":true,"href":"https:\/\/sultanspices.es\/pt\/wp-json\/wp\/v2\/product_tag?post=3926"}],"curies":[{"name":"wp","href":"https:\/\/api.w.org\/{rel}","templated":true}]}}