{"id":3925,"date":"2024-02-12T09:11:42","date_gmt":"2024-02-12T08:11:42","guid":{"rendered":"https:\/\/sultanspices.es\/cashew-lp-box-2268kg-vn-2\/"},"modified":"2024-02-14T09:12:33","modified_gmt":"2024-02-14T08:12:33","slug":"cashew-lp-box-2268kg-vn-2","status":"publish","type":"product","link":"https:\/\/sultanspices.es\/pt\/produto\/cashew-lp-box-2268kg-vn-2__trashed\/","title":{"rendered":"CAIXA DE CAJU LP 22,68KG"},"content":{"rendered":"<p>Mime-se com as melhores castanhas de caju com as nossas castanhas de caju Premium em caixa LP com 22,68 kg, agora dispon\u00edveis no Sultan Spices &amp; Supermarket. Proveniente de castanhas de caju da mais alta qualidade, esta sele\u00e7\u00e3o oferece um sabor e textura excepcionais, perfeitos para satisfazer os seus desejos ou elevar as suas cria\u00e7\u00f5es culin\u00e1rias.<\/p>\n<p>As nossas castanhas de caju Premium s\u00e3o cuidadosamente seleccionadas e processadas \u00e0 m\u00e3o para garantir uma \u00f3ptima frescura e qualidade. Cada castanha de caju est\u00e1 repleta de um sabor rico e cremoso e de um estaladi\u00e7o satisfat\u00f3rio, o que a torna um petisco delicioso por si s\u00f3 ou um ingrediente vers\u00e1til numa variedade de pratos.<\/p>\n<p>Quer as aprecie como um snack saud\u00e1vel, quer as adicione \u00e0s suas saladas ou salteados favoritos, quer as utilize para guarnecer sobremesas e produtos de pastelaria, as nossas castanhas de caju Premium em LP Box oferecem infinitas possibilidades de indulg\u00eancia culin\u00e1ria.<\/p>\n<p>Experimente a qualidade superior e o sabor das nossas castanhas de caju Premium em LP Box 22.68kg, dispon\u00edveis agora no Sultan Spices &amp; Supermarket. Eleve a sua experi\u00eancia de petiscar ou melhore a sua cozinha com estas castanhas de caju de primeira qualidade e desfrute do sabor luxuoso de cada dentada<\/p>","protected":false},"excerpt":{"rendered":"<p>Mime-se com as melhores castanhas de caju com as nossas castanhas de caju Premium em caixa LP com 22,68 kg, agora dispon\u00edveis no Sultan Spices &amp; Supermarket. Proveniente de castanhas de caju da mais alta qualidade, esta sele\u00e7\u00e3o oferece um sabor e uma textura excepcionais, perfeitos para satisfazer os seus desejos ou elevar as suas cria\u00e7\u00f5es culin\u00e1rias. As nossas castanhas de caju Premium s\u00e3o cuidadosamente seleccionadas \u00e0 m\u00e3o...<\/p>","protected":false},"featured_media":4078,"comment_status":"open","ping_status":"closed","template":"","meta":{"_kad_blocks_custom_css":"","_kad_blocks_head_custom_js":"","_kad_blocks_body_custom_js":"","_kad_blocks_footer_custom_js":"","_kadence_starter_templates_imported_post":false,"_kad_post_transparent":"default","_kad_post_title":"","_kad_post_layout":"default","_kad_post_sidebar_id":"","_kad_post_content_style":"default","_kad_post_vertical_padding":"default","_kad_post_feature":"","_kad_post_feature_position":"","_kad_post_header":false,"_kad_post_footer":false,"_kad_post_classname":""},"product_brand":[],"product_cat":[60],"product_tag":[],"class_list":{"0":"post-3925","1":"product","2":"type-product","3":"status-publish","4":"has-post-thumbnail","6":"product_cat-dry-fruits","8":"first","9":"instock","10":"shipping-taxable","11":"purchasable","12":"product-type-simple","13":"entry","14":"content-bg","15":"loop-entry"},"taxonomy_info":{"product_cat":[{"value":60,"label":"Dry Fruits"}]},"featured_image_src_large":["https:\/\/sultanspices.es\/wp-content\/uploads\/2024\/02\/ProductsPIX-49-1024x1024.png",1024,1024,true],"author_info":[],"comment_info":0,"jetpack_sharing_enabled":true,"_links":{"self":[{"href":"https:\/\/sultanspices.es\/pt\/wp-json\/wp\/v2\/product\/3925","targetHints":{"allow":["GET"]}}],"collection":[{"href":"https:\/\/sultanspices.es\/pt\/wp-json\/wp\/v2\/product"}],"about":[{"href":"https:\/\/sultanspices.es\/pt\/wp-json\/wp\/v2\/types\/product"}],"replies":[{"embeddable":true,"href":"https:\/\/sultanspices.es\/pt\/wp-json\/wp\/v2\/comments?post=3925"}],"wp:featuredmedia":[{"embeddable":true,"href":"https:\/\/sultanspices.es\/pt\/wp-json\/wp\/v2\/media\/4078"}],"wp:attachment":[{"href":"https:\/\/sultanspices.es\/pt\/wp-json\/wp\/v2\/media?parent=3925"}],"wp:term":[{"taxonomy":"product_brand","embeddable":true,"href":"https:\/\/sultanspices.es\/pt\/wp-json\/wp\/v2\/product_brand?post=3925"},{"taxonomy":"product_cat","embeddable":true,"href":"https:\/\/sultanspices.es\/pt\/wp-json\/wp\/v2\/product_cat?post=3925"},{"taxonomy":"product_tag","embeddable":true,"href":"https:\/\/sultanspices.es\/pt\/wp-json\/wp\/v2\/product_tag?post=3925"}],"curies":[{"name":"wp","href":"https:\/\/api.w.org\/{rel}","templated":true}]}}