{"id":3924,"date":"2024-02-12T09:11:39","date_gmt":"2024-02-12T08:11:39","guid":{"rendered":"https:\/\/sultanspices.es\/black-eye-beans-ali-baba-2kg\/"},"modified":"2026-03-31T18:37:41","modified_gmt":"2026-03-31T16:37:41","slug":"black-eye-beans-ali-baba-2kg","status":"publish","type":"product","link":"https:\/\/sultanspices.es\/pt\/produto\/feijao-preto-ali-baba-2kg\/","title":{"rendered":"FEIJ\u00c3O PRETO ALI BABA 2KG"},"content":{"rendered":"<div class=\"flex-1 overflow-hidden\">\n<div class=\"react-scroll-to-bottom--css-hxuqx-79elbk h-full\">\n<div class=\"react-scroll-to-bottom--css-hxuqx-1n7m0yu\">\n<div class=\"flex flex-col pb-9 text-sm\">\n<div class=\"w-full text-token-text-primary\" data-testid=\"conversation-turn-107\">\n<div class=\"px-4 py-2 justify-center text-base md:gap-6 m-auto\">\n<div class=\"flex flex-1 text-base mx-auto gap-3 md:px-5 lg:px-1 xl:px-5 md:max-w-3xl lg:max-w-[40rem] xl:max-w-[48rem] group final-completion\">\n<div class=\"relative flex w-full flex-col agent-turn\">\n<div class=\"flex-col gap-1 md:gap-3\">\n<div class=\"flex flex-grow flex-col max-w-full\">\n<div class=\"min-h-[20px] text-message flex flex-col items-start gap-3 whitespace-pre-wrap break-words [.text-message+&amp;]:mt-5 overflow-x-auto\" data-message-author-role=\"assistant\" data-message-id=\"d7286984-ed6a-4d32-8976-50c66d04f45c\">\n<div class=\"markdown prose w-full break-words dark:prose-invert dark\">\n<p>Descubra a bondade nutricional do feij\u00e3o Ali Baba Black Eye Beans 2kg, agora oferecido no Sultan Spices &amp; Supermarket. Estas leguminosas de qualidade superior est\u00e3o repletas de prote\u00ednas, fibras e vitaminas e minerais essenciais, o que as torna uma adi\u00e7\u00e3o saud\u00e1vel \u00e0 sua dieta.<\/p>\n<p>Os feij\u00f5es Ali Baba Black Eye s\u00e3o cuidadosamente obtidos e processados para garantir uma \u00f3ptima frescura e qualidade. Com a sua textura cremosa distinta e sabor suave a nozes, s\u00e3o perfeitos para uma variedade de pratos, desde sopas e guisados saud\u00e1veis a saladas e acompanhamentos saborosos.<\/p>\n<p>Ricos em nutrientes e com baixo teor de gordura, os feij\u00f5es pretos n\u00e3o s\u00f3 s\u00e3o deliciosos como tamb\u00e9m promovem a sa\u00fade e o bem-estar geral. Incorpore-os nas suas refei\u00e7\u00f5es para aumentar a ingest\u00e3o de prote\u00ednas, apoiar a digest\u00e3o e manter os n\u00edveis de energia ao longo do dia.<\/p>\n<p>Experimente a versatilidade e os benef\u00edcios nutricionais do feij\u00e3o Ali Baba Black Eye Beans 2kg, dispon\u00edvel agora no Sultan Spices &amp; Supermarket. Melhore os seus cozinhados com estas leguminosas ricas em nutrientes e desfrute de refei\u00e7\u00f5es deliciosas e saud\u00e1veis que nutrem o corpo e a alma.<\/p>\n<\/div>\n<\/div>\n<\/div>\n<\/div>\n<\/div>\n<\/div>\n<\/div>\n<\/div>\n<\/div>\n<\/div>\n<\/div>\n<\/div>","protected":false},"excerpt":{"rendered":"<p>Descubra os benef\u00edcios nutricionais do feij\u00e3o Ali Baba Black Eye Beans 2kg, agora oferecido no Sultan Spices &amp; Supermarket. Estas leguminosas de qualidade superior est\u00e3o repletas de prote\u00ednas, fibras e vitaminas e minerais essenciais, o que as torna uma adi\u00e7\u00e3o saud\u00e1vel \u00e0 sua dieta. Os feij\u00f5es Ali Baba Black Eye s\u00e3o cuidadosamente obtidos e processados para garantir uma \u00f3ptima frescura e qualidade....<\/p>","protected":false},"featured_media":4080,"comment_status":"open","ping_status":"closed","template":"","meta":{"_kad_blocks_custom_css":"","_kad_blocks_head_custom_js":"","_kad_blocks_body_custom_js":"","_kad_blocks_footer_custom_js":"","_kadence_starter_templates_imported_post":false,"_kad_post_transparent":"default","_kad_post_title":"","_kad_post_layout":"default","_kad_post_sidebar_id":"","_kad_post_content_style":"default","_kad_post_vertical_padding":"default","_kad_post_feature":"","_kad_post_feature_position":"","_kad_post_header":false,"_kad_post_footer":false,"_kad_post_classname":""},"product_brand":[],"product_cat":[47],"product_tag":[],"class_list":{"0":"post-3924","1":"product","2":"type-product","3":"status-publish","4":"has-post-thumbnail","6":"product_cat-lentils","8":"first","9":"instock","10":"shipping-taxable","11":"purchasable","12":"product-type-simple","13":"entry","14":"content-bg","15":"loop-entry"},"taxonomy_info":{"product_cat":[{"value":47,"label":"Lentils"}]},"featured_image_src_large":["https:\/\/sultanspices.es\/wp-content\/uploads\/2024\/02\/ProductsPIX-50-1024x1024.png",1024,1024,true],"author_info":[],"comment_info":0,"jetpack_sharing_enabled":true,"_links":{"self":[{"href":"https:\/\/sultanspices.es\/pt\/wp-json\/wp\/v2\/product\/3924","targetHints":{"allow":["GET"]}}],"collection":[{"href":"https:\/\/sultanspices.es\/pt\/wp-json\/wp\/v2\/product"}],"about":[{"href":"https:\/\/sultanspices.es\/pt\/wp-json\/wp\/v2\/types\/product"}],"replies":[{"embeddable":true,"href":"https:\/\/sultanspices.es\/pt\/wp-json\/wp\/v2\/comments?post=3924"}],"wp:featuredmedia":[{"embeddable":true,"href":"https:\/\/sultanspices.es\/pt\/wp-json\/wp\/v2\/media\/4080"}],"wp:attachment":[{"href":"https:\/\/sultanspices.es\/pt\/wp-json\/wp\/v2\/media?parent=3924"}],"wp:term":[{"taxonomy":"product_brand","embeddable":true,"href":"https:\/\/sultanspices.es\/pt\/wp-json\/wp\/v2\/product_brand?post=3924"},{"taxonomy":"product_cat","embeddable":true,"href":"https:\/\/sultanspices.es\/pt\/wp-json\/wp\/v2\/product_cat?post=3924"},{"taxonomy":"product_tag","embeddable":true,"href":"https:\/\/sultanspices.es\/pt\/wp-json\/wp\/v2\/product_tag?post=3924"}],"curies":[{"name":"wp","href":"https:\/\/api.w.org\/{rel}","templated":true}]}}