{"id":3922,"date":"2024-02-12T09:11:32","date_gmt":"2024-02-12T08:11:32","guid":{"rendered":"https:\/\/sultanspices.es\/alsilinseed-ali-baba-400g\/"},"modified":"2026-04-08T00:00:31","modified_gmt":"2026-04-07T22:00:31","slug":"alsilinseed-ali-baba-400g","status":"publish","type":"product","link":"https:\/\/sultanspices.es\/pt\/produto\/alsilinseed-ali-baba-400g\/","title":{"rendered":"ALSI (LINHA\u00c7A) ALI BABA 400G"},"content":{"rendered":"<div class=\"flex-1 overflow-hidden\">\n<div class=\"react-scroll-to-bottom--css-hxuqx-79elbk h-full\">\n<div class=\"react-scroll-to-bottom--css-hxuqx-1n7m0yu\">\n<div class=\"flex flex-col pb-9 text-sm\">\n<div class=\"w-full text-token-text-primary\" data-testid=\"conversation-turn-111\">\n<div class=\"px-4 py-2 justify-center text-base md:gap-6 m-auto\">\n<div class=\"flex flex-1 text-base mx-auto gap-3 md:px-5 lg:px-1 xl:px-5 md:max-w-3xl lg:max-w-[40rem] xl:max-w-[48rem] group final-completion\">\n<div class=\"relative flex w-full flex-col agent-turn\">\n<div class=\"flex-col gap-1 md:gap-3\">\n<div class=\"flex flex-grow flex-col max-w-full\">\n<div class=\"min-h-[20px] text-message flex flex-col items-start gap-3 whitespace-pre-wrap break-words [.text-message+&amp;]:mt-5 overflow-x-auto\" data-message-author-role=\"assistant\" data-message-id=\"77651951-361d-44e6-bb73-7021d625587c\">\n<div class=\"markdown prose w-full break-words dark:prose-invert dark\">\n<p>Descubra o poder nutricional das sementes de linha\u00e7a Ali Baba (Alsi) 400g, agora dispon\u00edveis no Sultan Spices &amp; Supermarket. Estas sementes de linha\u00e7a de qualidade superior, tamb\u00e9m conhecidas como sementes de linho, est\u00e3o repletas de nutrientes essenciais, o que as torna um complemento valioso para a sua dieta di\u00e1ria.<\/p>\n<p>As sementes de linha\u00e7a Ali Baba s\u00e3o obtidas a partir de sementes de linha\u00e7a da melhor qualidade, cuidadosamente selecionadas pela sua frescura e valor nutricional. Ricas em \u00e1cidos gordos \u00f3mega 3, fibras e antioxidantes, as sementes de linha\u00e7a oferecem in\u00fameros benef\u00edcios para a sa\u00fade, incluindo uma melhor sa\u00fade card\u00edaca, digest\u00e3o e sa\u00fade da pele.<\/p>\n<p>Incorpore as sementes de linha\u00e7a Ali Baba nas suas refei\u00e7\u00f5es, polvilhando-as sobre cereais, saladas, iogurte ou batidos. Tamb\u00e9m pode mo\u00ea-las para fazer uma adi\u00e7\u00e3o nutritiva a produtos de pastelaria, como p\u00e3o, muffins e panquecas.<\/p>\n<p>Experimente as propriedades ben\u00e9ficas para a sa\u00fade das sementes de linha\u00e7a Ali Baba (Alsi) 400g e nutra o seu corpo com cada por\u00e7\u00e3o. Dispon\u00edveis agora no Sultan Spices &amp; Supermarket, estas sementes ricas em nutrientes s\u00e3o um must-have para quem procura adotar um estilo de vida saud\u00e1vel e equilibrado.<\/p>\n<\/div>\n<\/div>\n<\/div>\n<\/div>\n<\/div>\n<\/div>\n<\/div>\n<\/div>\n<\/div>\n<\/div>\n<\/div>\n<\/div>","protected":false},"excerpt":{"rendered":"<p>Descubra o poder nutricional das sementes de linha\u00e7a Ali Baba (Alsi) 400g, agora dispon\u00edveis no Sultan Spices &amp; Supermarket. Estas sementes de linha\u00e7a de qualidade superior, tamb\u00e9m conhecidas como sementes de linho, est\u00e3o repletas de nutrientes essenciais, o que as torna um complemento valioso para a sua dieta di\u00e1ria. As sementes de linha\u00e7a Ali Baba s\u00e3o obtidas a partir de sementes de linha\u00e7a da melhor qualidade, cuidadosamente seleccionadas pela sua frescura e...<\/p>","protected":false},"featured_media":4083,"comment_status":"open","ping_status":"closed","template":"","meta":{"_kad_blocks_custom_css":"","_kad_blocks_head_custom_js":"","_kad_blocks_body_custom_js":"","_kad_blocks_footer_custom_js":"","_kadence_starter_templates_imported_post":false,"_kad_post_transparent":"default","_kad_post_title":"","_kad_post_layout":"default","_kad_post_sidebar_id":"","_kad_post_content_style":"default","_kad_post_vertical_padding":"default","_kad_post_feature":"","_kad_post_feature_position":"","_kad_post_header":false,"_kad_post_footer":false,"_kad_post_classname":""},"product_brand":[],"product_cat":[47],"product_tag":[],"class_list":{"0":"post-3922","1":"product","2":"type-product","3":"status-publish","4":"has-post-thumbnail","6":"product_cat-lentils","8":"first","9":"instock","10":"shipping-taxable","11":"purchasable","12":"product-type-simple","13":"entry","14":"content-bg","15":"loop-entry"},"taxonomy_info":{"product_cat":[{"value":47,"label":"Lentils"}]},"featured_image_src_large":["https:\/\/sultanspices.es\/wp-content\/uploads\/2024\/02\/ProductsPIX-52-1024x1024.png",1024,1024,true],"author_info":[],"comment_info":0,"jetpack_sharing_enabled":true,"_links":{"self":[{"href":"https:\/\/sultanspices.es\/pt\/wp-json\/wp\/v2\/product\/3922","targetHints":{"allow":["GET"]}}],"collection":[{"href":"https:\/\/sultanspices.es\/pt\/wp-json\/wp\/v2\/product"}],"about":[{"href":"https:\/\/sultanspices.es\/pt\/wp-json\/wp\/v2\/types\/product"}],"replies":[{"embeddable":true,"href":"https:\/\/sultanspices.es\/pt\/wp-json\/wp\/v2\/comments?post=3922"}],"wp:featuredmedia":[{"embeddable":true,"href":"https:\/\/sultanspices.es\/pt\/wp-json\/wp\/v2\/media\/4083"}],"wp:attachment":[{"href":"https:\/\/sultanspices.es\/pt\/wp-json\/wp\/v2\/media?parent=3922"}],"wp:term":[{"taxonomy":"product_brand","embeddable":true,"href":"https:\/\/sultanspices.es\/pt\/wp-json\/wp\/v2\/product_brand?post=3922"},{"taxonomy":"product_cat","embeddable":true,"href":"https:\/\/sultanspices.es\/pt\/wp-json\/wp\/v2\/product_cat?post=3922"},{"taxonomy":"product_tag","embeddable":true,"href":"https:\/\/sultanspices.es\/pt\/wp-json\/wp\/v2\/product_tag?post=3922"}],"curies":[{"name":"wp","href":"https:\/\/api.w.org\/{rel}","templated":true}]}}