{"id":3919,"date":"2024-02-12T09:11:28","date_gmt":"2024-02-12T08:11:28","guid":{"rendered":"https:\/\/sultanspices.es\/ac-orujo-oliva-alianza-gfa-5l\/"},"modified":"2026-04-08T10:23:18","modified_gmt":"2026-04-08T08:23:18","slug":"ac-orujo-oliva-alianza-gfa-5l","status":"publish","type":"product","link":"https:\/\/sultanspices.es\/pt\/produto\/ac-orujo-oliva-alianza-gfa-5l\/","title":{"rendered":"AC ORUJO OLIVA ALIANZA GFA 5L"},"content":{"rendered":"<div class=\"flex-1 overflow-hidden\">\n<div class=\"react-scroll-to-bottom--css-hxuqx-79elbk h-full\">\n<div class=\"react-scroll-to-bottom--css-hxuqx-1n7m0yu\">\n<div class=\"flex flex-col pb-9 text-sm\">\n<div class=\"w-full text-token-text-primary\" data-testid=\"conversation-turn-113\">\n<div class=\"px-4 py-2 justify-center text-base md:gap-6 m-auto\">\n<div class=\"flex flex-1 text-base mx-auto gap-3 md:px-5 lg:px-1 xl:px-5 md:max-w-3xl lg:max-w-[40rem] xl:max-w-[48rem] group final-completion\">\n<div class=\"relative flex w-full flex-col agent-turn\">\n<div class=\"flex-col gap-1 md:gap-3\">\n<div class=\"flex flex-grow flex-col max-w-full\">\n<div class=\"min-h-[20px] text-message flex flex-col items-start gap-3 whitespace-pre-wrap break-words [.text-message+&amp;]:mt-5 overflow-x-auto\" data-message-author-role=\"assistant\" data-message-id=\"15f676ee-07a3-48b1-a8cd-209bf51a48db\">\n<div class=\"markdown prose w-full break-words dark:prose-invert dark\">\n<p>Eleve a sua experi\u00eancia culin\u00e1ria com o Azeite Virgem Extra Alianza GFA 5L, dispon\u00edvel no Sultan Spices &amp; Supermarket. Este azeite de Orujo de qualidade superior, proveniente da famosa Alianza GFA, oferece um sabor e uma versatilidade excepcionais para todas as suas necessidades culin\u00e1rias.<\/p>\n<p>O Azeite Virgem Extra Alianza GFA \u00e9 meticulosamente elaborado a partir de azeitonas cuidadosamente seleccionadas, prensadas a frio para preservar o seu aroma natural e os seus benef\u00edcios nutricionais. Com o seu perfil de sabor rico e frutado, este azeite \u00e9 perfeito para regar saladas, molhar com p\u00e3o, saltear legumes ou real\u00e7ar o sabor de carnes grelhadas.<\/p>\n<p>Experimente a qualidade e o sabor superiores do Azeite Virgem Extra Alianza GFA 5L. O seu generoso tamanho de 5 litros garante-lhe um amplo abastecimento para todas as suas aventuras culin\u00e1rias, quer esteja a cozinhar para a sua fam\u00edlia ou a receber convidados.<\/p>\n<p>Eleve os seus cozinhados com o sabor premium do Azeite Virgem Extra Alianza GFA 5L, agora dispon\u00edvel no Sultan Spices &amp; Supermarket. Traga os sabores aut\u00eanticos do Mediterr\u00e2neo para a sua cozinha e saboreie a riqueza deste requintado Azeite de Orujo em cada prato.<\/p>\n<\/div>\n<\/div>\n<\/div>\n<\/div>\n<\/div>\n<\/div>\n<\/div>\n<\/div>\n<\/div>\n<\/div>\n<\/div>\n<\/div>","protected":false},"excerpt":{"rendered":"<p>Eleve a sua experi\u00eancia culin\u00e1ria com o Azeite Virgem Extra Alianza GFA 5L, dispon\u00edvel no Sultan Spices &amp; Supermarket. Este azeite de Orujo de qualidade superior, proveniente da famosa Alianza GFA, oferece um sabor e uma versatilidade excepcionais para todas as suas necessidades culin\u00e1rias. O Azeite Virgem Extra Alianza GFA \u00e9 meticulosamente elaborado a partir de azeitonas cuidadosamente seleccionadas, prensadas a frio para...<\/p>","protected":false},"featured_media":4085,"comment_status":"open","ping_status":"closed","template":"","meta":{"_kad_blocks_custom_css":"","_kad_blocks_head_custom_js":"","_kad_blocks_body_custom_js":"","_kad_blocks_footer_custom_js":"","_kadence_starter_templates_imported_post":false,"_kad_post_transparent":"default","_kad_post_title":"","_kad_post_layout":"default","_kad_post_sidebar_id":"","_kad_post_content_style":"default","_kad_post_vertical_padding":"default","_kad_post_feature":"","_kad_post_feature_position":"","_kad_post_header":false,"_kad_post_footer":false,"_kad_post_classname":""},"product_brand":[],"product_cat":[62],"product_tag":[],"class_list":{"0":"post-3919","1":"product","2":"type-product","3":"status-publish","4":"has-post-thumbnail","6":"product_cat-oils","8":"first","9":"instock","10":"shipping-taxable","11":"purchasable","12":"product-type-simple","13":"entry","14":"content-bg","15":"loop-entry"},"taxonomy_info":{"product_cat":[{"value":62,"label":"Oils"}]},"featured_image_src_large":["https:\/\/sultanspices.es\/wp-content\/uploads\/2024\/02\/ProductsPIX-53-1024x1024.png",1024,1024,true],"author_info":[],"comment_info":1,"jetpack_sharing_enabled":true,"_links":{"self":[{"href":"https:\/\/sultanspices.es\/pt\/wp-json\/wp\/v2\/product\/3919","targetHints":{"allow":["GET"]}}],"collection":[{"href":"https:\/\/sultanspices.es\/pt\/wp-json\/wp\/v2\/product"}],"about":[{"href":"https:\/\/sultanspices.es\/pt\/wp-json\/wp\/v2\/types\/product"}],"replies":[{"embeddable":true,"href":"https:\/\/sultanspices.es\/pt\/wp-json\/wp\/v2\/comments?post=3919"}],"wp:featuredmedia":[{"embeddable":true,"href":"https:\/\/sultanspices.es\/pt\/wp-json\/wp\/v2\/media\/4085"}],"wp:attachment":[{"href":"https:\/\/sultanspices.es\/pt\/wp-json\/wp\/v2\/media?parent=3919"}],"wp:term":[{"taxonomy":"product_brand","embeddable":true,"href":"https:\/\/sultanspices.es\/pt\/wp-json\/wp\/v2\/product_brand?post=3919"},{"taxonomy":"product_cat","embeddable":true,"href":"https:\/\/sultanspices.es\/pt\/wp-json\/wp\/v2\/product_cat?post=3919"},{"taxonomy":"product_tag","embeddable":true,"href":"https:\/\/sultanspices.es\/pt\/wp-json\/wp\/v2\/product_tag?post=3919"}],"curies":[{"name":"wp","href":"https:\/\/api.w.org\/{rel}","templated":true}]}}