{"id":3753,"date":"2023-11-25T16:07:32","date_gmt":"2023-11-25T15:07:32","guid":{"rendered":"https:\/\/sultanspices.es\/mdh-anardana-pwd-100g\/"},"modified":"2026-02-23T12:40:54","modified_gmt":"2026-02-23T11:40:54","slug":"mdh-anardana-pwd-100g","status":"publish","type":"product","link":"https:\/\/sultanspices.es\/pt\/produto\/mdh-anardana-pwd-100g\/","title":{"rendered":"MDH ANARDANA PWD 100G"},"content":{"rendered":"<div class=\"flex-1 overflow-hidden\">\n<div class=\"react-scroll-to-bottom--css-wseun-79elbk h-full\">\n<div class=\"react-scroll-to-bottom--css-wseun-1n7m0yu\">\n<div class=\"flex flex-col text-sm pb-9\">\n<div class=\"w-full text-token-text-primary\" dir=\"auto\" data-testid=\"conversation-turn-657\">\n<div class=\"px-4 py-2 justify-center text-base md:gap-6 m-auto\">\n<div class=\"flex flex-1 text-base mx-auto gap-3 juice:gap-4 juice:md:gap-6 md:px-5 lg:px-1 xl:px-5 md:max-w-3xl lg:max-w-[40rem] xl:max-w-[48rem] group final-completion\">\n<div class=\"relative flex w-full flex-col agent-turn\">\n<div class=\"flex-col gap-1 md:gap-3\">\n<div class=\"flex flex-grow flex-col max-w-full\">\n<div class=\"min-h-[20px] text-message flex flex-col items-start gap-3 whitespace-pre-wrap break-words [.text-message+&amp;]:mt-5 overflow-x-auto\" dir=\"auto\" data-message-author-role=\"assistant\" data-message-id=\"7cc9f3d3-0b1d-482a-a39a-60e56c4d4152\">\n<div class=\"markdown prose w-full break-words dark:prose-invert dark\">\n<p>Eleve as suas cria\u00e7\u00f5es culin\u00e1rias com MDH Anardana Powder 100g, agora dispon\u00edvel no Sultan Spices &amp; Supermarket. Feito a partir de sementes de rom\u00e3 secas de qualidade superior, este p\u00f3 acrescenta um sabor picante e ligeiramente doce aos seus pratos, real\u00e7ando o seu sabor e aroma.<\/p>\n<p>O MDH Anardana em p\u00f3 \u00e9 perfeito para temperar v\u00e1rios pratos indianos, incluindo caris, chutneys, saladas e marinadas. A sua natureza vers\u00e1til permite-lhe experimentar diferentes cozinhas e criar sabores deliciosos que ir\u00e3o impressionar a sua fam\u00edlia e convidados.<\/p>\n<p>Experimente a conveni\u00eancia e o sabor da MDH Anardana em p\u00f3 100g, agora no Sultan Spices &amp; Supermarket. Melhore os seus cozinhados com o sabor aut\u00eantico das especiarias indianas e leve os seus pratos a novos patamares de del\u00edcias.<\/p>\n<\/div>\n<\/div>\n<\/div>\n<\/div>\n<\/div>\n<\/div>\n<\/div>\n<\/div>\n<\/div>\n<\/div>\n<\/div>\n<\/div>","protected":false},"excerpt":{"rendered":"<p>Eleve as suas cria\u00e7\u00f5es culin\u00e1rias com MDH Anardana Powder 100g, agora dispon\u00edvel no Sultan Spices &amp; Supermarket. Feito a partir de sementes de rom\u00e3 secas de qualidade superior, este p\u00f3 acrescenta um sabor picante e ligeiramente doce aos seus pratos, real\u00e7ando o seu sabor e aroma. MDH Anardana em p\u00f3 \u00e9 perfeito para temperar v\u00e1rios pratos indianos, incluindo caril, chutneys, saladas e...<\/p>","protected":false},"featured_media":4526,"comment_status":"open","ping_status":"closed","template":"","meta":{"_kad_blocks_custom_css":"","_kad_blocks_head_custom_js":"","_kad_blocks_body_custom_js":"","_kad_blocks_footer_custom_js":"","_kadence_starter_templates_imported_post":false,"_kad_post_transparent":"default","_kad_post_title":"","_kad_post_layout":"default","_kad_post_sidebar_id":"","_kad_post_content_style":"default","_kad_post_vertical_padding":"default","_kad_post_feature":"","_kad_post_feature_position":"","_kad_post_header":false,"_kad_post_footer":false,"_kad_post_classname":""},"product_brand":[],"product_cat":[50],"product_tag":[],"class_list":{"0":"post-3753","1":"product","2":"type-product","3":"status-publish","4":"has-post-thumbnail","6":"product_cat-spices","8":"first","9":"instock","10":"shipping-taxable","11":"purchasable","12":"product-type-simple","13":"entry","14":"content-bg","15":"loop-entry"},"taxonomy_info":{"product_cat":[{"value":50,"label":"Spices"}]},"featured_image_src_large":["https:\/\/sultanspices.es\/wp-content\/uploads\/2023\/11\/ProductsPIX-67-1024x1024.png",1024,1024,true],"author_info":[],"comment_info":0,"jetpack_sharing_enabled":true,"_links":{"self":[{"href":"https:\/\/sultanspices.es\/pt\/wp-json\/wp\/v2\/product\/3753","targetHints":{"allow":["GET"]}}],"collection":[{"href":"https:\/\/sultanspices.es\/pt\/wp-json\/wp\/v2\/product"}],"about":[{"href":"https:\/\/sultanspices.es\/pt\/wp-json\/wp\/v2\/types\/product"}],"replies":[{"embeddable":true,"href":"https:\/\/sultanspices.es\/pt\/wp-json\/wp\/v2\/comments?post=3753"}],"wp:featuredmedia":[{"embeddable":true,"href":"https:\/\/sultanspices.es\/pt\/wp-json\/wp\/v2\/media\/4526"}],"wp:attachment":[{"href":"https:\/\/sultanspices.es\/pt\/wp-json\/wp\/v2\/media?parent=3753"}],"wp:term":[{"taxonomy":"product_brand","embeddable":true,"href":"https:\/\/sultanspices.es\/pt\/wp-json\/wp\/v2\/product_brand?post=3753"},{"taxonomy":"product_cat","embeddable":true,"href":"https:\/\/sultanspices.es\/pt\/wp-json\/wp\/v2\/product_cat?post=3753"},{"taxonomy":"product_tag","embeddable":true,"href":"https:\/\/sultanspices.es\/pt\/wp-json\/wp\/v2\/product_tag?post=3753"}],"curies":[{"name":"wp","href":"https:\/\/api.w.org\/{rel}","templated":true}]}}