{"id":3750,"date":"2023-11-25T16:07:27","date_gmt":"2023-11-25T15:07:27","guid":{"rendered":"https:\/\/sultanspices.es\/kheer-mix-ahmed-pista-160g\/"},"modified":"2026-03-31T18:37:42","modified_gmt":"2026-03-31T16:37:42","slug":"kheer-mix-ahmed-pista-160g","status":"publish","type":"product","link":"https:\/\/sultanspices.es\/pt\/produto\/kheer-mix-ahmed-pista-160g\/","title":{"rendered":"MISTURA PARA KHEER AHMED PISTA 160G"},"content":{"rendered":"<div class=\"flex-1 overflow-hidden\">\n<div class=\"react-scroll-to-bottom--css-qbbne-79elbk h-full\">\n<div class=\"react-scroll-to-bottom--css-qbbne-1n7m0yu\">\n<div class=\"flex flex-col pb-9 text-sm\">\n<div class=\"w-full text-token-text-primary\" data-testid=\"conversation-turn-63\">\n<div class=\"px-4 py-2 justify-center text-base md:gap-6 m-auto\">\n<div class=\"flex flex-1 text-base mx-auto gap-3 md:px-5 lg:px-1 xl:px-5 md:max-w-3xl lg:max-w-[40rem] xl:max-w-[48rem] group final-completion\">\n<div class=\"relative flex w-full flex-col lg:w-[calc(100%-115px)] agent-turn\">\n<div class=\"flex-col gap-1 md:gap-3\">\n<div class=\"flex flex-grow flex-col max-w-full\">\n<div class=\"min-h-[20px] text-message flex flex-col items-start gap-3 whitespace-pre-wrap break-words [.text-message+&amp;]:mt-5 overflow-x-auto\" data-message-author-role=\"assistant\" data-message-id=\"57a5e315-f155-42d4-b9ea-4394fa0338b7\">\n<div class=\"markdown prose w-full break-words dark:prose-invert dark\">\n<p>Delicie-se com o sabor rico e cremoso do Ahmed Pista Kheer Mix 160g, agora dispon\u00edvel no Sultan Spices &amp; Supermarket. Esta mistura de sobremesa de primeira qualidade oferece uma forma conveniente de preparar o tradicional kheer indiano infundido com o delicioso sabor dos pist\u00e1cios.<\/p>\n<p>A mistura Ahmed Pista Kheer \u00e9 habilmente elaborada a partir de uma mistura de ingredientes finos, incluindo arroz, s\u00f3lidos de leite e especiarias arom\u00e1ticas, criando uma textura aveludada e suave e um aroma celestial. Real\u00e7ada com a ess\u00eancia de pist\u00e1cios, esta mistura de kheer proporciona uma experi\u00eancia de sobremesa luxuosa e indulgente.<\/p>\n<p>A prepara\u00e7\u00e3o do Ahmed Pista Kheer \u00e9 r\u00e1pida e f\u00e1cil. Basta seguir as instru\u00e7\u00f5es da embalagem, adicionar a quantidade desejada de a\u00e7\u00facar e deixar a mistura ferver at\u00e9 \u00e0 perfei\u00e7\u00e3o. Quer seja servida quente ou fria, esta deliciosa sobremesa vai certamente impressionar o seu paladar.<\/p>\n<p>Experimente a riqueza do Ahmed Pista Kheer Mix 160g, dispon\u00edvel agora no Sultan Spices &amp; Supermarket, a sua fonte online de confian\u00e7a para aut\u00eanticas misturas de sobremesas indianas em Espanha. Ofere\u00e7a a si e aos seus entes queridos um sabor de luxo com cada colherada deste delicioso kheer com sabor a pist\u00e1cio.<\/p>\n<\/div>\n<\/div>\n<\/div>\n<\/div>\n<\/div>\n<\/div>\n<\/div>\n<\/div>\n<\/div>\n<\/div>\n<\/div>\n<\/div>","protected":false},"excerpt":{"rendered":"<p>Delicie-se com o sabor rico e cremoso do Ahmed Pista Kheer Mix 160g, agora dispon\u00edvel no Sultan Spices &amp; Supermarket. Esta mistura de sobremesa premium oferece uma forma conveniente de preparar o tradicional kheer indiano infundido com o delicioso sabor dos pist\u00e1cios. O Ahmed Pista Kheer Mix \u00e9 habilmente elaborado a partir de uma mistura de ingredientes finos, incluindo arroz,...<\/p>","protected":false},"featured_media":4037,"comment_status":"open","ping_status":"closed","template":"","meta":{"_kad_blocks_custom_css":"","_kad_blocks_head_custom_js":"","_kad_blocks_body_custom_js":"","_kad_blocks_footer_custom_js":"","_kadence_starter_templates_imported_post":false,"_kad_post_transparent":"default","_kad_post_title":"","_kad_post_layout":"default","_kad_post_sidebar_id":"","_kad_post_content_style":"default","_kad_post_vertical_padding":"default","_kad_post_feature":"","_kad_post_feature_position":"","_kad_post_header":false,"_kad_post_footer":false,"_kad_post_classname":""},"product_brand":[],"product_cat":[48],"product_tag":[],"class_list":{"0":"post-3750","1":"product","2":"type-product","3":"status-publish","4":"has-post-thumbnail","6":"product_cat-dessert-mixes-for-indian-sweets","8":"first","9":"instock","10":"shipping-taxable","11":"purchasable","12":"product-type-simple","13":"entry","14":"content-bg","15":"loop-entry"},"taxonomy_info":{"product_cat":[{"value":48,"label":"Dessert Mixes for Indian Sweets"}]},"featured_image_src_large":["https:\/\/sultanspices.es\/wp-content\/uploads\/2023\/11\/ProductsPIX-28-1024x1024.png",1024,1024,true],"author_info":[],"comment_info":1,"jetpack_sharing_enabled":true,"_links":{"self":[{"href":"https:\/\/sultanspices.es\/pt\/wp-json\/wp\/v2\/product\/3750","targetHints":{"allow":["GET"]}}],"collection":[{"href":"https:\/\/sultanspices.es\/pt\/wp-json\/wp\/v2\/product"}],"about":[{"href":"https:\/\/sultanspices.es\/pt\/wp-json\/wp\/v2\/types\/product"}],"replies":[{"embeddable":true,"href":"https:\/\/sultanspices.es\/pt\/wp-json\/wp\/v2\/comments?post=3750"}],"wp:featuredmedia":[{"embeddable":true,"href":"https:\/\/sultanspices.es\/pt\/wp-json\/wp\/v2\/media\/4037"}],"wp:attachment":[{"href":"https:\/\/sultanspices.es\/pt\/wp-json\/wp\/v2\/media?parent=3750"}],"wp:term":[{"taxonomy":"product_brand","embeddable":true,"href":"https:\/\/sultanspices.es\/pt\/wp-json\/wp\/v2\/product_brand?post=3750"},{"taxonomy":"product_cat","embeddable":true,"href":"https:\/\/sultanspices.es\/pt\/wp-json\/wp\/v2\/product_cat?post=3750"},{"taxonomy":"product_tag","embeddable":true,"href":"https:\/\/sultanspices.es\/pt\/wp-json\/wp\/v2\/product_tag?post=3750"}],"curies":[{"name":"wp","href":"https:\/\/api.w.org\/{rel}","templated":true}]}}