{"id":3748,"date":"2023-11-25T16:07:25","date_gmt":"2023-11-25T15:07:25","guid":{"rendered":"https:\/\/sultanspices.es\/isabgolpsyllium-husk-telephone-200g\/"},"modified":"2026-04-15T10:32:46","modified_gmt":"2026-04-15T08:32:46","slug":"isabgolpsyllium-husk-telephone-200g","status":"publish","type":"product","link":"https:\/\/sultanspices.es\/pt\/produto\/isabgolpsyllium-husk-telefone-200g\/","title":{"rendered":"ISABGOL(PSYLLIUM HUSK) TELEFONE 200G"},"content":{"rendered":"<div class=\"flex-1 overflow-hidden\">\n<div class=\"react-scroll-to-bottom--css-wseun-79elbk h-full\">\n<div class=\"react-scroll-to-bottom--css-wseun-1n7m0yu\">\n<div class=\"flex flex-col text-sm pb-9\">\n<div class=\"w-full text-token-text-primary\" dir=\"auto\" data-testid=\"conversation-turn-669\">\n<div class=\"px-4 py-2 justify-center text-base md:gap-6 m-auto\">\n<div class=\"flex flex-1 text-base mx-auto gap-3 juice:gap-4 juice:md:gap-6 md:px-5 lg:px-1 xl:px-5 md:max-w-3xl lg:max-w-[40rem] xl:max-w-[48rem] group final-completion\">\n<div class=\"relative flex w-full flex-col agent-turn\">\n<div class=\"flex-col gap-1 md:gap-3\">\n<div class=\"flex flex-grow flex-col max-w-full\">\n<div class=\"min-h-[20px] text-message flex flex-col items-start gap-3 whitespace-pre-wrap break-words [.text-message+&amp;]:mt-5 overflow-x-auto\" dir=\"auto\" data-message-author-role=\"assistant\" data-message-id=\"78579f2a-22f0-4f6f-b8ed-ceb7a9f271b6\">\n<div class=\"markdown prose w-full break-words dark:prose-invert dark\">\n<p>Experimente os benef\u00edcios para a sa\u00fade de Isabgol (Psyllium Husk) Telephone com esta embalagem de 200g, agora dispon\u00edvel no Sultan Spices &amp; Supermarket. O Isabgol \u00e9 conhecido pelas suas propriedades laxantes naturais e \u00e9 normalmente utilizado para promover a sa\u00fade digestiva.<\/p>\n<p>Rico em fibras, o Isabgol ajuda a regular os movimentos intestinais e a aliviar a obstipa\u00e7\u00e3o. Tamb\u00e9m pode ajudar no controlo do peso, promovendo uma sensa\u00e7\u00e3o de saciedade e reduzindo o apetite. Al\u00e9m disso, o Isabgol pode ajudar a reduzir os n\u00edveis de colesterol e melhorar a sa\u00fade do cora\u00e7\u00e3o.<\/p>\n<p>Adicione Isabgol \u00e0 sua rotina di\u00e1ria, misturando-o com \u00e1gua, sumo ou iogurte para uma forma conveniente e eficaz de apoiar o seu sistema digestivo. Abaste\u00e7a-se de Isabgol (Psyllium Husk) Telephone no Sultan Spices &amp; Supermarket e d\u00ea um passo em dire\u00e7\u00e3o a uma melhor sa\u00fade digestiva hoje mesmo!<\/p>\n<\/div>\n<\/div>\n<\/div>\n<\/div>\n<\/div>\n<\/div>\n<\/div>\n<\/div>\n<\/div>\n<\/div>\n<\/div>\n<\/div>","protected":false},"excerpt":{"rendered":"<p>Experimente os benef\u00edcios para a sa\u00fade de Isabgol (Psyllium Husk) Telephone com esta embalagem de 200g, agora dispon\u00edvel no Sultan Spices &amp; Supermarket. O Isabgol \u00e9 conhecido pelas suas propriedades laxantes naturais e \u00e9 normalmente utilizado para promover a sa\u00fade digestiva. Rico em fibras, o Isabgol ajuda a regular os movimentos intestinais e a aliviar a obstipa\u00e7\u00e3o. Tamb\u00e9m pode ajudar no controlo do peso...<\/p>","protected":false},"featured_media":4533,"comment_status":"open","ping_status":"closed","template":"","meta":{"_kad_blocks_custom_css":"","_kad_blocks_head_custom_js":"","_kad_blocks_body_custom_js":"","_kad_blocks_footer_custom_js":"","_kadence_starter_templates_imported_post":false,"_kad_post_transparent":"default","_kad_post_title":"","_kad_post_layout":"default","_kad_post_sidebar_id":"","_kad_post_content_style":"default","_kad_post_vertical_padding":"default","_kad_post_feature":"","_kad_post_feature_position":"","_kad_post_header":false,"_kad_post_footer":false,"_kad_post_classname":""},"product_brand":[],"product_cat":[50],"product_tag":[],"class_list":{"0":"post-3748","1":"product","2":"type-product","3":"status-publish","4":"has-post-thumbnail","6":"product_cat-spices","8":"first","9":"instock","10":"shipping-taxable","11":"purchasable","12":"product-type-simple","13":"entry","14":"content-bg","15":"loop-entry"},"taxonomy_info":{"product_cat":[{"value":50,"label":"Spices"}]},"featured_image_src_large":["https:\/\/sultanspices.es\/wp-content\/uploads\/2023\/11\/ProductsPIX-72-1024x1024.png",1024,1024,true],"author_info":[],"comment_info":1,"jetpack_sharing_enabled":true,"_links":{"self":[{"href":"https:\/\/sultanspices.es\/pt\/wp-json\/wp\/v2\/product\/3748","targetHints":{"allow":["GET"]}}],"collection":[{"href":"https:\/\/sultanspices.es\/pt\/wp-json\/wp\/v2\/product"}],"about":[{"href":"https:\/\/sultanspices.es\/pt\/wp-json\/wp\/v2\/types\/product"}],"replies":[{"embeddable":true,"href":"https:\/\/sultanspices.es\/pt\/wp-json\/wp\/v2\/comments?post=3748"}],"wp:featuredmedia":[{"embeddable":true,"href":"https:\/\/sultanspices.es\/pt\/wp-json\/wp\/v2\/media\/4533"}],"wp:attachment":[{"href":"https:\/\/sultanspices.es\/pt\/wp-json\/wp\/v2\/media?parent=3748"}],"wp:term":[{"taxonomy":"product_brand","embeddable":true,"href":"https:\/\/sultanspices.es\/pt\/wp-json\/wp\/v2\/product_brand?post=3748"},{"taxonomy":"product_cat","embeddable":true,"href":"https:\/\/sultanspices.es\/pt\/wp-json\/wp\/v2\/product_cat?post=3748"},{"taxonomy":"product_tag","embeddable":true,"href":"https:\/\/sultanspices.es\/pt\/wp-json\/wp\/v2\/product_tag?post=3748"}],"curies":[{"name":"wp","href":"https:\/\/api.w.org\/{rel}","templated":true}]}}