{"id":3745,"date":"2023-11-25T16:07:21","date_gmt":"2023-11-25T15:07:21","guid":{"rendered":"https:\/\/sultanspices.es\/gulkandrose-petal-pachranga-500g\/"},"modified":"2026-02-23T12:40:47","modified_gmt":"2026-02-23T11:40:47","slug":"gulkandrose-petal-pachranga-500g","status":"publish","type":"product","link":"https:\/\/sultanspices.es\/pt\/produto\/gulkandrose-petal-pachranga-500g\/","title":{"rendered":"GULKAND (P\u00c9TALA DE ROSA) PACHRANGA 500G"},"content":{"rendered":"<div class=\"flex-1 overflow-hidden\">\n<div class=\"react-scroll-to-bottom--css-wseun-79elbk h-full\">\n<div class=\"react-scroll-to-bottom--css-wseun-1n7m0yu\">\n<div class=\"flex flex-col text-sm pb-9\">\n<div class=\"w-full text-token-text-primary\" dir=\"auto\" data-testid=\"conversation-turn-673\">\n<div class=\"px-4 py-2 justify-center text-base md:gap-6 m-auto\">\n<div class=\"flex flex-1 text-base mx-auto gap-3 juice:gap-4 juice:md:gap-6 md:px-5 lg:px-1 xl:px-5 md:max-w-3xl lg:max-w-[40rem] xl:max-w-[48rem] group final-completion\">\n<div class=\"relative flex w-full flex-col agent-turn\">\n<div class=\"flex-col gap-1 md:gap-3\">\n<div class=\"flex flex-grow flex-col max-w-full\">\n<div class=\"min-h-[20px] text-message flex flex-col items-start gap-3 whitespace-pre-wrap break-words [.text-message+&amp;]:mt-5 overflow-x-auto\" dir=\"auto\" data-message-author-role=\"assistant\" data-message-id=\"a9f492b9-0ac9-455e-a074-68d0e20d2548\">\n<div class=\"markdown prose w-full break-words dark:prose-invert dark\">\n<p>Delicie-se com os sabores doces e arom\u00e1ticos do Gulkand (p\u00e9tala de rosa) da Pachranga, agora dispon\u00edvel no Sultan Spices &amp; Supermarket. Feita a partir de p\u00e9talas de rosa cuidadosamente selecionadas, esta iguaria requintada \u00e9 um deleite apreciado com uma mir\u00edade de utiliza\u00e7\u00f5es.<\/p>\n<p>O Gulkand da Pachranga \u00e9 conhecido pela sua deliciosa mistura de p\u00e9talas de rosa, a\u00e7\u00facar e especiarias arom\u00e1ticas, criando um sabor \u00fanico e irresist\u00edvel que \u00e9 simultaneamente doce e floral. Desfrute-o sozinho como uma deliciosa sobremesa ou utilize-o como um ingrediente vers\u00e1til numa variedade de receitas, incluindo doces, bebidas e sobremesas.<\/p>\n<p>Rico em fragr\u00e2ncia e sabor naturais, o Gulkand \u00e9 tamb\u00e9m apreciado pelos seus potenciais benef\u00edcios para a sa\u00fade. Acredita-se que tem propriedades refrescantes e \u00e9 frequentemente utilizado na medicina tradicional ayurv\u00e9dica para promover a sa\u00fade digestiva e melhorar o bem-estar geral.<\/p>\n<p>Experimente o sabor inigual\u00e1vel e a versatilidade do Gulkand da Pachranga, adicionando-o hoje \u00e0 sua despensa. Quer esteja a desejar uma indulg\u00eancia doce ou a procurar elevar as suas cria\u00e7\u00f5es culin\u00e1rias, este Gulkand de primeira qualidade ir\u00e1 certamente deliciar os seus sentidos. Adquira j\u00e1 a sua embalagem no Sultan Spices &amp; Supermarket e saboreie a ess\u00eancia das p\u00e9talas de rosa em cada dentada.<\/p>\n<\/div>\n<\/div>\n<\/div>\n<\/div>\n<\/div>\n<\/div>\n<\/div>\n<\/div>\n<\/div>\n<\/div>\n<\/div>\n<\/div>","protected":false},"excerpt":{"rendered":"<p>Delicie-se com os sabores doces e arom\u00e1ticos do Gulkand (p\u00e9tala de rosa) da Pachranga, agora dispon\u00edvel no Sultan Spices &amp; Supermarket. Feita a partir de p\u00e9talas de rosa cuidadosamente seleccionadas, esta iguaria requintada \u00e9 um deleite apreciado com uma mir\u00edade de utiliza\u00e7\u00f5es. O Pachranga's Gulkand \u00e9 conhecido pela sua deliciosa mistura de p\u00e9talas de rosa, a\u00e7\u00facar e especiarias arom\u00e1ticas, criando uma...<\/p>","protected":false},"featured_media":4536,"comment_status":"open","ping_status":"closed","template":"","meta":{"_kad_blocks_custom_css":"","_kad_blocks_head_custom_js":"","_kad_blocks_body_custom_js":"","_kad_blocks_footer_custom_js":"","_kadence_starter_templates_imported_post":false,"_kad_post_transparent":"default","_kad_post_title":"","_kad_post_layout":"default","_kad_post_sidebar_id":"","_kad_post_content_style":"default","_kad_post_vertical_padding":"default","_kad_post_feature":"","_kad_post_feature_position":"","_kad_post_header":false,"_kad_post_footer":false,"_kad_post_classname":""},"product_brand":[],"product_cat":[55],"product_tag":[],"class_list":{"0":"post-3745","1":"product","2":"type-product","3":"status-publish","4":"has-post-thumbnail","6":"product_cat-pastes","8":"first","9":"instock","10":"shipping-taxable","11":"purchasable","12":"product-type-simple","13":"entry","14":"content-bg","15":"loop-entry"},"taxonomy_info":{"product_cat":[{"value":55,"label":"Pastes, Pickles &amp; Sauces"}]},"featured_image_src_large":["https:\/\/sultanspices.es\/wp-content\/uploads\/2023\/11\/ProductsPIX-74-1024x1024.png",1024,1024,true],"author_info":[],"comment_info":0,"jetpack_sharing_enabled":true,"_links":{"self":[{"href":"https:\/\/sultanspices.es\/pt\/wp-json\/wp\/v2\/product\/3745","targetHints":{"allow":["GET"]}}],"collection":[{"href":"https:\/\/sultanspices.es\/pt\/wp-json\/wp\/v2\/product"}],"about":[{"href":"https:\/\/sultanspices.es\/pt\/wp-json\/wp\/v2\/types\/product"}],"replies":[{"embeddable":true,"href":"https:\/\/sultanspices.es\/pt\/wp-json\/wp\/v2\/comments?post=3745"}],"wp:featuredmedia":[{"embeddable":true,"href":"https:\/\/sultanspices.es\/pt\/wp-json\/wp\/v2\/media\/4536"}],"wp:attachment":[{"href":"https:\/\/sultanspices.es\/pt\/wp-json\/wp\/v2\/media?parent=3745"}],"wp:term":[{"taxonomy":"product_brand","embeddable":true,"href":"https:\/\/sultanspices.es\/pt\/wp-json\/wp\/v2\/product_brand?post=3745"},{"taxonomy":"product_cat","embeddable":true,"href":"https:\/\/sultanspices.es\/pt\/wp-json\/wp\/v2\/product_cat?post=3745"},{"taxonomy":"product_tag","embeddable":true,"href":"https:\/\/sultanspices.es\/pt\/wp-json\/wp\/v2\/product_tag?post=3745"}],"curies":[{"name":"wp","href":"https:\/\/api.w.org\/{rel}","templated":true}]}}