{"id":3740,"date":"2023-11-25T16:07:15","date_gmt":"2023-11-25T15:07:15","guid":{"rendered":"https:\/\/sultanspices.es\/dabur-chyawanprash-250g\/"},"modified":"2026-02-23T12:40:42","modified_gmt":"2026-02-23T11:40:42","slug":"dabur-chyawanprash-250g","status":"publish","type":"product","link":"https:\/\/sultanspices.es\/pt\/produto\/dabur-chyawanprash-250g\/","title":{"rendered":"DABUR CHYAWANPRASH 250G"},"content":{"rendered":"<div class=\"flex-1 overflow-hidden\">\n<div class=\"react-scroll-to-bottom--css-wseun-79elbk h-full\">\n<div class=\"react-scroll-to-bottom--css-wseun-1n7m0yu\">\n<div class=\"flex flex-col text-sm pb-9\">\n<div class=\"w-full text-token-text-primary\" dir=\"auto\" data-testid=\"conversation-turn-683\">\n<div class=\"px-4 py-2 justify-center text-base md:gap-6 m-auto\">\n<div class=\"flex flex-1 text-base mx-auto gap-3 juice:gap-4 juice:md:gap-6 md:px-5 lg:px-1 xl:px-5 md:max-w-3xl lg:max-w-[40rem] xl:max-w-[48rem] group final-completion\">\n<div class=\"relative flex w-full flex-col agent-turn\">\n<div class=\"flex-col gap-1 md:gap-3\">\n<div class=\"flex flex-grow flex-col max-w-full\">\n<div class=\"min-h-[20px] text-message flex flex-col items-start gap-3 whitespace-pre-wrap break-words [.text-message+&amp;]:mt-5 overflow-x-auto\" dir=\"auto\" data-message-author-role=\"assistant\" data-message-id=\"b33c0ed3-d147-486e-bb17-7d8cf9c4e00d\">\n<div class=\"markdown prose w-full break-words dark:prose-invert dark\">\n<p>Experimente a tradi\u00e7\u00e3o intemporal da Ayurveda com Dabur Chyawanprash 250g, agora dispon\u00edvel no Sultan Spices &amp; Supermarket. Elaborado a partir de uma mistura \u00fanica de mais de 40 ingredientes naturais, incluindo amla (groselha indiana), ervas e especiarias, este suplemento nutritivo \u00e0 base de plantas foi concebido para apoiar a sa\u00fade e o bem-estar geral.<\/p>\n<p>Dabur Chyawanprash \u00e9 rico em antioxidantes e nutrientes essenciais, o que o torna um complemento perfeito para a sua rotina di\u00e1ria. Quer pretenda refor\u00e7ar a sua imunidade, aumentar a vitalidade ou promover a sa\u00fade em geral, esta f\u00f3rmula deliciosa e nutritiva \u00e9 uma excelente escolha.<\/p>\n<p>Redescubra a sabedoria milenar da Ayurveda com Dabur Chyawanprash 250g. Basta saborear uma colherada diariamente, sozinha ou misturada com leite morno ou \u00e1gua, para experimentar os seus benef\u00edcios rejuvenescedores. Traga para casa o seu frasco de Dabur Chyawanprash hoje e abrace uma vida mais saud\u00e1vel e vibrante.<\/p>\n<\/div>\n<\/div>\n<\/div>\n<\/div>\n<\/div>\n<\/div>\n<\/div>\n<\/div>\n<\/div>\n<\/div>\n<\/div>\n<\/div>","protected":false},"excerpt":{"rendered":"<p>Experimente a tradi\u00e7\u00e3o intemporal da Ayurveda com Dabur Chyawanprash 250g, agora dispon\u00edvel no Sultan Spices &amp; Supermarket. Elaborado a partir de uma mistura \u00fanica de mais de 40 ingredientes naturais, incluindo amla (groselha indiana), ervas e especiarias, este suplemento nutritivo \u00e0 base de plantas foi concebido para apoiar a sa\u00fade e o bem-estar geral. Dabur Chyawanprash \u00e9 rico em antioxidantes e nutrientes essenciais,...<\/p>","protected":false},"featured_media":4544,"comment_status":"open","ping_status":"closed","template":"","meta":{"_kad_blocks_custom_css":"","_kad_blocks_head_custom_js":"","_kad_blocks_body_custom_js":"","_kad_blocks_footer_custom_js":"","_kadence_starter_templates_imported_post":false,"_kad_post_transparent":"default","_kad_post_title":"","_kad_post_layout":"default","_kad_post_sidebar_id":"","_kad_post_content_style":"default","_kad_post_vertical_padding":"default","_kad_post_feature":"","_kad_post_feature_position":"","_kad_post_header":false,"_kad_post_footer":false,"_kad_post_classname":""},"product_brand":[],"product_cat":[50,15],"product_tag":[],"class_list":{"0":"post-3740","1":"product","2":"type-product","3":"status-publish","4":"has-post-thumbnail","6":"product_cat-spices","7":"product_cat-indian-items","9":"first","10":"outofstock","11":"shipping-taxable","12":"purchasable","13":"product-type-simple","14":"entry","15":"content-bg","16":"loop-entry"},"taxonomy_info":{"product_cat":[{"value":50,"label":"Spices"},{"value":15,"label":"Other Indian Items"}]},"featured_image_src_large":["https:\/\/sultanspices.es\/wp-content\/uploads\/2023\/11\/ProductsPIX-79-1024x1024.png",1024,1024,true],"author_info":[],"comment_info":0,"jetpack_sharing_enabled":true,"_links":{"self":[{"href":"https:\/\/sultanspices.es\/pt\/wp-json\/wp\/v2\/product\/3740","targetHints":{"allow":["GET"]}}],"collection":[{"href":"https:\/\/sultanspices.es\/pt\/wp-json\/wp\/v2\/product"}],"about":[{"href":"https:\/\/sultanspices.es\/pt\/wp-json\/wp\/v2\/types\/product"}],"replies":[{"embeddable":true,"href":"https:\/\/sultanspices.es\/pt\/wp-json\/wp\/v2\/comments?post=3740"}],"wp:featuredmedia":[{"embeddable":true,"href":"https:\/\/sultanspices.es\/pt\/wp-json\/wp\/v2\/media\/4544"}],"wp:attachment":[{"href":"https:\/\/sultanspices.es\/pt\/wp-json\/wp\/v2\/media?parent=3740"}],"wp:term":[{"taxonomy":"product_brand","embeddable":true,"href":"https:\/\/sultanspices.es\/pt\/wp-json\/wp\/v2\/product_brand?post=3740"},{"taxonomy":"product_cat","embeddable":true,"href":"https:\/\/sultanspices.es\/pt\/wp-json\/wp\/v2\/product_cat?post=3740"},{"taxonomy":"product_tag","embeddable":true,"href":"https:\/\/sultanspices.es\/pt\/wp-json\/wp\/v2\/product_tag?post=3740"}],"curies":[{"name":"wp","href":"https:\/\/api.w.org\/{rel}","templated":true}]}}