{"id":3736,"date":"2023-11-25T16:07:11","date_gmt":"2023-11-25T15:07:11","guid":{"rendered":"https:\/\/sultanspices.es\/coconut-oil-ali-baba-250ml\/"},"modified":"2026-02-23T12:40:39","modified_gmt":"2026-02-23T11:40:39","slug":"coconut-oil-ali-baba-250ml","status":"publish","type":"product","link":"https:\/\/sultanspices.es\/pt\/produto\/oleo-de-coco-ali-baba-250ml\/","title":{"rendered":"\u00d3LEO DE COCO ALI BABA 250ML"},"content":{"rendered":"<div class=\"flex-1 overflow-hidden\">\n<div class=\"react-scroll-to-bottom--css-wseun-79elbk h-full\">\n<div class=\"react-scroll-to-bottom--css-wseun-1n7m0yu\">\n<div class=\"flex flex-col text-sm pb-9\">\n<div class=\"w-full text-token-text-primary\" dir=\"auto\" data-testid=\"conversation-turn-685\">\n<div class=\"px-4 py-2 justify-center text-base md:gap-6 m-auto\">\n<div class=\"flex flex-1 text-base mx-auto gap-3 juice:gap-4 juice:md:gap-6 md:px-5 lg:px-1 xl:px-5 md:max-w-3xl lg:max-w-[40rem] xl:max-w-[48rem] group final-completion\">\n<div class=\"relative flex w-full flex-col agent-turn\">\n<div class=\"flex-col gap-1 md:gap-3\">\n<div class=\"flex flex-grow flex-col max-w-full\">\n<div class=\"min-h-[20px] text-message flex flex-col items-start gap-3 whitespace-pre-wrap break-words [.text-message+&amp;]:mt-5 overflow-x-auto\" dir=\"auto\" data-message-author-role=\"assistant\" data-message-id=\"c675c1d9-8ac4-4e24-a25f-1120e4671b75\">\n<div class=\"markdown prose w-full break-words dark:prose-invert dark\">\n<p>Delicie-se com a bondade natural do \u00f3leo de coco Ali Baba 250ml, agora dispon\u00edvel no Sultan Spices &amp; Supermarket. Extra\u00eddo dos melhores cocos, este \u00f3leo puro e vers\u00e1til \u00e9 indispens\u00e1vel em qualquer cozinha e regime de beleza.<\/p>\n<p>O \u00f3leo de coco Ali Baba \u00e9 conhecido pelos seus in\u00fameros benef\u00edcios para a sa\u00fade e utiliza\u00e7\u00f5es. Quer esteja a cozinhar refei\u00e7\u00f5es deliciosas, a hidratar a sua pele ou a nutrir o seu cabelo, este \u00f3leo \u00e9 perfeito para todas as suas necessidades. Rico em triglic\u00e9ridos de cadeia m\u00e9dia (MCTs) e \u00e1cido l\u00e1urico, oferece propriedades antimicrobianas, antioxidantes e anti-inflamat\u00f3rias.<\/p>\n<p>Utilize o \u00f3leo de coco Ali Baba para fritar, saltear, cozer ou como amaciador natural para o cabelo e hidratante para a pele. Com o seu aroma leve e tropical e a sua textura suave, acrescenta um sabor e uma nutri\u00e7\u00e3o deliciosos aos seus pratos e \u00e0 sua rotina de beleza.<\/p>\n<p>Experimente a versatilidade e pureza do \u00f3leo de coco Ali Baba 250ml hoje. Eleve os seus rituais de cozinha e de cuidados pessoais com este \u00f3leo de qualidade superior, dispon\u00edvel agora no Sultan Spices &amp; Supermarket.<\/p>\n<\/div>\n<\/div>\n<\/div>\n<\/div>\n<\/div>\n<\/div>\n<\/div>\n<\/div>\n<\/div>\n<\/div>\n<\/div>\n<\/div>","protected":false},"excerpt":{"rendered":"<p>Delicie-se com a bondade natural do \u00f3leo de coco Ali Baba 250ml, agora dispon\u00edvel no Sultan Spices &amp; Supermarket. Extra\u00eddo dos melhores cocos, este \u00f3leo puro e vers\u00e1til \u00e9 indispens\u00e1vel em qualquer cozinha e regime de beleza. O \u00f3leo de coco Ali Baba \u00e9 conhecido pelos seus in\u00fameros benef\u00edcios para a sa\u00fade e utiliza\u00e7\u00f5es. Quer esteja a cozinhar deliciosos...<\/p>","protected":false},"featured_media":4547,"comment_status":"open","ping_status":"closed","template":"","meta":{"_kad_blocks_custom_css":"","_kad_blocks_head_custom_js":"","_kad_blocks_body_custom_js":"","_kad_blocks_footer_custom_js":"","_kadence_starter_templates_imported_post":false,"_kad_post_transparent":"default","_kad_post_title":"","_kad_post_layout":"default","_kad_post_sidebar_id":"","_kad_post_content_style":"default","_kad_post_vertical_padding":"default","_kad_post_feature":"","_kad_post_feature_position":"","_kad_post_header":false,"_kad_post_footer":false,"_kad_post_classname":""},"product_brand":[],"product_cat":[62],"product_tag":[],"class_list":{"0":"post-3736","1":"product","2":"type-product","3":"status-publish","4":"has-post-thumbnail","6":"product_cat-oils","8":"first","9":"instock","10":"shipping-taxable","11":"purchasable","12":"product-type-simple","13":"entry","14":"content-bg","15":"loop-entry"},"taxonomy_info":{"product_cat":[{"value":62,"label":"Oils"}]},"featured_image_src_large":["https:\/\/sultanspices.es\/wp-content\/uploads\/2023\/11\/ProductsPIX-80-1024x1024.png",1024,1024,true],"author_info":[],"comment_info":1,"jetpack_sharing_enabled":true,"_links":{"self":[{"href":"https:\/\/sultanspices.es\/pt\/wp-json\/wp\/v2\/product\/3736","targetHints":{"allow":["GET"]}}],"collection":[{"href":"https:\/\/sultanspices.es\/pt\/wp-json\/wp\/v2\/product"}],"about":[{"href":"https:\/\/sultanspices.es\/pt\/wp-json\/wp\/v2\/types\/product"}],"replies":[{"embeddable":true,"href":"https:\/\/sultanspices.es\/pt\/wp-json\/wp\/v2\/comments?post=3736"}],"wp:featuredmedia":[{"embeddable":true,"href":"https:\/\/sultanspices.es\/pt\/wp-json\/wp\/v2\/media\/4547"}],"wp:attachment":[{"href":"https:\/\/sultanspices.es\/pt\/wp-json\/wp\/v2\/media?parent=3736"}],"wp:term":[{"taxonomy":"product_brand","embeddable":true,"href":"https:\/\/sultanspices.es\/pt\/wp-json\/wp\/v2\/product_brand?post=3736"},{"taxonomy":"product_cat","embeddable":true,"href":"https:\/\/sultanspices.es\/pt\/wp-json\/wp\/v2\/product_cat?post=3736"},{"taxonomy":"product_tag","embeddable":true,"href":"https:\/\/sultanspices.es\/pt\/wp-json\/wp\/v2\/product_tag?post=3736"}],"curies":[{"name":"wp","href":"https:\/\/api.w.org\/{rel}","templated":true}]}}