{"id":3734,"date":"2023-11-25T16:07:09","date_gmt":"2023-11-25T15:07:09","guid":{"rendered":"https:\/\/sultanspices.es\/cloves-whole-ali-baba-250g\/"},"modified":"2026-02-23T12:40:39","modified_gmt":"2026-02-23T11:40:39","slug":"cloves-whole-ali-baba-250g","status":"publish","type":"product","link":"https:\/\/sultanspices.es\/pt\/produto\/cravo-da-india-inteiro-ali-baba-250g\/","title":{"rendered":"CRAVOS-DA-\u00cdNDIA INTEIROS ALI BABA 250G"},"content":{"rendered":"<div class=\"flex-1 overflow-hidden\">\n<div class=\"react-scroll-to-bottom--css-wseun-79elbk h-full\">\n<div class=\"react-scroll-to-bottom--css-wseun-1n7m0yu\">\n<div class=\"flex flex-col text-sm pb-9\">\n<div class=\"w-full text-token-text-primary\" dir=\"auto\" data-testid=\"conversation-turn-689\">\n<div class=\"px-4 py-2 justify-center text-base md:gap-6 m-auto\">\n<div class=\"flex flex-1 text-base mx-auto gap-3 juice:gap-4 juice:md:gap-6 md:px-5 lg:px-1 xl:px-5 md:max-w-3xl lg:max-w-[40rem] xl:max-w-[48rem] group final-completion\">\n<div class=\"relative flex w-full flex-col agent-turn\">\n<div class=\"flex-col gap-1 md:gap-3\">\n<div class=\"flex flex-grow flex-col max-w-full\">\n<div class=\"min-h-[20px] text-message flex flex-col items-start gap-3 whitespace-pre-wrap break-words [.text-message+&amp;]:mt-5 overflow-x-auto\" dir=\"auto\" data-message-author-role=\"assistant\" data-message-id=\"8244f881-ebaf-41c4-84d9-7b740ce98f92\">\n<div class=\"markdown prose w-full break-words dark:prose-invert dark\">\n<p>Melhore as suas cria\u00e7\u00f5es culin\u00e1rias com o sabor arom\u00e1tico dos cravos-da-\u00edndia inteiros de Ali Baba, agora oferecidos no Sultan Spices &amp; Supermarket. Cuidadosamente obtidos e embalados para preservar a frescura, estes cravos-da-\u00edndia de primeira qualidade acrescentam uma fragr\u00e2ncia e um sabor deliciosos a uma vasta gama de pratos.<\/p>\n<p>Os cravos-da-\u00edndia inteiros Ali Baba s\u00e3o apreciados pelo seu sabor quente, doce e ligeiramente apimentado, o que os torna uma especiaria vers\u00e1til para receitas doces e salgadas. Utilize-os para infundir profundidade em caris, sopas, guisados e marinadas, ou incorpore-os em produtos de pastelaria como bolos, biscoitos e p\u00e3o para um toque \u00fanico.<\/p>\n<p>Cada lote de cravos-da-\u00edndia inteiros Ali Baba \u00e9 submetido a rigorosos controlos de qualidade para garantir que apenas os melhores cravos-da-\u00edndia chegam \u00e0 sua cozinha. Com o seu aroma rico e sabor robusto, estes cravos-da-\u00edndia v\u00e3o certamente elevar as suas cria\u00e7\u00f5es culin\u00e1rias a novos patamares.<\/p>\n<p>Experimente a qualidade e a frescura dos cravos-da-\u00edndia inteiros Ali Baba, dispon\u00edveis numa pr\u00e1tica embalagem de 250 g no Sultan Spices &amp; Supermarket. Transforme os seus pratos com o aroma e o sabor sedutores destes cravos-da-\u00edndia de primeira qualidade.<\/p>\n<\/div>\n<\/div>\n<\/div>\n<\/div>\n<\/div>\n<\/div>\n<\/div>\n<\/div>\n<\/div>\n<\/div>\n<\/div>\n<\/div>","protected":false},"excerpt":{"rendered":"<p>Melhore as suas cria\u00e7\u00f5es culin\u00e1rias com o sabor arom\u00e1tico dos cravos-da-\u00edndia inteiros de Ali Baba, agora oferecidos no Sultan Spices &amp; Supermarket. Cuidadosamente obtidos e embalados para preservar a frescura, estes cravos-da-\u00edndia de primeira qualidade acrescentam uma fragr\u00e2ncia e um sabor deliciosos a uma vasta gama de pratos. Os cravos-da-\u00edndia inteiros Ali Baba s\u00e3o apreciados pelo seu aroma quente, doce e ligeiramente...<\/p>","protected":false},"featured_media":4551,"comment_status":"open","ping_status":"closed","template":"","meta":{"_kad_blocks_custom_css":"","_kad_blocks_head_custom_js":"","_kad_blocks_body_custom_js":"","_kad_blocks_footer_custom_js":"","_kadence_starter_templates_imported_post":false,"_kad_post_transparent":"default","_kad_post_title":"","_kad_post_layout":"default","_kad_post_sidebar_id":"","_kad_post_content_style":"default","_kad_post_vertical_padding":"default","_kad_post_feature":"","_kad_post_feature_position":"","_kad_post_header":false,"_kad_post_footer":false,"_kad_post_classname":""},"product_brand":[],"product_cat":[50],"product_tag":[],"class_list":{"0":"post-3734","1":"product","2":"type-product","3":"status-publish","4":"has-post-thumbnail","6":"product_cat-spices","8":"first","9":"outofstock","10":"shipping-taxable","11":"purchasable","12":"product-type-simple","13":"entry","14":"content-bg","15":"loop-entry"},"taxonomy_info":{"product_cat":[{"value":50,"label":"Spices"}]},"featured_image_src_large":["https:\/\/sultanspices.es\/wp-content\/uploads\/2023\/11\/ProductsPIX-82-1024x1024.png",1024,1024,true],"author_info":[],"comment_info":0,"jetpack_sharing_enabled":true,"_links":{"self":[{"href":"https:\/\/sultanspices.es\/pt\/wp-json\/wp\/v2\/product\/3734","targetHints":{"allow":["GET"]}}],"collection":[{"href":"https:\/\/sultanspices.es\/pt\/wp-json\/wp\/v2\/product"}],"about":[{"href":"https:\/\/sultanspices.es\/pt\/wp-json\/wp\/v2\/types\/product"}],"replies":[{"embeddable":true,"href":"https:\/\/sultanspices.es\/pt\/wp-json\/wp\/v2\/comments?post=3734"}],"wp:featuredmedia":[{"embeddable":true,"href":"https:\/\/sultanspices.es\/pt\/wp-json\/wp\/v2\/media\/4551"}],"wp:attachment":[{"href":"https:\/\/sultanspices.es\/pt\/wp-json\/wp\/v2\/media?parent=3734"}],"wp:term":[{"taxonomy":"product_brand","embeddable":true,"href":"https:\/\/sultanspices.es\/pt\/wp-json\/wp\/v2\/product_brand?post=3734"},{"taxonomy":"product_cat","embeddable":true,"href":"https:\/\/sultanspices.es\/pt\/wp-json\/wp\/v2\/product_cat?post=3734"},{"taxonomy":"product_tag","embeddable":true,"href":"https:\/\/sultanspices.es\/pt\/wp-json\/wp\/v2\/product_tag?post=3734"}],"curies":[{"name":"wp","href":"https:\/\/api.w.org\/{rel}","templated":true}]}}