{"id":3730,"date":"2023-11-25T16:07:04","date_gmt":"2023-11-25T15:07:04","guid":{"rendered":"https:\/\/sultanspices.es\/castor-oil-ali-baba-250ml\/"},"modified":"2026-04-08T10:23:18","modified_gmt":"2026-04-08T08:23:18","slug":"castor-oil-ali-baba-250ml","status":"publish","type":"product","link":"https:\/\/sultanspices.es\/pt\/produto\/oleo-de-ricino-ali-baba-250ml\/","title":{"rendered":"\u00d3LEO DE R\u00cdCINO ALI BABA 250ML"},"content":{"rendered":"<div class=\"flex-1 overflow-hidden\">\n<div class=\"react-scroll-to-bottom--css-wseun-79elbk h-full\">\n<div class=\"react-scroll-to-bottom--css-wseun-1n7m0yu\">\n<div>\n<div class=\"flex flex-col text-sm pb-9\">\n<div class=\"w-full text-token-text-primary\" dir=\"auto\" data-testid=\"conversation-turn-697\">\n<div class=\"px-4 py-2 justify-center text-base md:gap-6 m-auto\">\n<div class=\"flex flex-1 text-base mx-auto gap-3 juice:gap-4 juice:md:gap-6 md:px-5 lg:px-1 xl:px-5 md:max-w-3xl lg:max-w-[40rem] xl:max-w-[48rem] group final-completion\">\n<div class=\"relative flex w-full flex-col agent-turn\">\n<div class=\"flex-col gap-1 md:gap-3\">\n<div class=\"flex flex-grow flex-col max-w-full\">\n<div class=\"min-h-[20px] text-message flex flex-col items-start gap-3 whitespace-pre-wrap break-words [.text-message+&amp;]:mt-5 overflow-x-auto\" dir=\"auto\" data-message-author-role=\"assistant\" data-message-id=\"137edd55-eaaf-40db-a0e9-ac859bf90da4\">\n<div class=\"markdown prose w-full break-words dark:prose-invert dark\">\n<p>Experimente os in\u00fameros benef\u00edcios do \u00f3leo de r\u00edcino Ali Baba, agora dispon\u00edvel numa pr\u00e1tica garrafa de 250 ml no Sultan Spices &amp; Supermarket. Este \u00f3leo multiusos \u00e9 extra\u00eddo das sementes da planta de r\u00edcino e \u00e9 conhecido pelas suas propriedades hidratantes e nutritivas.<\/p>\n<p>O \u00d3leo de R\u00edcino Ali Baba \u00e9 rico em \u00e1cidos gordos e vitaminas, o que o torna uma excelente escolha para promover uma pele e um cabelo saud\u00e1veis. Hidrata profundamente a pele, ajudando a aliviar a secura e a irrita\u00e7\u00e3o, ao mesmo tempo que ajuda no tratamento de v\u00e1rias condi\u00e7\u00f5es da pele, como o acne, o eczema e a psor\u00edase.<\/p>\n<p>Quando utilizado no cabelo, o \u00d3leo de R\u00edcino Ali Baba ajuda a nutrir o couro cabeludo, a fortalecer os fol\u00edculos capilares e a promover o crescimento saud\u00e1vel do cabelo. Tamb\u00e9m pode ser utilizado como um tratamento condicionador para restaurar a humidade e o brilho do cabelo seco e danificado.<\/p>\n<p>Para al\u00e9m dos seus benef\u00edcios para a pele e para o cabelo, o \u00d3leo de R\u00edcino Ali Bab\u00e1 tamb\u00e9m \u00e9 normalmente utilizado para fins de massagem e aromaterapia. O seu aroma suave e a sua textura macia tornam-no ideal para utiliza\u00e7\u00e3o em \u00f3leos de massagem e misturas.<\/p>\n<p>Adicione hoje o \u00f3leo de r\u00edcino Ali Baba \u00e0 sua rotina de beleza e bem-estar e experimente a bondade natural deste \u00f3leo vers\u00e1til. Dispon\u00edvel agora no Sultan Spices &amp; Supermarket.<\/p>\n<\/div>\n<\/div>\n<\/div>\n<\/div>\n<\/div>\n<\/div>\n<\/div>\n<\/div>\n<\/div>\n<\/div>\n<\/div>\n<\/div>\n<\/div>","protected":false},"excerpt":{"rendered":"<p>Experimente os in\u00fameros benef\u00edcios do \u00f3leo de r\u00edcino Ali Baba, agora dispon\u00edvel numa pr\u00e1tica garrafa de 250 ml no Sultan Spices &amp; Supermarket. Este \u00f3leo multiusos \u00e9 extra\u00eddo das sementes da planta de r\u00edcino e \u00e9 conhecido pelas suas propriedades hidratantes e nutritivas. O \u00f3leo de r\u00edcino Ali Baba \u00e9 rico em \u00e1cidos gordos e vitaminas, o que o torna...<\/p>","protected":false},"featured_media":4559,"comment_status":"open","ping_status":"closed","template":"","meta":{"_kad_blocks_custom_css":"","_kad_blocks_head_custom_js":"","_kad_blocks_body_custom_js":"","_kad_blocks_footer_custom_js":"","_kadence_starter_templates_imported_post":false,"_kad_post_transparent":"default","_kad_post_title":"","_kad_post_layout":"default","_kad_post_sidebar_id":"","_kad_post_content_style":"default","_kad_post_vertical_padding":"default","_kad_post_feature":"","_kad_post_feature_position":"","_kad_post_header":false,"_kad_post_footer":false,"_kad_post_classname":""},"product_brand":[],"product_cat":[62],"product_tag":[],"class_list":{"0":"post-3730","1":"product","2":"type-product","3":"status-publish","4":"has-post-thumbnail","6":"product_cat-oils","8":"first","9":"instock","10":"shipping-taxable","11":"purchasable","12":"product-type-simple","13":"entry","14":"content-bg","15":"loop-entry"},"taxonomy_info":{"product_cat":[{"value":62,"label":"Oils"}]},"featured_image_src_large":["https:\/\/sultanspices.es\/wp-content\/uploads\/2023\/11\/ProductsPIX-86-1024x1024.png",1024,1024,true],"author_info":[],"comment_info":0,"jetpack_sharing_enabled":true,"_links":{"self":[{"href":"https:\/\/sultanspices.es\/pt\/wp-json\/wp\/v2\/product\/3730","targetHints":{"allow":["GET"]}}],"collection":[{"href":"https:\/\/sultanspices.es\/pt\/wp-json\/wp\/v2\/product"}],"about":[{"href":"https:\/\/sultanspices.es\/pt\/wp-json\/wp\/v2\/types\/product"}],"replies":[{"embeddable":true,"href":"https:\/\/sultanspices.es\/pt\/wp-json\/wp\/v2\/comments?post=3730"}],"wp:featuredmedia":[{"embeddable":true,"href":"https:\/\/sultanspices.es\/pt\/wp-json\/wp\/v2\/media\/4559"}],"wp:attachment":[{"href":"https:\/\/sultanspices.es\/pt\/wp-json\/wp\/v2\/media?parent=3730"}],"wp:term":[{"taxonomy":"product_brand","embeddable":true,"href":"https:\/\/sultanspices.es\/pt\/wp-json\/wp\/v2\/product_brand?post=3730"},{"taxonomy":"product_cat","embeddable":true,"href":"https:\/\/sultanspices.es\/pt\/wp-json\/wp\/v2\/product_cat?post=3730"},{"taxonomy":"product_tag","embeddable":true,"href":"https:\/\/sultanspices.es\/pt\/wp-json\/wp\/v2\/product_tag?post=3730"}],"curies":[{"name":"wp","href":"https:\/\/api.w.org\/{rel}","templated":true}]}}