{"id":3728,"date":"2023-11-25T16:07:02","date_gmt":"2023-11-25T15:07:02","guid":{"rendered":"https:\/\/sultanspices.es\/cardomoms-green-ali-baba-200g\/"},"modified":"2026-04-15T10:32:45","modified_gmt":"2026-04-15T08:32:45","slug":"cardomoms-green-ali-baba-200g","status":"publish","type":"product","link":"https:\/\/sultanspices.es\/pt\/produto\/cardomomos-verdes-ali-baba-200g\/","title":{"rendered":"CARDAMOMS GREEN ALI BABA 200G"},"content":{"rendered":"<div class=\"flex-1 overflow-hidden\">\n<div class=\"react-scroll-to-bottom--css-wseun-79elbk h-full\">\n<div class=\"react-scroll-to-bottom--css-wseun-1n7m0yu\">\n<div>\n<div class=\"flex flex-col text-sm pb-9\">\n<div class=\"w-full text-token-text-primary\" dir=\"auto\" data-testid=\"conversation-turn-699\">\n<div class=\"px-4 py-2 justify-center text-base md:gap-6 m-auto\">\n<div class=\"flex flex-1 text-base mx-auto gap-3 juice:gap-4 juice:md:gap-6 md:px-5 lg:px-1 xl:px-5 md:max-w-3xl lg:max-w-[40rem] xl:max-w-[48rem] group final-completion\">\n<div class=\"relative flex w-full flex-col agent-turn\">\n<div class=\"flex-col gap-1 md:gap-3\">\n<div class=\"flex flex-grow flex-col max-w-full\">\n<div class=\"min-h-[20px] text-message flex flex-col items-start gap-3 whitespace-pre-wrap break-words [.text-message+&amp;]:mt-5 overflow-x-auto\" dir=\"auto\" data-message-author-role=\"assistant\" data-message-id=\"74abfbfa-6ca9-4d74-b293-74eb348a8ff7\">\n<div class=\"markdown prose w-full break-words dark:prose-invert dark\">\n<p>Delicie-se com a ess\u00eancia arom\u00e1tica dos Cardamomos Verdes Ali Baba, dispon\u00edveis numa generosa embalagem de 200g no Sultan Spices &amp; Supermarket. Estas vagens de cardamomo de alta qualidade s\u00e3o cuidadosamente selecionadas pelo seu sabor rico e fragr\u00e2ncia intensa, tornando-as um ingrediente indispens\u00e1vel na sua cozinha.<\/p>\n<p>Os cardamomos verdes Ali Baba s\u00e3o perfeitos para real\u00e7ar o sabor de pratos doces e salgados. Esmague-os ou triture-os para libertar o seu aroma delicioso e adicione-os \u00e0s suas sobremesas favoritas, como bolos, biscoitos e pudins de arroz, para uma explos\u00e3o de sabor. Tamb\u00e9m pode utiliz\u00e1-las para infundir pratos ricos e salgados como biryanis, caril e guisados com a sua ess\u00eancia \u00fanica e arom\u00e1tica.<\/p>\n<p>Para al\u00e9m das suas utiliza\u00e7\u00f5es culin\u00e1rias, os cardamomos verdes Ali Baba s\u00e3o apreciados pelos seus potenciais benef\u00edcios para a sa\u00fade. Acredita-se que ajudam a digest\u00e3o, refrescam o h\u00e1lito e at\u00e9 ajudam a aliviar os sintomas de doen\u00e7as respirat\u00f3rias. Basta mergulh\u00e1-los em \u00e1gua quente para fazer uma ch\u00e1vena de ch\u00e1 de cardamomo perfumado e calmante.<\/p>\n<p>Quer seja um chefe experiente ou um cozinheiro dom\u00e9stico, os cardamomos verdes Ali Baba s\u00e3o uma adi\u00e7\u00e3o vers\u00e1til e saborosa a qualquer despensa. Eleve os seus cozinhados e delicie os seus sentidos com o aroma e o sabor irresist\u00edveis destas vagens de cardamomo de primeira qualidade, agora dispon\u00edveis no Sultan Spices &amp; Supermarket.<\/p>\n<\/div>\n<\/div>\n<\/div>\n<\/div>\n<\/div>\n<\/div>\n<\/div>\n<\/div>\n<\/div>\n<\/div>\n<\/div>\n<\/div>\n<\/div>","protected":false},"excerpt":{"rendered":"<p>Delicie-se com a ess\u00eancia arom\u00e1tica dos Cardamomos Verdes Ali Baba, dispon\u00edveis numa generosa embalagem de 200g no Sultan Spices &amp; Supermarket. Estas vagens de cardamomo de alta qualidade s\u00e3o cuidadosamente seleccionadas pelo seu sabor rico e fragr\u00e2ncia intensa, tornando-as um ingrediente indispens\u00e1vel na sua cozinha. Os cardamomos verdes Ali Baba s\u00e3o perfeitos para real\u00e7ar o sabor de...<\/p>","protected":false},"featured_media":4560,"comment_status":"open","ping_status":"closed","template":"","meta":{"_kad_blocks_custom_css":"","_kad_blocks_head_custom_js":"","_kad_blocks_body_custom_js":"","_kad_blocks_footer_custom_js":"","_kadence_starter_templates_imported_post":false,"_kad_post_transparent":"default","_kad_post_title":"","_kad_post_layout":"default","_kad_post_sidebar_id":"","_kad_post_content_style":"default","_kad_post_vertical_padding":"default","_kad_post_feature":"","_kad_post_feature_position":"","_kad_post_header":false,"_kad_post_footer":false,"_kad_post_classname":""},"product_brand":[],"product_cat":[50],"product_tag":[],"class_list":{"0":"post-3728","1":"product","2":"type-product","3":"status-publish","4":"has-post-thumbnail","6":"product_cat-spices","8":"first","9":"instock","10":"shipping-taxable","11":"purchasable","12":"product-type-simple","13":"entry","14":"content-bg","15":"loop-entry"},"taxonomy_info":{"product_cat":[{"value":50,"label":"Spices"}]},"featured_image_src_large":["https:\/\/sultanspices.es\/wp-content\/uploads\/2023\/11\/ProductsPIX-87-1024x1024.png",1024,1024,true],"author_info":[],"comment_info":0,"jetpack_sharing_enabled":true,"_links":{"self":[{"href":"https:\/\/sultanspices.es\/pt\/wp-json\/wp\/v2\/product\/3728","targetHints":{"allow":["GET"]}}],"collection":[{"href":"https:\/\/sultanspices.es\/pt\/wp-json\/wp\/v2\/product"}],"about":[{"href":"https:\/\/sultanspices.es\/pt\/wp-json\/wp\/v2\/types\/product"}],"replies":[{"embeddable":true,"href":"https:\/\/sultanspices.es\/pt\/wp-json\/wp\/v2\/comments?post=3728"}],"wp:featuredmedia":[{"embeddable":true,"href":"https:\/\/sultanspices.es\/pt\/wp-json\/wp\/v2\/media\/4560"}],"wp:attachment":[{"href":"https:\/\/sultanspices.es\/pt\/wp-json\/wp\/v2\/media?parent=3728"}],"wp:term":[{"taxonomy":"product_brand","embeddable":true,"href":"https:\/\/sultanspices.es\/pt\/wp-json\/wp\/v2\/product_brand?post=3728"},{"taxonomy":"product_cat","embeddable":true,"href":"https:\/\/sultanspices.es\/pt\/wp-json\/wp\/v2\/product_cat?post=3728"},{"taxonomy":"product_tag","embeddable":true,"href":"https:\/\/sultanspices.es\/pt\/wp-json\/wp\/v2\/product_tag?post=3728"}],"curies":[{"name":"wp","href":"https:\/\/api.w.org\/{rel}","templated":true}]}}