{"id":3726,"date":"2023-11-25T16:07:00","date_gmt":"2023-11-25T15:07:00","guid":{"rendered":"https:\/\/sultanspices.es\/canned-tinda-ali-baba-400g\/"},"modified":"2026-02-23T12:40:35","modified_gmt":"2026-02-23T11:40:35","slug":"canned-tinda-ali-baba-400g","status":"publish","type":"product","link":"https:\/\/sultanspices.es\/pt\/produto\/conserva-tinda-ali-baba-400g\/","title":{"rendered":"TINDA ALI BABA EM CONSERVA 400G"},"content":{"rendered":"<div class=\"flex-1 overflow-hidden\">\n<div class=\"react-scroll-to-bottom--css-wseun-79elbk h-full\">\n<div class=\"react-scroll-to-bottom--css-wseun-1n7m0yu\">\n<div>\n<div class=\"flex flex-col text-sm pb-9\">\n<div class=\"w-full text-token-text-primary\" dir=\"auto\" data-testid=\"conversation-turn-703\">\n<div class=\"px-4 py-2 justify-center text-base md:gap-6 m-auto\">\n<div class=\"flex flex-1 text-base mx-auto gap-3 juice:gap-4 juice:md:gap-6 md:px-5 lg:px-1 xl:px-5 md:max-w-3xl lg:max-w-[40rem] xl:max-w-[48rem] group final-completion\">\n<div class=\"relative flex w-full flex-col agent-turn\">\n<div class=\"flex-col gap-1 md:gap-3\">\n<div class=\"flex flex-grow flex-col max-w-full\">\n<div class=\"min-h-[20px] text-message flex flex-col items-start gap-3 whitespace-pre-wrap break-words [.text-message+&amp;]:mt-5 overflow-x-auto\" dir=\"auto\" data-message-author-role=\"assistant\" data-message-id=\"1c1a3074-22c3-4f9c-8e47-600c049525ac\">\n<div class=\"markdown prose w-full break-words dark:prose-invert dark\">\n<p>Apresentamos a tinda enlatada de Ali Baba, que oferece conveni\u00eancia e qualidade em cada dentada. Cada lata cont\u00e9m 400g de tinda tenra e saborosa, pronta para elevar as suas cria\u00e7\u00f5es culin\u00e1rias com o seu delicioso sabor e textura.<\/p>\n<p>A tinda enlatada Ali Baba \u00e9 meticulosamente preparada para preservar a sua frescura e nutrientes, garantindo que obt\u00e9m o melhor sabor poss\u00edvel em cada por\u00e7\u00e3o. Quer esteja a preparar um caril indiano tradicional, um guisado saud\u00e1vel ou um acompanhamento saboroso, estas conservas de tinda s\u00e3o o complemento perfeito para a despensa da sua cozinha.<\/p>\n<p>Experimente a conveni\u00eancia da tinda enlatada de Ali Baba, agora dispon\u00edvel no Sultan Spices &amp; Supermarket. Adicione-as \u00e0s suas receitas favoritas para desfrutar facilmente dos aut\u00eanticos sabores indianos.<\/p>\n<\/div>\n<\/div>\n<\/div>\n<\/div>\n<\/div>\n<\/div>\n<\/div>\n<\/div>\n<\/div>\n<\/div>\n<\/div>\n<\/div>\n<\/div>","protected":false},"excerpt":{"rendered":"<p>Apresentamos a tinda enlatada de Ali Baba, que oferece conveni\u00eancia e qualidade em cada dentada. Cada lata cont\u00e9m 400g de tinda tenra e saborosa, pronta para elevar as suas cria\u00e7\u00f5es culin\u00e1rias com o seu delicioso sabor e textura. A tinda enlatada do Ali Baba \u00e9 meticulosamente preparada para preservar a sua frescura e nutrientes, garantindo que obt\u00e9m o melhor sabor poss\u00edvel...<\/p>","protected":false},"featured_media":4564,"comment_status":"open","ping_status":"closed","template":"","meta":{"_kad_blocks_custom_css":"","_kad_blocks_head_custom_js":"","_kad_blocks_body_custom_js":"","_kad_blocks_footer_custom_js":"","_kadence_starter_templates_imported_post":false,"_kad_post_transparent":"default","_kad_post_title":"","_kad_post_layout":"default","_kad_post_sidebar_id":"","_kad_post_content_style":"default","_kad_post_vertical_padding":"default","_kad_post_feature":"","_kad_post_feature_position":"","_kad_post_header":false,"_kad_post_footer":false,"_kad_post_classname":""},"product_brand":[],"product_cat":[54],"product_tag":[],"class_list":{"0":"post-3726","1":"product","2":"type-product","3":"status-publish","4":"has-post-thumbnail","6":"product_cat-instant-meals-rte","8":"first","9":"instock","10":"shipping-taxable","11":"purchasable","12":"product-type-simple","13":"entry","14":"content-bg","15":"loop-entry"},"taxonomy_info":{"product_cat":[{"value":54,"label":"Instant meals RTE"}]},"featured_image_src_large":["https:\/\/sultanspices.es\/wp-content\/uploads\/2023\/11\/ProductsPIX-89-1024x1024.png",1024,1024,true],"author_info":[],"comment_info":1,"jetpack_sharing_enabled":true,"_links":{"self":[{"href":"https:\/\/sultanspices.es\/pt\/wp-json\/wp\/v2\/product\/3726","targetHints":{"allow":["GET"]}}],"collection":[{"href":"https:\/\/sultanspices.es\/pt\/wp-json\/wp\/v2\/product"}],"about":[{"href":"https:\/\/sultanspices.es\/pt\/wp-json\/wp\/v2\/types\/product"}],"replies":[{"embeddable":true,"href":"https:\/\/sultanspices.es\/pt\/wp-json\/wp\/v2\/comments?post=3726"}],"wp:featuredmedia":[{"embeddable":true,"href":"https:\/\/sultanspices.es\/pt\/wp-json\/wp\/v2\/media\/4564"}],"wp:attachment":[{"href":"https:\/\/sultanspices.es\/pt\/wp-json\/wp\/v2\/media?parent=3726"}],"wp:term":[{"taxonomy":"product_brand","embeddable":true,"href":"https:\/\/sultanspices.es\/pt\/wp-json\/wp\/v2\/product_brand?post=3726"},{"taxonomy":"product_cat","embeddable":true,"href":"https:\/\/sultanspices.es\/pt\/wp-json\/wp\/v2\/product_cat?post=3726"},{"taxonomy":"product_tag","embeddable":true,"href":"https:\/\/sultanspices.es\/pt\/wp-json\/wp\/v2\/product_tag?post=3726"}],"curies":[{"name":"wp","href":"https:\/\/api.w.org\/{rel}","templated":true}]}}