{"id":3725,"date":"2023-11-25T16:06:58","date_gmt":"2023-11-25T15:06:58","guid":{"rendered":"https:\/\/sultanspices.es\/canned-okra-ali-baba-400g\/"},"modified":"2026-02-23T12:40:35","modified_gmt":"2026-02-23T11:40:35","slug":"canned-okra-ali-baba-400g","status":"publish","type":"product","link":"https:\/\/sultanspices.es\/pt\/produto\/kokra-ali-baba-400g-em-conserva\/","title":{"rendered":"QUIABO EM CONSERVA ALI BABA 400G"},"content":{"rendered":"<div class=\"flex-1 overflow-hidden\">\n<div class=\"react-scroll-to-bottom--css-wseun-79elbk h-full\">\n<div class=\"react-scroll-to-bottom--css-wseun-1n7m0yu\">\n<div>\n<div class=\"flex flex-col text-sm pb-9\">\n<div class=\"w-full text-token-text-primary\" dir=\"auto\" data-testid=\"conversation-turn-705\">\n<div class=\"px-4 py-2 justify-center text-base md:gap-6 m-auto\">\n<div class=\"flex flex-1 text-base mx-auto gap-3 juice:gap-4 juice:md:gap-6 md:px-5 lg:px-1 xl:px-5 md:max-w-3xl lg:max-w-[40rem] xl:max-w-[48rem] group final-completion\">\n<div class=\"relative flex w-full flex-col agent-turn\">\n<div class=\"flex-col gap-1 md:gap-3\">\n<div class=\"flex flex-grow flex-col max-w-full\">\n<div class=\"min-h-[20px] text-message flex flex-col items-start gap-3 whitespace-pre-wrap break-words [.text-message+&amp;]:mt-5 overflow-x-auto\" dir=\"auto\" data-message-author-role=\"assistant\" data-message-id=\"f7960250-b832-4e8a-a5b7-a0f06adb5e84\">\n<div class=\"markdown prose w-full break-words dark:prose-invert dark\">\n<p>Apresentamos o quiabo em conserva de Ali Baba, uma adi\u00e7\u00e3o conveniente e deliciosa \u00e0 sua despensa. Cada lata cont\u00e9m 400 g de quiabo tenro e saboroso, meticulosamente preparado para preservar a sua frescura e nutrientes.<\/p>\n<p>Os quiabos enlatados Ali Baba s\u00e3o perfeitos para adicionar \u00e0s suas receitas favoritas, quer esteja a cozinhar caril indiano tradicional, guisados saud\u00e1veis ou acompanhamentos saborosos. Com a sua embalagem pr\u00e1tica, pode apreciar o sabor aut\u00eantico do quiabo sem o inc\u00f3modo de o limpar e cortar.<\/p>\n<p>Experimente a conveni\u00eancia e a qualidade do quiabo enlatado Ali Baba's, agora dispon\u00edvel no Sultan Spices &amp; Supermarket. Melhore os seus cozinhados com este ingrediente vers\u00e1til e desfrute dos sabores ricos da cozinha indiana com facilidade.<\/p>\n<\/div>\n<\/div>\n<\/div>\n<\/div>\n<\/div>\n<\/div>\n<\/div>\n<\/div>\n<\/div>\n<\/div>\n<\/div>\n<\/div>\n<\/div>","protected":false},"excerpt":{"rendered":"<p>Apresentamos o quiabo em conserva de Ali Baba, uma adi\u00e7\u00e3o conveniente e deliciosa \u00e0 sua despensa. Cada lata cont\u00e9m 400 g de quiabo tenro e saboroso, meticulosamente preparado para preservar a sua frescura e nutrientes. Os quiabos enlatados Ali Baba s\u00e3o perfeitos para adicionar \u00e0s suas receitas favoritas, quer esteja a cozinhar caril indiano tradicional, guisados saud\u00e1veis ou acompanhamentos saborosos....<\/p>","protected":false},"featured_media":4565,"comment_status":"open","ping_status":"closed","template":"","meta":{"_kad_blocks_custom_css":"","_kad_blocks_head_custom_js":"","_kad_blocks_body_custom_js":"","_kad_blocks_footer_custom_js":"","_kadence_starter_templates_imported_post":false,"_kad_post_transparent":"default","_kad_post_title":"","_kad_post_layout":"default","_kad_post_sidebar_id":"","_kad_post_content_style":"default","_kad_post_vertical_padding":"default","_kad_post_feature":"","_kad_post_feature_position":"","_kad_post_header":false,"_kad_post_footer":false,"_kad_post_classname":""},"product_brand":[],"product_cat":[54],"product_tag":[],"class_list":{"0":"post-3725","1":"product","2":"type-product","3":"status-publish","4":"has-post-thumbnail","6":"product_cat-instant-meals-rte","8":"first","9":"instock","10":"sale","11":"shipping-taxable","12":"purchasable","13":"product-type-simple","14":"entry","15":"content-bg","16":"loop-entry"},"taxonomy_info":{"product_cat":[{"value":54,"label":"Instant meals RTE"}]},"featured_image_src_large":["https:\/\/sultanspices.es\/wp-content\/uploads\/2023\/11\/ProductsPIX-90-1024x1024.png",1024,1024,true],"author_info":[],"comment_info":0,"jetpack_sharing_enabled":true,"_links":{"self":[{"href":"https:\/\/sultanspices.es\/pt\/wp-json\/wp\/v2\/product\/3725","targetHints":{"allow":["GET"]}}],"collection":[{"href":"https:\/\/sultanspices.es\/pt\/wp-json\/wp\/v2\/product"}],"about":[{"href":"https:\/\/sultanspices.es\/pt\/wp-json\/wp\/v2\/types\/product"}],"replies":[{"embeddable":true,"href":"https:\/\/sultanspices.es\/pt\/wp-json\/wp\/v2\/comments?post=3725"}],"wp:featuredmedia":[{"embeddable":true,"href":"https:\/\/sultanspices.es\/pt\/wp-json\/wp\/v2\/media\/4565"}],"wp:attachment":[{"href":"https:\/\/sultanspices.es\/pt\/wp-json\/wp\/v2\/media?parent=3725"}],"wp:term":[{"taxonomy":"product_brand","embeddable":true,"href":"https:\/\/sultanspices.es\/pt\/wp-json\/wp\/v2\/product_brand?post=3725"},{"taxonomy":"product_cat","embeddable":true,"href":"https:\/\/sultanspices.es\/pt\/wp-json\/wp\/v2\/product_cat?post=3725"},{"taxonomy":"product_tag","embeddable":true,"href":"https:\/\/sultanspices.es\/pt\/wp-json\/wp\/v2\/product_tag?post=3725"}],"curies":[{"name":"wp","href":"https:\/\/api.w.org\/{rel}","templated":true}]}}