{"id":3722,"date":"2023-11-25T16:06:55","date_gmt":"2023-11-25T15:06:55","guid":{"rendered":"https:\/\/sultanspices.es\/black-eye-beans-ali-baba-1kg\/"},"modified":"2026-02-23T12:40:33","modified_gmt":"2026-02-23T11:40:33","slug":"black-eye-beans-ali-baba-1kg","status":"publish","type":"product","link":"https:\/\/sultanspices.es\/pt\/produto\/feijao-preto-ali-baba-1kg\/","title":{"rendered":"FEIJ\u00c3O PRETO ALI BABA 1KG"},"content":{"rendered":"<div class=\"flex-1 overflow-hidden\">\n<div class=\"react-scroll-to-bottom--css-wseun-79elbk h-full\">\n<div class=\"react-scroll-to-bottom--css-wseun-1n7m0yu\">\n<div>\n<div class=\"flex flex-col text-sm pb-9\">\n<div class=\"w-full text-token-text-primary\" dir=\"auto\" data-testid=\"conversation-turn-711\">\n<div class=\"px-4 py-2 justify-center text-base md:gap-6 m-auto\">\n<div class=\"flex flex-1 text-base mx-auto gap-3 juice:gap-4 juice:md:gap-6 md:px-5 lg:px-1 xl:px-5 md:max-w-3xl lg:max-w-[40rem] xl:max-w-[48rem] group final-completion\">\n<div class=\"relative flex w-full flex-col agent-turn\">\n<div class=\"flex-col gap-1 md:gap-3\">\n<div class=\"flex flex-grow flex-col max-w-full\">\n<div class=\"min-h-[20px] text-message flex flex-col items-start gap-3 whitespace-pre-wrap break-words [.text-message+&amp;]:mt-5 overflow-x-auto\" dir=\"auto\" data-message-author-role=\"assistant\" data-message-id=\"72def2a1-5824-457d-9cee-66ada5399091\">\n<div class=\"markdown prose w-full break-words dark:prose-invert dark\">\n<p>Descubra a bondade saud\u00e1vel do feij\u00e3o Ali Baba Black Eye Beans, agora dispon\u00edvel numa pr\u00e1tica embalagem de 1 kg. Estas leguminosas nutritivas s\u00e3o uma adi\u00e7\u00e3o vers\u00e1til \u00e0 sua despensa, perfeitas para criar sopas, guisados, saladas e acompanhamentos saud\u00e1veis.<\/p>\n<p>O feij\u00e3o Ali Baba Black Eye Beans \u00e9 apreciado pela sua textura cremosa e sabor a nozes, o que o torna um ingrediente favorito numa variedade de cozinhas em todo o mundo. Repletos de prote\u00ednas, fibras e nutrientes essenciais, n\u00e3o s\u00f3 s\u00e3o deliciosos como tamb\u00e9m proporcionam um impulso saud\u00e1vel \u00e0 sua dieta.<\/p>\n<p>Quer esteja \u00e0 procura de adicionar prote\u00edna vegetal \u00e0s suas refei\u00e7\u00f5es ou simplesmente queira explorar novas possibilidades culin\u00e1rias, o feij\u00e3o Ali Baba Black Eye Beans \u00e9 uma excelente escolha. Abaste\u00e7a-se deste produto b\u00e1sico da despensa e d\u00ea asas \u00e0 sua criatividade na cozinha. Dispon\u00edvel agora no Sultan Spices &amp; Supermarket.<\/p>\n<\/div>\n<\/div>\n<\/div>\n<div class=\"mt-1 flex gap-3 empty:hidden\">\n<div class=\"text-gray-400 flex self-end lg:self-center items-center justify-center lg:justify-start mt-0 -ml-1 h-7 gap-[2px] visible\"><\/div>\n<\/div>\n<\/div>\n<\/div>\n<\/div>\n<\/div>\n<\/div>\n<\/div>\n<\/div>\n<\/div>\n<\/div>\n<\/div>","protected":false},"excerpt":{"rendered":"<p>Descubra a bondade saud\u00e1vel do feij\u00e3o Ali Baba Black Eye Beans, agora dispon\u00edvel numa pr\u00e1tica embalagem de 1 kg. Estas leguminosas nutritivas s\u00e3o uma adi\u00e7\u00e3o vers\u00e1til \u00e0 sua despensa, perfeitas para criar sopas, guisados, saladas e acompanhamentos saud\u00e1veis. O feij\u00e3o Ali Baba Black Eye Beans \u00e9 apreciado pela sua textura cremosa e pelo seu sabor a nozes, o que o torna um dos favoritos...<\/p>","protected":false},"featured_media":4568,"comment_status":"open","ping_status":"closed","template":"","meta":{"_kad_blocks_custom_css":"","_kad_blocks_head_custom_js":"","_kad_blocks_body_custom_js":"","_kad_blocks_footer_custom_js":"","_kadence_starter_templates_imported_post":false,"_kad_post_transparent":"default","_kad_post_title":"","_kad_post_layout":"default","_kad_post_sidebar_id":"","_kad_post_content_style":"default","_kad_post_vertical_padding":"default","_kad_post_feature":"","_kad_post_feature_position":"","_kad_post_header":false,"_kad_post_footer":false,"_kad_post_classname":""},"product_brand":[],"product_cat":[47],"product_tag":[],"class_list":{"0":"post-3722","1":"product","2":"type-product","3":"status-publish","4":"has-post-thumbnail","6":"product_cat-lentils","8":"first","9":"instock","10":"shipping-taxable","11":"purchasable","12":"product-type-simple","13":"entry","14":"content-bg","15":"loop-entry"},"taxonomy_info":{"product_cat":[{"value":47,"label":"Lentils"}]},"featured_image_src_large":["https:\/\/sultanspices.es\/wp-content\/uploads\/2023\/11\/ProductsPIX-93-1024x1024.png",1024,1024,true],"author_info":[],"comment_info":0,"jetpack_sharing_enabled":true,"_links":{"self":[{"href":"https:\/\/sultanspices.es\/pt\/wp-json\/wp\/v2\/product\/3722","targetHints":{"allow":["GET"]}}],"collection":[{"href":"https:\/\/sultanspices.es\/pt\/wp-json\/wp\/v2\/product"}],"about":[{"href":"https:\/\/sultanspices.es\/pt\/wp-json\/wp\/v2\/types\/product"}],"replies":[{"embeddable":true,"href":"https:\/\/sultanspices.es\/pt\/wp-json\/wp\/v2\/comments?post=3722"}],"wp:featuredmedia":[{"embeddable":true,"href":"https:\/\/sultanspices.es\/pt\/wp-json\/wp\/v2\/media\/4568"}],"wp:attachment":[{"href":"https:\/\/sultanspices.es\/pt\/wp-json\/wp\/v2\/media?parent=3722"}],"wp:term":[{"taxonomy":"product_brand","embeddable":true,"href":"https:\/\/sultanspices.es\/pt\/wp-json\/wp\/v2\/product_brand?post=3722"},{"taxonomy":"product_cat","embeddable":true,"href":"https:\/\/sultanspices.es\/pt\/wp-json\/wp\/v2\/product_cat?post=3722"},{"taxonomy":"product_tag","embeddable":true,"href":"https:\/\/sultanspices.es\/pt\/wp-json\/wp\/v2\/product_tag?post=3722"}],"curies":[{"name":"wp","href":"https:\/\/api.w.org\/{rel}","templated":true}]}}