{"id":3720,"date":"2023-11-25T16:06:52","date_gmt":"2023-11-25T15:06:52","guid":{"rendered":"https:\/\/sultanspices.es\/basmati-daawat-original-riso-5kg\/"},"modified":"2026-02-23T12:40:33","modified_gmt":"2026-02-23T11:40:33","slug":"basmati-daawat-original-rice-5kg","status":"publish","type":"product","link":"https:\/\/sultanspices.es\/pt\/produto\/basmati-daawat-original-riso-5kg\/","title":{"rendered":"BASMATI DAAWAT ORIGINAL RISO 5KG"},"content":{"rendered":"<div class=\"flex-1 overflow-hidden\">\n<div class=\"react-scroll-to-bottom--css-wseun-79elbk h-full\">\n<div class=\"react-scroll-to-bottom--css-wseun-1n7m0yu\">\n<div>\n<div class=\"flex flex-col text-sm pb-9\">\n<div class=\"w-full text-token-text-primary\" dir=\"auto\" data-testid=\"conversation-turn-715\">\n<div class=\"px-4 py-2 justify-center text-base md:gap-6 m-auto\">\n<div class=\"flex flex-1 text-base mx-auto gap-3 juice:gap-4 juice:md:gap-6 md:px-5 lg:px-1 xl:px-5 md:max-w-3xl lg:max-w-[40rem] xl:max-w-[48rem] group final-completion\">\n<div class=\"relative flex w-full flex-col agent-turn\">\n<div class=\"flex-col gap-1 md:gap-3\">\n<div class=\"flex flex-grow flex-col max-w-full\">\n<div class=\"min-h-[20px] text-message flex flex-col items-start gap-3 whitespace-pre-wrap break-words [.text-message+&amp;]:mt-5 overflow-x-auto\" dir=\"auto\" data-message-author-role=\"assistant\" data-message-id=\"b79ad51c-eaba-4dde-8f05-386a8012ff5c\">\n<div class=\"markdown prose w-full break-words dark:prose-invert dark\">\n<p>Delicie-se com o sabor e a qualidade inigual\u00e1veis do Daawat Original Basmati Rice, agora dispon\u00edvel numa pr\u00e1tica embalagem de 5 kg. Conhecido pelos seus gr\u00e3os longos e finos e pelo seu aroma distinto, o arroz Basmati Daawat \u00e9 um alimento b\u00e1sico nos lares de todo o mundo.<\/p>\n<p>Proveniente dos melhores campos de basmati, o Daawat Original Basmati Rice \u00e9 submetido a rigorosos controlos de qualidade para garantir que apenas os melhores gr\u00e3os chegam \u00e0 sua mesa. Com a sua textura fofa e sabor delicado, esta variedade de arroz \u00e9 perfeita para biryanis, pulao, arroz frito e outras del\u00edcias culin\u00e1rias.<\/p>\n<p>Experimente o sabor aut\u00eantico da cozinha tradicional indiana com o arroz Daawat Original Basmati. Quer esteja a cozinhar para uma ocasi\u00e3o especial ou para as refei\u00e7\u00f5es do dia a dia, o arroz Daawat Basmati vai certamente impressionar. Adicione-o hoje \u00e0 sua despensa e eleve a sua experi\u00eancia gastron\u00f3mica. Dispon\u00edvel agora no Sultan Spices &amp; Supermarket.<\/p>\n<\/div>\n<\/div>\n<\/div>\n<div class=\"mt-1 flex gap-3 empty:hidden\">\n<div class=\"text-gray-400 flex self-end lg:self-center items-center justify-center lg:justify-start mt-0 -ml-1 h-7 gap-[2px] visible\"><\/div>\n<\/div>\n<\/div>\n<\/div>\n<\/div>\n<\/div>\n<\/div>\n<\/div>\n<\/div>\n<\/div>\n<\/div>\n<\/div>","protected":false},"excerpt":{"rendered":"<p>Delicie-se com o sabor e a qualidade inigual\u00e1veis do Daawat Original Basmati Rice, agora dispon\u00edvel numa pr\u00e1tica embalagem de 5 kg. Conhecido pelos seus gr\u00e3os longos e finos e pelo seu aroma distinto, o arroz Basmati Daawat \u00e9 um alimento b\u00e1sico nas casas de todo o mundo. Proveniente dos melhores campos de basmati, o Daawat Original Basmati Rice \u00e9 submetido a rigorosos controlos de qualidade para garantir...<\/p>","protected":false},"featured_media":4571,"comment_status":"open","ping_status":"closed","template":"","meta":{"_kad_blocks_custom_css":"","_kad_blocks_head_custom_js":"","_kad_blocks_body_custom_js":"","_kad_blocks_footer_custom_js":"","_kadence_starter_templates_imported_post":false,"_kad_post_transparent":"default","_kad_post_title":"","_kad_post_layout":"default","_kad_post_sidebar_id":"","_kad_post_content_style":"default","_kad_post_vertical_padding":"default","_kad_post_feature":"","_kad_post_feature_position":"","_kad_post_header":false,"_kad_post_footer":false,"_kad_post_classname":""},"product_brand":[],"product_cat":[53],"product_tag":[],"class_list":{"0":"post-3720","1":"product","2":"type-product","3":"status-publish","4":"has-post-thumbnail","6":"product_cat-rice","8":"first","9":"outofstock","10":"shipping-taxable","11":"purchasable","12":"product-type-simple","13":"entry","14":"content-bg","15":"loop-entry"},"taxonomy_info":{"product_cat":[{"value":53,"label":"Rice"}]},"featured_image_src_large":["https:\/\/sultanspices.es\/wp-content\/uploads\/2023\/11\/ProductsPIX-95-1024x1024.png",1024,1024,true],"author_info":[],"comment_info":1,"jetpack_sharing_enabled":true,"_links":{"self":[{"href":"https:\/\/sultanspices.es\/pt\/wp-json\/wp\/v2\/product\/3720","targetHints":{"allow":["GET"]}}],"collection":[{"href":"https:\/\/sultanspices.es\/pt\/wp-json\/wp\/v2\/product"}],"about":[{"href":"https:\/\/sultanspices.es\/pt\/wp-json\/wp\/v2\/types\/product"}],"replies":[{"embeddable":true,"href":"https:\/\/sultanspices.es\/pt\/wp-json\/wp\/v2\/comments?post=3720"}],"wp:featuredmedia":[{"embeddable":true,"href":"https:\/\/sultanspices.es\/pt\/wp-json\/wp\/v2\/media\/4571"}],"wp:attachment":[{"href":"https:\/\/sultanspices.es\/pt\/wp-json\/wp\/v2\/media?parent=3720"}],"wp:term":[{"taxonomy":"product_brand","embeddable":true,"href":"https:\/\/sultanspices.es\/pt\/wp-json\/wp\/v2\/product_brand?post=3720"},{"taxonomy":"product_cat","embeddable":true,"href":"https:\/\/sultanspices.es\/pt\/wp-json\/wp\/v2\/product_cat?post=3720"},{"taxonomy":"product_tag","embeddable":true,"href":"https:\/\/sultanspices.es\/pt\/wp-json\/wp\/v2\/product_tag?post=3720"}],"curies":[{"name":"wp","href":"https:\/\/api.w.org\/{rel}","templated":true}]}}