{"id":3718,"date":"2023-11-25T16:06:50","date_gmt":"2023-11-25T15:06:50","guid":{"rendered":"https:\/\/sultanspices.es\/almond-oil-ali-baba-250ml\/"},"modified":"2026-02-23T12:40:31","modified_gmt":"2026-02-23T11:40:31","slug":"almond-oil-ali-baba-250ml","status":"publish","type":"product","link":"https:\/\/sultanspices.es\/pt\/produto\/oleo-de-amendoas-ali-baba-250ml\/","title":{"rendered":"\u00d3LEO DE AM\u00caNDOAS ALI BABA 250ML"},"content":{"rendered":"<div class=\"flex-1 overflow-hidden\">\n<div class=\"react-scroll-to-bottom--css-wseun-79elbk h-full\">\n<div class=\"react-scroll-to-bottom--css-wseun-1n7m0yu\">\n<div>\n<div class=\"flex flex-col text-sm pb-9\">\n<div class=\"w-full text-token-text-primary\" dir=\"auto\" data-testid=\"conversation-turn-719\">\n<div class=\"px-4 py-2 justify-center text-base md:gap-6 m-auto\">\n<div class=\"flex flex-1 text-base mx-auto gap-3 juice:gap-4 juice:md:gap-6 md:px-5 lg:px-1 xl:px-5 md:max-w-3xl lg:max-w-[40rem] xl:max-w-[48rem] group final-completion\">\n<div class=\"relative flex w-full flex-col agent-turn\">\n<div class=\"flex-col gap-1 md:gap-3\">\n<div class=\"flex flex-grow flex-col max-w-full\">\n<div class=\"min-h-[20px] text-message flex flex-col items-start gap-3 whitespace-pre-wrap break-words [.text-message+&amp;]:mt-5 overflow-x-auto\" dir=\"auto\" data-message-author-role=\"assistant\" data-message-id=\"09fef345-6e52-4068-b384-6b25070f56a3\">\n<div class=\"markdown prose w-full break-words dark:prose-invert dark\">\n<p>Delicie-se com a bondade luxuosa do \u00d3leo de Am\u00eandoas Ali Baba, agora dispon\u00edvel num pr\u00e1tico frasco de 250 ml. Extra\u00eddo de am\u00eandoas de qualidade superior, este \u00f3leo est\u00e1 repleto de propriedades nutritivas que beneficiam a sua pele, cabelo e bem-estar geral.<\/p>\n<p>O \u00d3leo de Am\u00eandoas Ali Baba \u00e9 rico em vitaminas, minerais e antioxidantes, o que o torna uma escolha ideal para hidratar e rejuvenescer a pele. A sua f\u00f3rmula leve e n\u00e3o oleosa torna-o adequado para todos os tipos de pele, deixando a sua pele macia, suave e hidratada.<\/p>\n<p>Para al\u00e9m dos seus benef\u00edcios para a pele, o \u00d3leo de Am\u00eandoas Ali Baba tamb\u00e9m \u00e9 excelente para nutrir e condicionar o cabelo. Quer seja utilizado como m\u00e1scara capilar, tratamento do couro cabeludo ou condicionador sem enxaguamento, ajuda a promover um cabelo mais forte e saud\u00e1vel com um brilho natural.<\/p>\n<p>Experimente a versatilidade e o toque luxuoso do \u00f3leo de am\u00eandoa Ali Baba. Melhore a sua rotina de cuidados da pele e do cabelo com este \u00f3leo de qualidade superior, dispon\u00edvel agora no Sultan Spices &amp; Supermarket.<\/p>\n<\/div>\n<\/div>\n<\/div>\n<div class=\"mt-1 flex gap-3 empty:hidden\">\n<div class=\"text-gray-400 flex self-end lg:self-center items-center justify-center lg:justify-start mt-0 -ml-1 h-7 gap-[2px] visible\"><\/div>\n<\/div>\n<\/div>\n<\/div>\n<\/div>\n<\/div>\n<\/div>\n<\/div>\n<\/div>\n<\/div>\n<\/div>\n<\/div>","protected":false},"excerpt":{"rendered":"<p>Delicie-se com a bondade luxuosa do \u00d3leo de Am\u00eandoas Ali Baba, agora dispon\u00edvel num pr\u00e1tico frasco de 250 ml. Extra\u00eddo de am\u00eandoas de qualidade superior, este \u00f3leo est\u00e1 repleto de propriedades nutritivas que beneficiam a sua pele, cabelo e bem-estar geral. O \u00d3leo de Am\u00eandoas Ali Baba \u00e9 rico em vitaminas, minerais e antioxidantes, o que o torna uma escolha ideal para hidratar...<\/p>","protected":false},"featured_media":4574,"comment_status":"open","ping_status":"closed","template":"","meta":{"_kad_blocks_custom_css":"","_kad_blocks_head_custom_js":"","_kad_blocks_body_custom_js":"","_kad_blocks_footer_custom_js":"","_kadence_starter_templates_imported_post":false,"_kad_post_transparent":"default","_kad_post_title":"","_kad_post_layout":"default","_kad_post_sidebar_id":"","_kad_post_content_style":"default","_kad_post_vertical_padding":"default","_kad_post_feature":"","_kad_post_feature_position":"","_kad_post_header":false,"_kad_post_footer":false,"_kad_post_classname":""},"product_brand":[],"product_cat":[62],"product_tag":[],"class_list":{"0":"post-3718","1":"product","2":"type-product","3":"status-publish","4":"has-post-thumbnail","6":"product_cat-oils","8":"first","9":"instock","10":"sale","11":"shipping-taxable","12":"purchasable","13":"product-type-simple","14":"entry","15":"content-bg","16":"loop-entry"},"taxonomy_info":{"product_cat":[{"value":62,"label":"Oils"}]},"featured_image_src_large":["https:\/\/sultanspices.es\/wp-content\/uploads\/2023\/11\/ProductsPIX-97-1024x1024.png",1024,1024,true],"author_info":[],"comment_info":0,"jetpack_sharing_enabled":true,"_links":{"self":[{"href":"https:\/\/sultanspices.es\/pt\/wp-json\/wp\/v2\/product\/3718","targetHints":{"allow":["GET"]}}],"collection":[{"href":"https:\/\/sultanspices.es\/pt\/wp-json\/wp\/v2\/product"}],"about":[{"href":"https:\/\/sultanspices.es\/pt\/wp-json\/wp\/v2\/types\/product"}],"replies":[{"embeddable":true,"href":"https:\/\/sultanspices.es\/pt\/wp-json\/wp\/v2\/comments?post=3718"}],"wp:featuredmedia":[{"embeddable":true,"href":"https:\/\/sultanspices.es\/pt\/wp-json\/wp\/v2\/media\/4574"}],"wp:attachment":[{"href":"https:\/\/sultanspices.es\/pt\/wp-json\/wp\/v2\/media?parent=3718"}],"wp:term":[{"taxonomy":"product_brand","embeddable":true,"href":"https:\/\/sultanspices.es\/pt\/wp-json\/wp\/v2\/product_brand?post=3718"},{"taxonomy":"product_cat","embeddable":true,"href":"https:\/\/sultanspices.es\/pt\/wp-json\/wp\/v2\/product_cat?post=3718"},{"taxonomy":"product_tag","embeddable":true,"href":"https:\/\/sultanspices.es\/pt\/wp-json\/wp\/v2\/product_tag?post=3718"}],"curies":[{"name":"wp","href":"https:\/\/api.w.org\/{rel}","templated":true}]}}