{"id":3692,"date":"2023-11-07T21:53:59","date_gmt":"2023-11-07T20:53:59","guid":{"rendered":"https:\/\/sultanspices.es\/tamarindseedless-ali-baba-400g\/"},"modified":"2026-04-15T10:32:48","modified_gmt":"2026-04-15T08:32:48","slug":"tamarindseedless-ali-baba-400g","status":"publish","type":"product","link":"https:\/\/sultanspices.es\/pt\/produto\/sementes-de-tamarindo-ali-baba-400g\/","title":{"rendered":"TAMARINDO (SEM SEMENTES) ALI BABA 400G"},"content":{"rendered":"<div class=\"flex-1 overflow-hidden\">\n<div class=\"react-scroll-to-bottom--css-wseun-79elbk h-full\">\n<div class=\"react-scroll-to-bottom--css-wseun-1n7m0yu\">\n<div>\n<div class=\"flex flex-col text-sm pb-9\">\n<div class=\"w-full text-token-text-primary\" dir=\"auto\" data-testid=\"conversation-turn-723\">\n<div class=\"px-4 py-2 justify-center text-base md:gap-6 m-auto\">\n<div class=\"flex flex-1 text-base mx-auto gap-3 juice:gap-4 juice:md:gap-6 md:px-5 lg:px-1 xl:px-5 md:max-w-3xl lg:max-w-[40rem] xl:max-w-[48rem] group final-completion\">\n<div class=\"relative flex w-full flex-col agent-turn\">\n<div class=\"flex-col gap-1 md:gap-3\">\n<div class=\"flex flex-grow flex-col max-w-full\">\n<div class=\"min-h-[20px] text-message flex flex-col items-start gap-3 whitespace-pre-wrap break-words [.text-message+&amp;]:mt-5 overflow-x-auto\" dir=\"auto\" data-message-author-role=\"assistant\" data-message-id=\"6e3cc094-1b6e-417b-99b4-fe028d11c872\">\n<div class=\"markdown prose w-full break-words dark:prose-invert dark\">\n<p>Experimente o sabor picante e doce do tamarindo sem sementes com o tamarindo de qualidade superior do Ali Baba (sem sementes) 400g. Agora dispon\u00edvel no Sultan Spices &amp; Supermarket.<\/p>\n<p>O tamarindo sem sementes Ali Baba \u00e9 conhecido pelo seu sabor rico e intenso, perfeito para dar profundidade a uma vasta gama de pratos e bebidas. Quer esteja a preparar chutneys picantes, caris salgados, bebidas refrescantes ou sobremesas deliciosas, este tamarindo sem sementes \u00e9 um ingrediente vers\u00e1til que ir\u00e1 elevar as suas cria\u00e7\u00f5es culin\u00e1rias.<\/p>\n<p>Repleto de propriedades naturais e sem sementes, o tamarindo do Ali Baba \u00e9 pr\u00e1tico de utilizar e proporciona sempre um sabor consistente. Adicione-o \u00e0 sua despensa hoje mesmo e realce o sabor das suas receitas favoritas com o sabor aut\u00eantico do tamarindo sem sementes de Ali Baba.<\/p>\n<\/div>\n<\/div>\n<\/div>\n<div class=\"mt-1 flex gap-3 empty:hidden\">\n<div class=\"text-gray-400 flex self-end lg:self-center items-center justify-center lg:justify-start mt-0 -ml-1 h-7 gap-[2px] visible\"><\/div>\n<\/div>\n<\/div>\n<\/div>\n<\/div>\n<\/div>\n<\/div>\n<\/div>\n<\/div>\n<\/div>\n<\/div>\n<\/div>","protected":false},"excerpt":{"rendered":"<p>Experimente o sabor picante e doce do tamarindo sem sementes com o tamarindo de qualidade superior do Ali Baba (sem sementes) 400g. Agora dispon\u00edvel no Sultan Spices &amp; Supermarket. O tamarindo sem sementes do Ali Baba \u00e9 conhecido pelo seu sabor rico e intenso, perfeito para dar profundidade a uma grande variedade de pratos e bebidas. Quer esteja a preparar chutneys picantes, caris saborosos, refrescantes,...<\/p>","protected":false},"featured_media":4579,"comment_status":"open","ping_status":"closed","template":"","meta":{"_kad_blocks_custom_css":"","_kad_blocks_head_custom_js":"","_kad_blocks_body_custom_js":"","_kad_blocks_footer_custom_js":"","_kadence_starter_templates_imported_post":false,"_kad_post_transparent":"default","_kad_post_title":"","_kad_post_layout":"default","_kad_post_sidebar_id":"","_kad_post_content_style":"default","_kad_post_vertical_padding":"default","_kad_post_feature":"","_kad_post_feature_position":"","_kad_post_header":false,"_kad_post_footer":false,"_kad_post_classname":""},"product_brand":[],"product_cat":[50],"product_tag":[],"class_list":{"0":"post-3692","1":"product","2":"type-product","3":"status-publish","4":"has-post-thumbnail","6":"product_cat-spices","8":"first","9":"instock","10":"shipping-taxable","11":"purchasable","12":"product-type-simple","13":"entry","14":"content-bg","15":"loop-entry"},"taxonomy_info":{"product_cat":[{"value":50,"label":"Spices"}]},"featured_image_src_large":["https:\/\/sultanspices.es\/wp-content\/uploads\/2023\/11\/ProductsPIX-99-1024x1024.png",1024,1024,true],"author_info":[],"comment_info":0,"jetpack_sharing_enabled":true,"_links":{"self":[{"href":"https:\/\/sultanspices.es\/pt\/wp-json\/wp\/v2\/product\/3692","targetHints":{"allow":["GET"]}}],"collection":[{"href":"https:\/\/sultanspices.es\/pt\/wp-json\/wp\/v2\/product"}],"about":[{"href":"https:\/\/sultanspices.es\/pt\/wp-json\/wp\/v2\/types\/product"}],"replies":[{"embeddable":true,"href":"https:\/\/sultanspices.es\/pt\/wp-json\/wp\/v2\/comments?post=3692"}],"wp:featuredmedia":[{"embeddable":true,"href":"https:\/\/sultanspices.es\/pt\/wp-json\/wp\/v2\/media\/4579"}],"wp:attachment":[{"href":"https:\/\/sultanspices.es\/pt\/wp-json\/wp\/v2\/media?parent=3692"}],"wp:term":[{"taxonomy":"product_brand","embeddable":true,"href":"https:\/\/sultanspices.es\/pt\/wp-json\/wp\/v2\/product_brand?post=3692"},{"taxonomy":"product_cat","embeddable":true,"href":"https:\/\/sultanspices.es\/pt\/wp-json\/wp\/v2\/product_cat?post=3692"},{"taxonomy":"product_tag","embeddable":true,"href":"https:\/\/sultanspices.es\/pt\/wp-json\/wp\/v2\/product_tag?post=3692"}],"curies":[{"name":"wp","href":"https:\/\/api.w.org\/{rel}","templated":true}]}}