{"id":3687,"date":"2023-11-07T21:53:56","date_gmt":"2023-11-07T20:53:56","guid":{"rendered":"https:\/\/sultanspices.es\/kheer-mix-ahmed-standardplain-160g\/"},"modified":"2026-03-31T18:37:42","modified_gmt":"2026-03-31T16:37:42","slug":"kheer-mix-ahmed-standardplain-160g","status":"publish","type":"product","link":"https:\/\/sultanspices.es\/pt\/produto\/kheer-mix-ahmed-standardplain-160g\/","title":{"rendered":"MISTURA PARA KHEER AHMED STANDARD (SIMPLES) 160G"},"content":{"rendered":"<div class=\"flex-1 overflow-hidden\">\n<div class=\"react-scroll-to-bottom--css-qbbne-79elbk h-full\">\n<div class=\"react-scroll-to-bottom--css-qbbne-1n7m0yu\">\n<div class=\"flex flex-col pb-9 text-sm\">\n<div class=\"w-full text-token-text-primary\" data-testid=\"conversation-turn-65\">\n<div class=\"px-4 py-2 justify-center text-base md:gap-6 m-auto\">\n<div class=\"flex flex-1 text-base mx-auto gap-3 md:px-5 lg:px-1 xl:px-5 md:max-w-3xl lg:max-w-[40rem] xl:max-w-[48rem] group final-completion\">\n<div class=\"relative flex w-full flex-col lg:w-[calc(100%-115px)] agent-turn\">\n<div class=\"flex-col gap-1 md:gap-3\">\n<div class=\"flex flex-grow flex-col max-w-full\">\n<div class=\"min-h-[20px] text-message flex flex-col items-start gap-3 whitespace-pre-wrap break-words [.text-message+&amp;]:mt-5 overflow-x-auto\" data-message-author-role=\"assistant\" data-message-id=\"164acbdc-a39d-4b17-a794-eb3e7c4c8b8e\">\n<div class=\"markdown prose w-full break-words dark:prose-invert dark\">\n<p>Delicie os seus sentidos com o sabor reconfortante da mistura Ahmed Standard (Plain) Kheer Mix 160g, agora oferecida no Sultan Spices &amp; Supermarket. Esta mistura cl\u00e1ssica para sobremesas constitui a base perfeita para a confe\u00e7\u00e3o do tradicional kheer indiano, permitindo-lhe desfrutar facilmente de uma guloseima rica e cremosa em casa.<\/p>\n<p>A mistura Ahmed Standard (Plain) Kheer \u00e9 habilmente misturada com ingredientes de qualidade superior, incluindo arroz, s\u00f3lidos de leite e uma pitada de especiarias arom\u00e1ticas. A sua textura suave e sabor delicado criam uma experi\u00eancia de kheer verdadeiramente aut\u00eantica que faz lembrar as del\u00edcias caseiras.<\/p>\n<p>Preparar o Ahmed Standard (simples) Kheer \u00e9 muito f\u00e1cil. Basta seguir as instru\u00e7\u00f5es simples da embalagem, adicionar a\u00e7\u00facar a gosto e deixar a mistura ferver suavemente at\u00e9 ficar espessa e cremosa. Quer seja servida quente ou fria, esta sobremesa intemporal ir\u00e1 certamente evocar sentimentos de nostalgia e calor.<\/p>\n<p>Experimente a ess\u00eancia da tradi\u00e7\u00e3o culin\u00e1ria indiana com Ahmed Standard (Plain) Kheer Mix 160g, dispon\u00edvel agora no Sultan Spices &amp; Supermarket. Ofere\u00e7a a si e aos seus entes queridos um sabor de do\u00e7ura e tradi\u00e7\u00e3o com cada colherada deste delicioso kheer.<\/p>\n<\/div>\n<\/div>\n<\/div>\n<\/div>\n<\/div>\n<\/div>\n<\/div>\n<\/div>\n<\/div>\n<\/div>\n<\/div>\n<\/div>","protected":false},"excerpt":{"rendered":"<p>Delicie os seus sentidos com o sabor reconfortante da mistura Ahmed Standard (Plain) Kheer Mix 160g, agora oferecida no Sultan Spices &amp; Supermarket. Esta mistura cl\u00e1ssica para sobremesas constitui a base perfeita para a confe\u00e7\u00e3o do tradicional kheer indiano, permitindo-lhe desfrutar facilmente de uma guloseima rica e cremosa em casa. A mistura Ahmed Standard (Plain) Kheer Mix \u00e9 habilmente misturada...<\/p>","protected":false},"featured_media":4038,"comment_status":"open","ping_status":"closed","template":"","meta":{"_kad_blocks_custom_css":"","_kad_blocks_head_custom_js":"","_kad_blocks_body_custom_js":"","_kad_blocks_footer_custom_js":"","_kadence_starter_templates_imported_post":false,"_kad_post_transparent":"default","_kad_post_title":"","_kad_post_layout":"default","_kad_post_sidebar_id":"","_kad_post_content_style":"default","_kad_post_vertical_padding":"default","_kad_post_feature":"","_kad_post_feature_position":"","_kad_post_header":false,"_kad_post_footer":false,"_kad_post_classname":""},"product_brand":[],"product_cat":[48],"product_tag":[],"class_list":{"0":"post-3687","1":"product","2":"type-product","3":"status-publish","4":"has-post-thumbnail","6":"product_cat-dessert-mixes-for-indian-sweets","8":"first","9":"instock","10":"shipping-taxable","11":"purchasable","12":"product-type-simple","13":"entry","14":"content-bg","15":"loop-entry"},"taxonomy_info":{"product_cat":[{"value":48,"label":"Dessert Mixes for Indian Sweets"}]},"featured_image_src_large":["https:\/\/sultanspices.es\/wp-content\/uploads\/2023\/11\/ProductsPIX-29-1024x1024.png",1024,1024,true],"author_info":[],"comment_info":0,"jetpack_sharing_enabled":true,"_links":{"self":[{"href":"https:\/\/sultanspices.es\/pt\/wp-json\/wp\/v2\/product\/3687","targetHints":{"allow":["GET"]}}],"collection":[{"href":"https:\/\/sultanspices.es\/pt\/wp-json\/wp\/v2\/product"}],"about":[{"href":"https:\/\/sultanspices.es\/pt\/wp-json\/wp\/v2\/types\/product"}],"replies":[{"embeddable":true,"href":"https:\/\/sultanspices.es\/pt\/wp-json\/wp\/v2\/comments?post=3687"}],"wp:featuredmedia":[{"embeddable":true,"href":"https:\/\/sultanspices.es\/pt\/wp-json\/wp\/v2\/media\/4038"}],"wp:attachment":[{"href":"https:\/\/sultanspices.es\/pt\/wp-json\/wp\/v2\/media?parent=3687"}],"wp:term":[{"taxonomy":"product_brand","embeddable":true,"href":"https:\/\/sultanspices.es\/pt\/wp-json\/wp\/v2\/product_brand?post=3687"},{"taxonomy":"product_cat","embeddable":true,"href":"https:\/\/sultanspices.es\/pt\/wp-json\/wp\/v2\/product_cat?post=3687"},{"taxonomy":"product_tag","embeddable":true,"href":"https:\/\/sultanspices.es\/pt\/wp-json\/wp\/v2\/product_tag?post=3687"}],"curies":[{"name":"wp","href":"https:\/\/api.w.org\/{rel}","templated":true}]}}