{"id":3676,"date":"2023-11-07T21:53:52","date_gmt":"2023-11-07T20:53:52","guid":{"rendered":"https:\/\/sultanspices.es\/rose-water-ali-baba-190ml\/"},"modified":"2026-04-08T10:23:18","modified_gmt":"2026-04-08T08:23:18","slug":"rose-water-ali-baba-190ml","status":"publish","type":"product","link":"https:\/\/sultanspices.es\/pt\/produto\/agua-de-rosa-ali-baba-190ml\/","title":{"rendered":"\u00c1GUA DE ROSAS ALI BABA 190ML"},"content":{"rendered":"<div class=\"w-full text-token-text-primary\" data-testid=\"conversation-turn-121\">\n<div class=\"px-4 py-2 justify-center text-base md:gap-6 m-auto\">\n<div class=\"flex flex-1 text-base mx-auto gap-3 md:px-5 lg:px-1 xl:px-5 md:max-w-3xl lg:max-w-[40rem] xl:max-w-[48rem] group\">\n<div class=\"relative flex w-full flex-col agent-turn\">\n<div class=\"flex-col gap-1 md:gap-3\">\n<div class=\"flex flex-grow flex-col max-w-full\">\n<div class=\"min-h-[20px] text-message flex flex-col items-start gap-3 whitespace-pre-wrap break-words [.text-message+&amp;]:mt-5 overflow-x-auto\" data-message-author-role=\"assistant\" data-message-id=\"f87ac337-79b9-4022-9f50-69221bd34ff7\">\n<div class=\"markdown prose w-full break-words dark:prose-invert dark\">\n<p>Realce as suas cria\u00e7\u00f5es culin\u00e1rias com o aroma requintado da Ali Baba Rose Water 190ml, agora dispon\u00edvel no Sultan Spices &amp; Supermarket. Esta \u00e1gua de rosas de qualidade superior oferece uma ess\u00eancia floral distinta que d\u00e1 um toque de eleg\u00e2ncia a pratos doces e salgados.<\/p>\n<p>A \u00e1gua de rosas Ali Baba \u00e9 meticulosamente elaborada a partir das p\u00e9talas das melhores rosas, capturando a sua delicada fragr\u00e2ncia e sabor em cada gota. Quer esteja a fazer bolos, a preparar sobremesas ou a aromatizar bebidas, um toque de \u00e1gua de rosas acrescenta uma dimens\u00e3o subtil mas encantadora \u00e0s suas cria\u00e7\u00f5es.<\/p>\n<p>Com a sua pr\u00e1tica embalagem de 190 ml, a \u00e1gua de rosas Ali Baba \u00e9 perfeita tanto para cozinheiros dom\u00e9sticos como para chefes profissionais. Eleve os seus cozinhados com o aroma luxuoso da \u00e1gua de rosas e entregue-se aos seus sentidos com a beleza intemporal desta ess\u00eancia floral.<\/p>\n<p>Experimente a versatilidade culin\u00e1ria da \u00c1gua de Rosas Ali Baba 190ml, dispon\u00edvel agora no Sultan Spices &amp; Supermarket. Transforme os seus pratos em obras-primas culin\u00e1rias e delicie as suas papilas gustativas com o sabor encantador da \u00e1gua de rosas.<\/p>\n<\/div>\n<\/div>\n<\/div>\n<\/div>\n<\/div>\n<\/div>\n<\/div>\n<\/div>","protected":false},"excerpt":{"rendered":"<p>Realce as suas cria\u00e7\u00f5es culin\u00e1rias com o aroma requintado da Ali Baba Rose Water 190ml, agora dispon\u00edvel no Sultan Spices &amp; Supermarket. Esta \u00e1gua de rosas de qualidade superior oferece uma ess\u00eancia floral distinta que d\u00e1 um toque de eleg\u00e2ncia a pratos doces e salgados. A \u00c1gua de Rosas Ali Baba \u00e9 meticulosamente elaborada a partir das p\u00e9talas das melhores...<\/p>","protected":false},"featured_media":4094,"comment_status":"open","ping_status":"closed","template":"","meta":{"_kad_blocks_custom_css":"","_kad_blocks_head_custom_js":"","_kad_blocks_body_custom_js":"","_kad_blocks_footer_custom_js":"","_kadence_starter_templates_imported_post":false,"_kad_post_transparent":"default","_kad_post_title":"","_kad_post_layout":"default","_kad_post_sidebar_id":"","_kad_post_content_style":"default","_kad_post_vertical_padding":"default","_kad_post_feature":"","_kad_post_feature_position":"","_kad_post_header":false,"_kad_post_footer":false,"_kad_post_classname":""},"product_brand":[],"product_cat":[64],"product_tag":[],"class_list":{"0":"post-3676","1":"product","2":"type-product","3":"status-publish","4":"has-post-thumbnail","6":"product_cat-fragrances","8":"first","9":"instock","10":"shipping-taxable","11":"purchasable","12":"product-type-simple","13":"entry","14":"content-bg","15":"loop-entry"},"taxonomy_info":{"product_cat":[{"value":64,"label":"Fragrances"}]},"featured_image_src_large":["https:\/\/sultanspices.es\/wp-content\/uploads\/2023\/11\/ProductsPIX-57-1024x1024.png",1024,1024,true],"author_info":[],"comment_info":0,"jetpack_sharing_enabled":true,"_links":{"self":[{"href":"https:\/\/sultanspices.es\/pt\/wp-json\/wp\/v2\/product\/3676","targetHints":{"allow":["GET"]}}],"collection":[{"href":"https:\/\/sultanspices.es\/pt\/wp-json\/wp\/v2\/product"}],"about":[{"href":"https:\/\/sultanspices.es\/pt\/wp-json\/wp\/v2\/types\/product"}],"replies":[{"embeddable":true,"href":"https:\/\/sultanspices.es\/pt\/wp-json\/wp\/v2\/comments?post=3676"}],"wp:featuredmedia":[{"embeddable":true,"href":"https:\/\/sultanspices.es\/pt\/wp-json\/wp\/v2\/media\/4094"}],"wp:attachment":[{"href":"https:\/\/sultanspices.es\/pt\/wp-json\/wp\/v2\/media?parent=3676"}],"wp:term":[{"taxonomy":"product_brand","embeddable":true,"href":"https:\/\/sultanspices.es\/pt\/wp-json\/wp\/v2\/product_brand?post=3676"},{"taxonomy":"product_cat","embeddable":true,"href":"https:\/\/sultanspices.es\/pt\/wp-json\/wp\/v2\/product_cat?post=3676"},{"taxonomy":"product_tag","embeddable":true,"href":"https:\/\/sultanspices.es\/pt\/wp-json\/wp\/v2\/product_tag?post=3676"}],"curies":[{"name":"wp","href":"https:\/\/api.w.org\/{rel}","templated":true}]}}