{"id":3673,"date":"2023-11-07T21:53:52","date_gmt":"2023-11-07T20:53:52","guid":{"rendered":"https:\/\/sultanspices.es\/haldis-panipurigolgappa-360g\/"},"modified":"2026-03-25T18:06:55","modified_gmt":"2026-03-25T17:06:55","slug":"haldis-panipurigolgappa-360g","status":"publish","type":"product","link":"https:\/\/sultanspices.es\/pt\/produto\/haldis-panipurigolgappa-360g\/","title":{"rendered":"HALDI'S PANIPURI(GOLGAPPA) 360G"},"content":{"rendered":"<div class=\"flex-1 overflow-hidden\">\n<div class=\"react-scroll-to-bottom--css-vlzlj-79elbk h-full\">\n<div class=\"react-scroll-to-bottom--css-vlzlj-1n7m0yu\">\n<div>\n<div class=\"flex flex-col text-sm pb-9\">\n<div class=\"w-full text-token-text-primary\" dir=\"auto\" data-testid=\"conversation-turn-743\">\n<div class=\"px-4 py-2 justify-center text-base md:gap-6 m-auto\">\n<div class=\"flex flex-1 text-base mx-auto gap-3 juice:gap-4 juice:md:gap-6 md:px-5 lg:px-1 xl:px-5 md:max-w-3xl lg:max-w-[40rem] xl:max-w-[48rem] group final-completion\">\n<div class=\"relative flex w-full flex-col agent-turn\">\n<div class=\"flex-col gap-1 md:gap-3\">\n<div class=\"flex flex-grow flex-col max-w-full\">\n<div class=\"min-h-[20px] text-message flex flex-col items-start gap-3 whitespace-pre-wrap break-words [.text-message+&amp;]:mt-5 overflow-x-auto\" dir=\"auto\" data-message-author-role=\"assistant\" data-message-id=\"86002457-cc37-4244-85fe-105cf0179b6f\">\n<div class=\"markdown prose w-full break-words dark:prose-invert dark\">\n<p>Apresentamos o Kit RTE Panipuri (Golgappa) da Haldi, uma forma c\u00f3moda e deliciosa de saborear o adorado snack de comida de rua no conforto da sua casa, agora dispon\u00edvel no Sultan Spices &amp; Supermarket. Cada kit cont\u00e9m 360 g de ingredientes cuidadosamente selecionados para o ajudar a criar panipuri aut\u00eantico e saboroso com facilidade.<\/p>\n<p>Com o Haldi's Panipuri RTE Kit, pode experimentar os sabores picantes e condimentados do panipuri sem o inc\u00f3modo de preparar cada componente separadamente. O kit inclui puris estaladi\u00e7os, chutney de tamarindo picante, chutney de menta picante e \u00e1gua de masala saborosa, permitindo-lhe montar e desfrutar de panipuri de fazer crescer \u00e1gua na boca em minutos.<\/p>\n<p>Quer esteja a organizar uma reuni\u00e3o com amigos e familiares ou simplesmente a desejar um lanche r\u00e1pido e saboroso, o Kit Panipuri RTE da Haldi ir\u00e1 certamente satisfazer os seus desejos. Basta seguir as instru\u00e7\u00f5es f\u00e1ceis fornecidas na embalagem para montar o seu panipuri e deliciar-se com os sabores irresist\u00edveis desta popular comida de rua indiana.<\/p>\n<p>D\u00ea mais emo\u00e7\u00e3o \u00e0 sua hora do lanche com o Kit Panipuri RTE da Haldi, dispon\u00edvel agora no Sultan Spices &amp; Supermarket. Desfrute do sabor aut\u00eantico do panipuri em qualquer altura e em qualquer lugar!<\/p>\n<\/div>\n<\/div>\n<\/div>\n<\/div>\n<\/div>\n<\/div>\n<\/div>\n<\/div>\n<\/div>\n<\/div>\n<\/div>\n<\/div>\n<\/div>","protected":false},"excerpt":{"rendered":"<p>Apresentamos o Kit RTE Panipuri (Golgappa) da Haldi, uma forma c\u00f3moda e deliciosa de saborear o adorado snack de comida de rua no conforto da sua casa, agora dispon\u00edvel no Sultan Spices &amp; Supermarket. Cada kit cont\u00e9m 360 g de ingredientes cuidadosamente seleccionados para o ajudar a criar panipuri aut\u00eantico e saboroso com facilidade. Com o Kit Panipuri RTE da Haldi,...<\/p>","protected":false},"featured_media":4596,"comment_status":"open","ping_status":"closed","template":"","meta":{"_kad_blocks_custom_css":"","_kad_blocks_head_custom_js":"","_kad_blocks_body_custom_js":"","_kad_blocks_footer_custom_js":"","_kadence_starter_templates_imported_post":false,"_kad_post_transparent":"default","_kad_post_title":"","_kad_post_layout":"default","_kad_post_sidebar_id":"","_kad_post_content_style":"default","_kad_post_vertical_padding":"default","_kad_post_feature":"","_kad_post_feature_position":"","_kad_post_header":false,"_kad_post_footer":false,"_kad_post_classname":""},"product_brand":[],"product_cat":[56,54],"product_tag":[],"class_list":{"0":"post-3673","1":"product","2":"type-product","3":"status-publish","4":"has-post-thumbnail","6":"product_cat-indian-snacks","7":"product_cat-instant-meals-rte","9":"first","10":"instock","11":"shipping-taxable","12":"purchasable","13":"product-type-simple","14":"entry","15":"content-bg","16":"loop-entry"},"taxonomy_info":{"product_cat":[{"value":56,"label":"Snacks"},{"value":54,"label":"Instant meals RTE"}]},"featured_image_src_large":["https:\/\/sultanspices.es\/wp-content\/uploads\/2023\/11\/ProductsPIX-2024-04-14T121013.125-1024x1024.png",1024,1024,true],"author_info":[],"comment_info":0,"jetpack_sharing_enabled":true,"_links":{"self":[{"href":"https:\/\/sultanspices.es\/pt\/wp-json\/wp\/v2\/product\/3673","targetHints":{"allow":["GET"]}}],"collection":[{"href":"https:\/\/sultanspices.es\/pt\/wp-json\/wp\/v2\/product"}],"about":[{"href":"https:\/\/sultanspices.es\/pt\/wp-json\/wp\/v2\/types\/product"}],"replies":[{"embeddable":true,"href":"https:\/\/sultanspices.es\/pt\/wp-json\/wp\/v2\/comments?post=3673"}],"wp:featuredmedia":[{"embeddable":true,"href":"https:\/\/sultanspices.es\/pt\/wp-json\/wp\/v2\/media\/4596"}],"wp:attachment":[{"href":"https:\/\/sultanspices.es\/pt\/wp-json\/wp\/v2\/media?parent=3673"}],"wp:term":[{"taxonomy":"product_brand","embeddable":true,"href":"https:\/\/sultanspices.es\/pt\/wp-json\/wp\/v2\/product_brand?post=3673"},{"taxonomy":"product_cat","embeddable":true,"href":"https:\/\/sultanspices.es\/pt\/wp-json\/wp\/v2\/product_cat?post=3673"},{"taxonomy":"product_tag","embeddable":true,"href":"https:\/\/sultanspices.es\/pt\/wp-json\/wp\/v2\/product_tag?post=3673"}],"curies":[{"name":"wp","href":"https:\/\/api.w.org\/{rel}","templated":true}]}}