{"id":3669,"date":"2023-11-07T21:53:52","date_gmt":"2023-11-07T20:53:52","guid":{"rendered":"https:\/\/sultanspices.es\/alaska-sweet-condensed-milk-397g\/"},"modified":"2026-02-23T12:40:27","modified_gmt":"2026-02-23T11:40:27","slug":"alaska-sweet-condensed-milk-397g","status":"publish","type":"product","link":"https:\/\/sultanspices.es\/pt\/produto\/leite-condensado-doce-do-alasca-397g\/","title":{"rendered":"LEITE CONDENSADO DOCE ALASKA 397G"},"content":{"rendered":"<div class=\"flex-1 overflow-hidden\">\n<div class=\"react-scroll-to-bottom--css-vlzlj-79elbk h-full\">\n<div class=\"react-scroll-to-bottom--css-vlzlj-1n7m0yu\">\n<div>\n<div class=\"flex flex-col text-sm pb-9\">\n<div class=\"w-full text-token-text-primary\" dir=\"auto\" data-testid=\"conversation-turn-739\">\n<div class=\"px-4 py-2 justify-center text-base md:gap-6 m-auto\">\n<div class=\"flex flex-1 text-base mx-auto gap-3 juice:gap-4 juice:md:gap-6 md:px-5 lg:px-1 xl:px-5 md:max-w-3xl lg:max-w-[40rem] xl:max-w-[48rem] group final-completion\">\n<div class=\"relative flex w-full flex-col agent-turn\">\n<div class=\"flex-col gap-1 md:gap-3\">\n<div class=\"flex flex-grow flex-col max-w-full\">\n<div class=\"min-h-[20px] text-message flex flex-col items-start gap-3 whitespace-pre-wrap break-words [.text-message+&amp;]:mt-5 overflow-x-auto\" dir=\"auto\" data-message-author-role=\"assistant\" data-message-id=\"c95debf3-b2e1-4fd6-9632-4744fa10c6f8\">\n<div class=\"markdown prose w-full break-words dark:prose-invert dark\">\n<p>Delicie-se com a cremosidade do Leite Condensado Doce Alaska 397g, agora dispon\u00edvel no Sultan Spices &amp; Supermarket. Feito de leite e a\u00e7\u00facar de alta qualidade, este leite condensado ado\u00e7ado \u00e9 um ingrediente vers\u00e1til que acrescenta riqueza e do\u00e7ura a uma variedade de sobremesas e bebidas.<\/p>\n<p>Quer esteja a preparar sobremesas cl\u00e1ssicas como flan, bolo tres leches ou caramelo, ou a dar um toque delicioso ao seu caf\u00e9 ou ch\u00e1, o Leite Condensado Doce Alaska \u00e9 a escolha perfeita. A sua textura suave e o seu sabor doce fazem dele um favorito entre os cozinheiros dom\u00e9sticos e os chefes profissionais.<\/p>\n<p>D\u00ea um toque especial \u00e0s suas sobremesas e bebidas com o sabor rico e cremoso do Leite Condensado Doce Alaska 397g. Experimente a conveni\u00eancia e a qualidade deste produto b\u00e1sico de despensa, agora dispon\u00edvel no Sultan Spices &amp; Supermarket.<\/p>\n<\/div>\n<\/div>\n<\/div>\n<div class=\"mt-1 flex gap-3 empty:hidden\">\n<div class=\"text-gray-400 flex self-end lg:self-center items-center justify-center lg:justify-start mt-0 -ml-1 h-7 gap-[2px] visible\"><\/div>\n<\/div>\n<\/div>\n<\/div>\n<\/div>\n<\/div>\n<\/div>\n<\/div>\n<\/div>\n<\/div>\n<\/div>\n<\/div>","protected":false},"excerpt":{"rendered":"<p>Delicie-se com a cremosidade do Leite Condensado Doce Alaska 397g, agora dispon\u00edvel no Sultan Spices &amp; Supermarket. Feito de leite e a\u00e7\u00facar de alta qualidade, este leite condensado \u00e9 um ingrediente vers\u00e1til que acrescenta riqueza e do\u00e7ura a uma variedade de sobremesas e bebidas. Quer esteja a preparar sobremesas cl\u00e1ssicas como flan, bolo tres leches, ou...<\/p>","protected":false},"featured_media":4592,"comment_status":"open","ping_status":"closed","template":"","meta":{"_kad_blocks_custom_css":"","_kad_blocks_head_custom_js":"","_kad_blocks_body_custom_js":"","_kad_blocks_footer_custom_js":"","_kadence_starter_templates_imported_post":false,"_kad_post_transparent":"default","_kad_post_title":"","_kad_post_layout":"default","_kad_post_sidebar_id":"","_kad_post_content_style":"default","_kad_post_vertical_padding":"default","_kad_post_feature":"","_kad_post_feature_position":"","_kad_post_header":false,"_kad_post_footer":false,"_kad_post_classname":""},"product_brand":[],"product_cat":[61],"product_tag":[],"class_list":{"0":"post-3669","1":"product","2":"type-product","3":"status-publish","4":"has-post-thumbnail","6":"product_cat-dairy-productsghee","8":"first","9":"instock","10":"sale","11":"shipping-taxable","12":"purchasable","13":"product-type-simple","14":"entry","15":"content-bg","16":"loop-entry"},"taxonomy_info":{"product_cat":[{"value":61,"label":"Dairy Products(ghee)"}]},"featured_image_src_large":["https:\/\/sultanspices.es\/wp-content\/uploads\/2023\/11\/ProductsPIX-2024-04-14T120640.574-1024x1024.png",1024,1024,true],"author_info":[],"comment_info":1,"jetpack_sharing_enabled":true,"_links":{"self":[{"href":"https:\/\/sultanspices.es\/pt\/wp-json\/wp\/v2\/product\/3669","targetHints":{"allow":["GET"]}}],"collection":[{"href":"https:\/\/sultanspices.es\/pt\/wp-json\/wp\/v2\/product"}],"about":[{"href":"https:\/\/sultanspices.es\/pt\/wp-json\/wp\/v2\/types\/product"}],"replies":[{"embeddable":true,"href":"https:\/\/sultanspices.es\/pt\/wp-json\/wp\/v2\/comments?post=3669"}],"wp:featuredmedia":[{"embeddable":true,"href":"https:\/\/sultanspices.es\/pt\/wp-json\/wp\/v2\/media\/4592"}],"wp:attachment":[{"href":"https:\/\/sultanspices.es\/pt\/wp-json\/wp\/v2\/media?parent=3669"}],"wp:term":[{"taxonomy":"product_brand","embeddable":true,"href":"https:\/\/sultanspices.es\/pt\/wp-json\/wp\/v2\/product_brand?post=3669"},{"taxonomy":"product_cat","embeddable":true,"href":"https:\/\/sultanspices.es\/pt\/wp-json\/wp\/v2\/product_cat?post=3669"},{"taxonomy":"product_tag","embeddable":true,"href":"https:\/\/sultanspices.es\/pt\/wp-json\/wp\/v2\/product_tag?post=3669"}],"curies":[{"name":"wp","href":"https:\/\/api.w.org\/{rel}","templated":true}]}}