{"id":3667,"date":"2023-11-07T21:53:52","date_gmt":"2023-11-07T20:53:52","guid":{"rendered":"https:\/\/sultanspices.es\/agarbatti-hexa-rose\/"},"modified":"2026-02-27T18:13:28","modified_gmt":"2026-02-27T17:13:28","slug":"agarbatti-hexa-rose","status":"publish","type":"product","link":"https:\/\/sultanspices.es\/pt\/produto\/agarbatti-hexa-rosa\/","title":{"rendered":"AGARBATTI HEXA ROSE"},"content":{"rendered":"<div class=\"flex-1 overflow-hidden\">\n<div class=\"react-scroll-to-bottom--css-pgoyk-79elbk h-full\">\n<div class=\"react-scroll-to-bottom--css-pgoyk-1n7m0yu\">\n<div class=\"flex flex-col pb-9 text-sm\">\n<div class=\"w-full text-token-text-primary\" data-testid=\"conversation-turn-125\">\n<div class=\"px-4 py-2 justify-center text-base md:gap-6 m-auto\">\n<div class=\"flex flex-1 text-base mx-auto gap-3 md:px-5 lg:px-1 xl:px-5 md:max-w-3xl lg:max-w-[40rem] xl:max-w-[48rem] group final-completion\">\n<div class=\"relative flex w-full flex-col agent-turn\">\n<div class=\"flex-col gap-1 md:gap-3\">\n<div class=\"flex flex-grow flex-col max-w-full\">\n<div class=\"min-h-[20px] text-message flex flex-col items-start gap-3 whitespace-pre-wrap break-words [.text-message+&amp;]:mt-5 overflow-x-auto\" data-message-author-role=\"assistant\" data-message-id=\"faaea73c-cfb7-43b3-abc5-c4ad0baf9519\">\n<div class=\"markdown prose w-full break-words dark:prose-invert dark\">\n<p>Mergulhe no aroma suave das rosas com Hexa Rose Agarbatti, agora dispon\u00edvel no Sultan Spices &amp; Supermarket. Criados com cuidado, estes paus de incenso oferecem uma mistura perfumada que enche o seu espa\u00e7o com o aroma encantador de rosas frescas.<\/p>\n<p>O Hexa Rose Agarbatti \u00e9 meticulosamente fabricado com ingredientes de alta qualidade, garantindo uma fragr\u00e2ncia duradoura e consistente. Quer os utilize para medita\u00e7\u00e3o, relaxamento ou simplesmente para refrescar a sua casa, estes paus de incenso criam uma atmosfera calmante que melhora o seu estado de esp\u00edrito e acalma os seus sentidos.<\/p>\n<p>Experimente a beleza intemporal das rosas com Hexa Rose Agarbatti, dispon\u00edvel agora no Sultan Spices &amp; Supermarket. Transforme qualquer espa\u00e7o num santu\u00e1rio perfumado e deixe que o delicado aroma das rosas o envolva em tranquilidade e serenidade.<\/p>\n<\/div>\n<\/div>\n<\/div>\n<\/div>\n<\/div>\n<\/div>\n<\/div>\n<\/div>\n<\/div>\n<\/div>\n<\/div>\n<\/div>","protected":false},"excerpt":{"rendered":"<p>Mergulhe no aroma suave das rosas com Hexa Rose Agarbatti, agora dispon\u00edvel no Sultan Spices &amp; Supermarket. Criados com cuidado, estes paus de incenso oferecem uma mistura perfumada que preenche o seu espa\u00e7o com o aroma encantador de rosas frescas. O Hexa Rose Agarbatti \u00e9 meticulosamente fabricado com ingredientes de alta qualidade, garantindo uma fragr\u00e2ncia duradoura e consistente....<\/p>","protected":false},"featured_media":4096,"comment_status":"open","ping_status":"closed","template":"","meta":{"_kad_blocks_custom_css":"","_kad_blocks_head_custom_js":"","_kad_blocks_body_custom_js":"","_kad_blocks_footer_custom_js":"","_kadence_starter_templates_imported_post":false,"_kad_post_transparent":"default","_kad_post_title":"","_kad_post_layout":"default","_kad_post_sidebar_id":"","_kad_post_content_style":"default","_kad_post_vertical_padding":"default","_kad_post_feature":"","_kad_post_feature_position":"","_kad_post_header":false,"_kad_post_footer":false,"_kad_post_classname":""},"product_brand":[],"product_cat":[64],"product_tag":[],"class_list":{"0":"post-3667","1":"product","2":"type-product","3":"status-publish","4":"has-post-thumbnail","6":"product_cat-fragrances","8":"first","9":"instock","10":"shipping-taxable","11":"purchasable","12":"product-type-simple","13":"entry","14":"content-bg","15":"loop-entry"},"taxonomy_info":{"product_cat":[{"value":64,"label":"Fragrances"}]},"featured_image_src_large":["https:\/\/sultanspices.es\/wp-content\/uploads\/2023\/11\/ProductsPIX-59-1024x1024.png",1024,1024,true],"author_info":[],"comment_info":0,"jetpack_sharing_enabled":true,"_links":{"self":[{"href":"https:\/\/sultanspices.es\/pt\/wp-json\/wp\/v2\/product\/3667","targetHints":{"allow":["GET"]}}],"collection":[{"href":"https:\/\/sultanspices.es\/pt\/wp-json\/wp\/v2\/product"}],"about":[{"href":"https:\/\/sultanspices.es\/pt\/wp-json\/wp\/v2\/types\/product"}],"replies":[{"embeddable":true,"href":"https:\/\/sultanspices.es\/pt\/wp-json\/wp\/v2\/comments?post=3667"}],"wp:featuredmedia":[{"embeddable":true,"href":"https:\/\/sultanspices.es\/pt\/wp-json\/wp\/v2\/media\/4096"}],"wp:attachment":[{"href":"https:\/\/sultanspices.es\/pt\/wp-json\/wp\/v2\/media?parent=3667"}],"wp:term":[{"taxonomy":"product_brand","embeddable":true,"href":"https:\/\/sultanspices.es\/pt\/wp-json\/wp\/v2\/product_brand?post=3667"},{"taxonomy":"product_cat","embeddable":true,"href":"https:\/\/sultanspices.es\/pt\/wp-json\/wp\/v2\/product_cat?post=3667"},{"taxonomy":"product_tag","embeddable":true,"href":"https:\/\/sultanspices.es\/pt\/wp-json\/wp\/v2\/product_tag?post=3667"}],"curies":[{"name":"wp","href":"https:\/\/api.w.org\/{rel}","templated":true}]}}