{"id":3257,"date":"2023-09-22T21:37:54","date_gmt":"2023-09-22T19:37:54","guid":{"rendered":"https:\/\/sultanspices.es\/?post_type=product&#038;p=3257"},"modified":"2026-02-23T12:40:46","modified_gmt":"2026-02-23T11:40:46","slug":"ali-baba-gram-flour-besan-2-kg","status":"publish","type":"product","link":"https:\/\/sultanspices.es\/pt\/produto\/ali-baba-grama-farinha-besan-2-kg\/","title":{"rendered":"FARINHA DE GRAMA ALI BABA PREMIUM 2KG"},"content":{"rendered":"<div class=\"group w-full text-token-text-primary border-b border-black\/10 dark:border-gray-900\/50 bg-gray-50 dark:bg-[#444654]\">\n<div class=\"flex p-4 gap-4 text-base md:gap-6 md:max-w-2xl lg:max-w-[38rem] xl:max-w-3xl md:py-6 lg:px-0 m-auto\">\n<div class=\"relative flex w-[calc(100%-50px)] flex-col gap-1 md:gap-3 lg:w-[calc(100%-115px)]\">\n<div class=\"flex flex-grow flex-col gap-3\">\n<div class=\"min-h-[20px] flex flex-col items-start gap-3 overflow-x-auto whitespace-pre-wrap break-words\">\n<div class=\"markdown prose w-full break-words dark:prose-invert light\">\n<p>Eleve as suas cria\u00e7\u00f5es culin\u00e1rias com o vers\u00e1til Ali Baba Besan. Este pacote de 2 kg oferece besan de alta qualidade, tamb\u00e9m conhecido como farinha de gr\u00e3o-de-bico, conhecido pelo seu sabor a nozes e textura fina. O Ali Baba Besan \u00e9 cuidadosamente adquirido e embalado para garantir uma \u00f3ptima qualidade e frescura. Um alimento b\u00e1sico em v\u00e1rias cozinhas, especialmente na indiana e no M\u00e9dio Oriente, o besan \u00e9 utilizado para criar uma grande variedade de pratos. Desde pakoras estaladi\u00e7as e dhoklas salgadas a doces tradicionais como o besan ladoo, as suas utiliza\u00e7\u00f5es s\u00e3o diversas e deliciosas. Com o seu sabor \u00fanico e consist\u00eancia suave, Ali Baba Besan acrescenta profundidade e riqueza \u00e0s suas receitas. Quer seja um cozinheiro dom\u00e9stico ou um chefe de cozinha profissional, o Ali Baba Besan \u00e9 um ingrediente essencial que confere sabor e textura aos seus pratos. Experimente os sabores aut\u00eanticos desta farinha adorada e leve os seus cozinhados a novos n\u00edveis de sabor e criatividade.<\/p>\n<\/div>\n<\/div>\n<\/div>\n<\/div>\n<\/div>\n<\/div>","protected":false},"excerpt":{"rendered":"<p>Eleve as suas cria\u00e7\u00f5es culin\u00e1rias com o vers\u00e1til Ali Baba Besan. Este pacote de 2 kg oferece besan de alta qualidade, tamb\u00e9m conhecido como farinha de gr\u00e3o-de-bico, conhecido pelo seu sabor a nozes e textura fina. O Ali Baba Besan \u00e9 cuidadosamente adquirido e embalado para garantir uma \u00f3ptima qualidade e frescura. Um alimento b\u00e1sico em v\u00e1rias cozinhas, especialmente na \u00cdndia e no M\u00e9dio Oriente, o besan \u00e9...<\/p>","protected":false},"featured_media":2452,"comment_status":"open","ping_status":"closed","template":"","meta":{"_kad_blocks_custom_css":"","_kad_blocks_head_custom_js":"","_kad_blocks_body_custom_js":"","_kad_blocks_footer_custom_js":"","_kadence_starter_templates_imported_post":false,"_kad_post_transparent":"default","_kad_post_title":"","_kad_post_layout":"default","_kad_post_sidebar_id":"","_kad_post_content_style":"default","_kad_post_vertical_padding":"default","_kad_post_feature":"","_kad_post_feature_position":"","_kad_post_header":false,"_kad_post_footer":false,"_kad_post_classname":""},"product_brand":[],"product_cat":[52],"product_tag":[],"class_list":{"0":"post-3257","1":"product","2":"type-product","3":"status-publish","4":"has-post-thumbnail","6":"product_cat-flour","8":"first","9":"instock","10":"sale","11":"shipping-taxable","12":"purchasable","13":"product-type-simple","14":"entry","15":"content-bg","16":"loop-entry"},"taxonomy_info":{"product_cat":[{"value":52,"label":"Flour"}]},"featured_image_src_large":["https:\/\/sultanspices.es\/wp-content\/uploads\/2023\/08\/Gram-Flour-2kg.jpg",600,600,false],"author_info":[],"comment_info":0,"jetpack_sharing_enabled":true,"_links":{"self":[{"href":"https:\/\/sultanspices.es\/pt\/wp-json\/wp\/v2\/product\/3257","targetHints":{"allow":["GET"]}}],"collection":[{"href":"https:\/\/sultanspices.es\/pt\/wp-json\/wp\/v2\/product"}],"about":[{"href":"https:\/\/sultanspices.es\/pt\/wp-json\/wp\/v2\/types\/product"}],"replies":[{"embeddable":true,"href":"https:\/\/sultanspices.es\/pt\/wp-json\/wp\/v2\/comments?post=3257"}],"wp:featuredmedia":[{"embeddable":true,"href":"https:\/\/sultanspices.es\/pt\/wp-json\/wp\/v2\/media\/2452"}],"wp:attachment":[{"href":"https:\/\/sultanspices.es\/pt\/wp-json\/wp\/v2\/media?parent=3257"}],"wp:term":[{"taxonomy":"product_brand","embeddable":true,"href":"https:\/\/sultanspices.es\/pt\/wp-json\/wp\/v2\/product_brand?post=3257"},{"taxonomy":"product_cat","embeddable":true,"href":"https:\/\/sultanspices.es\/pt\/wp-json\/wp\/v2\/product_cat?post=3257"},{"taxonomy":"product_tag","embeddable":true,"href":"https:\/\/sultanspices.es\/pt\/wp-json\/wp\/v2\/product_tag?post=3257"}],"curies":[{"name":"wp","href":"https:\/\/api.w.org\/{rel}","templated":true}]}}