{"id":3255,"date":"2023-09-22T21:37:54","date_gmt":"2023-09-22T19:37:54","guid":{"rendered":"https:\/\/sultanspices.es\/?post_type=product&#038;p=3255"},"modified":"2025-07-19T10:59:53","modified_gmt":"2025-07-19T08:59:53","slug":"ali-baba-butter-ghee-800-g","status":"publish","type":"product","link":"https:\/\/sultanspices.es\/pt\/produto\/ali-baba-butter-ghee-800-g\/","title":{"rendered":"MANTEIGA AL BADIA GHEE 800 G"},"content":{"rendered":"<div class=\"group w-full text-token-text-primary border-b border-black\/10 dark:border-gray-900\/50 bg-gray-50 dark:bg-[#444654]\">\n<div class=\"flex p-4 gap-4 text-base md:gap-6 md:max-w-2xl lg:max-w-[38rem] xl:max-w-3xl md:py-6 lg:px-0 m-auto\">\n<div class=\"relative flex w-[calc(100%-50px)] flex-col gap-1 md:gap-3 lg:w-[calc(100%-115px)]\">\n<div class=\"flex flex-grow flex-col gap-3\">\n<div class=\"min-h-[20px] flex flex-col items-start gap-3 overflow-x-auto whitespace-pre-wrap break-words\">\n<div class=\"markdown prose w-full break-words dark:prose-invert light\">\n<p>Experimente os sabores ricos e arom\u00e1ticos de Ali Baba Butter Ghee. Este frasco de 800 g oferece manteiga clarificada de alta qualidade, tamb\u00e9m conhecida como ghee, conhecida pelo seu sabor rico e versatilidade. A Ali Baba Butter Ghee \u00e9 cuidadosamente fabricada e embalada para garantir uma \u00f3ptima qualidade e frescura. Feito a partir de manteiga pura que foi fervida at\u00e9 \u00e0 perfei\u00e7\u00e3o, este ghee \u00e9 um alimento b\u00e1sico na cozinha indiana e do M\u00e9dio Oriente. \u00c9 utilizado para cozinhar, fritar e saltear, acrescentando um sabor profundo a nozes aos seus pratos. O Ali Baba Butter Ghee tamb\u00e9m \u00e9 normalmente utilizado na confe\u00e7\u00e3o de doces e sobremesas. Com o seu aroma rico e textura suave, Ali Baba Butter Ghee eleva os sabores das suas cria\u00e7\u00f5es culin\u00e1rias. Quer seja um cozinheiro dom\u00e9stico ou um chefe de cozinha profissional, Ali Baba Butter Ghee \u00e9 um ingrediente essencial que confere sabor e tradi\u00e7\u00e3o \u00e0s suas receitas. Experimente o sabor aut\u00eantico desta adorada gordura de cozinha e realce os seus pratos com os sabores requintados de Ali Baba Butter Ghee.<\/p>\n<\/div>\n<\/div>\n<\/div>\n<\/div>\n<\/div>\n<\/div>","protected":false},"excerpt":{"rendered":"<p>Experimente os sabores ricos e arom\u00e1ticos de Ali Baba Butter Ghee. Este frasco de 800 g oferece manteiga clarificada de alta qualidade, tamb\u00e9m conhecida como ghee, conhecida pelo seu sabor rico e versatilidade. A Ali Baba Butter Ghee \u00e9 cuidadosamente fabricada e embalada para garantir uma \u00f3ptima qualidade e frescura. Feito a partir de manteiga pura que foi fervida na perfei\u00e7\u00e3o, este...<\/p>","protected":false},"featured_media":2451,"comment_status":"open","ping_status":"closed","template":"","meta":{"_kad_blocks_custom_css":"","_kad_blocks_head_custom_js":"","_kad_blocks_body_custom_js":"","_kad_blocks_footer_custom_js":"","_kadence_starter_templates_imported_post":false,"_kad_post_transparent":"","_kad_post_title":"","_kad_post_layout":"","_kad_post_sidebar_id":"","_kad_post_content_style":"","_kad_post_vertical_padding":"","_kad_post_feature":"","_kad_post_feature_position":"","_kad_post_header":false,"_kad_post_footer":false,"_kad_post_classname":""},"product_brand":[],"product_cat":[61],"product_tag":[],"class_list":{"0":"post-3255","1":"product","2":"type-product","3":"status-publish","4":"has-post-thumbnail","6":"product_cat-dairy-productsghee","8":"first","9":"outofstock","10":"shipping-taxable","11":"purchasable","12":"product-type-simple","13":"entry","14":"content-bg","15":"loop-entry"},"taxonomy_info":{"product_cat":[{"value":61,"label":"Dairy Products(ghee)"}]},"featured_image_src_large":["https:\/\/sultanspices.es\/wp-content\/uploads\/2023\/08\/Butter-Ghee-1kg.jpg",600,600,false],"author_info":[],"comment_info":0,"jetpack_sharing_enabled":true,"_links":{"self":[{"href":"https:\/\/sultanspices.es\/pt\/wp-json\/wp\/v2\/product\/3255","targetHints":{"allow":["GET"]}}],"collection":[{"href":"https:\/\/sultanspices.es\/pt\/wp-json\/wp\/v2\/product"}],"about":[{"href":"https:\/\/sultanspices.es\/pt\/wp-json\/wp\/v2\/types\/product"}],"replies":[{"embeddable":true,"href":"https:\/\/sultanspices.es\/pt\/wp-json\/wp\/v2\/comments?post=3255"}],"wp:featuredmedia":[{"embeddable":true,"href":"https:\/\/sultanspices.es\/pt\/wp-json\/wp\/v2\/media\/2451"}],"wp:attachment":[{"href":"https:\/\/sultanspices.es\/pt\/wp-json\/wp\/v2\/media?parent=3255"}],"wp:term":[{"taxonomy":"product_brand","embeddable":true,"href":"https:\/\/sultanspices.es\/pt\/wp-json\/wp\/v2\/product_brand?post=3255"},{"taxonomy":"product_cat","embeddable":true,"href":"https:\/\/sultanspices.es\/pt\/wp-json\/wp\/v2\/product_cat?post=3255"},{"taxonomy":"product_tag","embeddable":true,"href":"https:\/\/sultanspices.es\/pt\/wp-json\/wp\/v2\/product_tag?post=3255"}],"curies":[{"name":"wp","href":"https:\/\/api.w.org\/{rel}","templated":true}]}}