{"id":3250,"date":"2023-09-22T21:37:54","date_gmt":"2023-09-22T19:37:54","guid":{"rendered":"https:\/\/sultanspices.es\/?post_type=product&#038;p=3250"},"modified":"2026-04-06T21:36:34","modified_gmt":"2026-04-06T19:36:34","slug":"haldiram-soan-papdi-500g","status":"publish","type":"product","link":"https:\/\/sultanspices.es\/pt\/produto\/haldiram-soan-papdi-500g\/","title":{"rendered":"HALDI'S SWEET SOAN PAPDI 500G"},"content":{"rendered":"<div class=\"group w-full text-token-text-primary border-b border-black\/10 dark:border-gray-900\/50 bg-gray-50 dark:bg-[#444654]\">\n<div class=\"flex p-4 gap-4 text-base md:gap-6 md:max-w-2xl lg:max-w-[38rem] xl:max-w-3xl md:py-6 lg:px-0 m-auto\">\n<div class=\"relative flex w-[calc(100%-50px)] flex-col gap-1 md:gap-3 lg:w-[calc(100%-115px)]\">\n<div class=\"flex flex-grow flex-col gap-3\">\n<div class=\"min-h-[20px] flex flex-col items-start gap-3 overflow-x-auto whitespace-pre-wrap break-words\">\n<div class=\"markdown prose w-full break-words dark:prose-invert light\">\n<p>Delicie-se com a do\u00e7ura deliciosa de Haldiram Soan Papdi. Esta embalagem de 500 g oferece a famosa sobremesa indiana, cuidadosamente confeccionada e embalada para garantir uma frescura \u00f3ptima. O Haldiram Soan Papdi \u00e9 um doce tradicional feito de farinha de grama fina, ghee e a\u00e7\u00facar, criando delicadas camadas de do\u00e7ura que se derretem na boca. \u00c9 uma sobremesa muito apreciada em v\u00e1rias ocasi\u00f5es, desde festivais a reuni\u00f5es especiais. Com a sua textura \u00fanica e aroma doce, o Haldiram Soan Papdi \u00e9 uma deliciosa indulg\u00eancia para as suas papilas gustativas. Quer esteja a satisfazer os seus desejos de doces ou a partilhar momentos de alegria com os seus entes queridos, Haldiram Soan Papdi acrescenta um toque de do\u00e7ura tradicional a cada dentada. Experimente os sabores aut\u00eanticos desta adorada sobremesa e saboreie os momentos de puro deleite que ela proporciona.<\/p>\n<\/div>\n<\/div>\n<\/div>\n<\/div>\n<\/div>\n<\/div>","protected":false},"excerpt":{"rendered":"<p>Delicie-se com a do\u00e7ura deliciosa de Haldiram Soan Papdi. Esta embalagem de 500 g oferece a famosa sobremesa indiana, cuidadosamente confeccionada e embalada para garantir uma frescura \u00f3ptima. O Haldiram Soan Papdi \u00e9 um doce tradicional feito de farinha de grama fina, ghee e a\u00e7\u00facar, criando delicadas camadas de do\u00e7ura que se derretem na boca. \u00c9 uma sobremesa muito apreciada...<\/p>","protected":false},"featured_media":2460,"comment_status":"open","ping_status":"closed","template":"","meta":{"_kad_blocks_custom_css":"","_kad_blocks_head_custom_js":"","_kad_blocks_body_custom_js":"","_kad_blocks_footer_custom_js":"","_kadence_starter_templates_imported_post":false,"_kad_post_transparent":"default","_kad_post_title":"","_kad_post_layout":"default","_kad_post_sidebar_id":"","_kad_post_content_style":"default","_kad_post_vertical_padding":"default","_kad_post_feature":"","_kad_post_feature_position":"","_kad_post_header":false,"_kad_post_footer":false,"_kad_post_classname":""},"product_brand":[],"product_cat":[51],"product_tag":[],"class_list":{"0":"post-3250","1":"product","2":"type-product","3":"status-publish","4":"has-post-thumbnail","6":"product_cat-desserts-sweets","8":"first","9":"outofstock","10":"sale","11":"shipping-taxable","12":"purchasable","13":"product-type-simple","14":"entry","15":"content-bg","16":"loop-entry"},"taxonomy_info":{"product_cat":[{"value":51,"label":"Desserts and Sweets"}]},"featured_image_src_large":["https:\/\/sultanspices.es\/wp-content\/uploads\/2023\/08\/SoanPapdi500g-1024x1024.jpg",1024,1024,true],"author_info":[],"comment_info":0,"jetpack_sharing_enabled":true,"_links":{"self":[{"href":"https:\/\/sultanspices.es\/pt\/wp-json\/wp\/v2\/product\/3250","targetHints":{"allow":["GET"]}}],"collection":[{"href":"https:\/\/sultanspices.es\/pt\/wp-json\/wp\/v2\/product"}],"about":[{"href":"https:\/\/sultanspices.es\/pt\/wp-json\/wp\/v2\/types\/product"}],"replies":[{"embeddable":true,"href":"https:\/\/sultanspices.es\/pt\/wp-json\/wp\/v2\/comments?post=3250"}],"wp:featuredmedia":[{"embeddable":true,"href":"https:\/\/sultanspices.es\/pt\/wp-json\/wp\/v2\/media\/2460"}],"wp:attachment":[{"href":"https:\/\/sultanspices.es\/pt\/wp-json\/wp\/v2\/media?parent=3250"}],"wp:term":[{"taxonomy":"product_brand","embeddable":true,"href":"https:\/\/sultanspices.es\/pt\/wp-json\/wp\/v2\/product_brand?post=3250"},{"taxonomy":"product_cat","embeddable":true,"href":"https:\/\/sultanspices.es\/pt\/wp-json\/wp\/v2\/product_cat?post=3250"},{"taxonomy":"product_tag","embeddable":true,"href":"https:\/\/sultanspices.es\/pt\/wp-json\/wp\/v2\/product_tag?post=3250"}],"curies":[{"name":"wp","href":"https:\/\/api.w.org\/{rel}","templated":true}]}}