{"id":3205,"date":"2023-09-22T21:37:48","date_gmt":"2023-09-22T19:37:48","guid":{"rendered":"https:\/\/sultanspices.es\/?post_type=product&#038;p=3205"},"modified":"2026-02-23T12:41:27","modified_gmt":"2026-02-23T11:41:27","slug":"trs-urid-dal-2-kg","status":"publish","type":"product","link":"https:\/\/sultanspices.es\/pt\/produto\/trs-urid-dal-2-kg\/","title":{"rendered":"TRS URID DAL 2 KG"},"content":{"rendered":"<div class=\"group w-full text-gray-800 dark:text-gray-100 border-b border-black\/10 dark:border-gray-900\/50 bg-gray-50 dark:bg-[#444654]\">\n<div class=\"flex p-4 gap-4 text-base md:gap-6 md:max-w-2xl lg:max-w-[38rem] xl:max-w-3xl md:py-6 lg:px-0 m-auto\">\n<div class=\"relative flex w-[calc(100%-50px)] flex-col gap-1 md:gap-3 lg:w-[calc(100%-115px)]\">\n<div class=\"flex flex-grow flex-col gap-3\">\n<div class=\"min-h-[20px] flex items-start overflow-x-auto whitespace-pre-wrap break-words flex-col gap-4\">\n<div class=\"markdown prose w-full break-words dark:prose-invert light\">\n<p>Descubra o sabor aut\u00eantico do TRS Urid Dal, um alimento b\u00e1sico da cozinha indiana, com este pacote de 2 kg. Feita a partir de urad dal dividido, esta vers\u00e1til variedade de lentilhas \u00e9 rica em prote\u00ednas e nutrientes essenciais. O TRS Urid Dal \u00e9 perfeito para preparar pratos reconfortantes como dal makhani, vada e idli. Com a sua textura suave e sabor distinto, acrescenta um toque de autenticidade \u00e0s suas receitas. Dispon\u00edvel para compra online em Espanha, leve a bondade do TRS Urid Dal para a sua cozinha.<\/p>\n<p>Palavras-chave: TRS Urid Dal, embalagem de 2kg, comprar online, Espanha, split urad dal, lentilha vers\u00e1til, rica em prote\u00ednas, nutrientes essenciais, dal makhani, vada, idli, textura suave, sabor distinto, autenticidade.<\/p>\n<\/div>\n<\/div>\n<\/div>\n<\/div>\n<\/div>\n<\/div>","protected":false},"excerpt":{"rendered":"<p>Descubra o sabor aut\u00eantico do TRS Urid Dal, um alimento b\u00e1sico da cozinha indiana, com este pacote de 2 kg. Feita a partir de urad dal dividido, esta vers\u00e1til variedade de lentilhas \u00e9 rica em prote\u00ednas e nutrientes essenciais. O TRS Urid Dal \u00e9 perfeito para preparar pratos reconfortantes como dal makhani, vada e idli. Com a sua textura suave e sabor distinto,...<\/p>","protected":false},"featured_media":2103,"comment_status":"closed","ping_status":"closed","template":"","meta":{"_kad_blocks_custom_css":"","_kad_blocks_head_custom_js":"","_kad_blocks_body_custom_js":"","_kad_blocks_footer_custom_js":"","_kadence_starter_templates_imported_post":false,"_kad_post_transparent":"","_kad_post_title":"","_kad_post_layout":"","_kad_post_sidebar_id":"","_kad_post_content_style":"","_kad_post_vertical_padding":"","_kad_post_feature":"","_kad_post_feature_position":"","_kad_post_header":false,"_kad_post_footer":false,"_kad_post_classname":""},"product_brand":[],"product_cat":[47],"product_tag":[],"class_list":{"0":"post-3205","1":"product","2":"type-product","3":"status-publish","4":"has-post-thumbnail","6":"product_cat-lentils","8":"first","9":"outofstock","10":"sold-individually","11":"shipping-taxable","12":"purchasable","13":"product-type-simple","14":"entry","15":"content-bg","16":"loop-entry"},"taxonomy_info":{"product_cat":[{"value":47,"label":"Lentils"}]},"featured_image_src_large":["https:\/\/sultanspices.es\/wp-content\/uploads\/2023\/07\/trsurid2kg.jpeg",225,225,false],"author_info":[],"comment_info":0,"jetpack_sharing_enabled":true,"_links":{"self":[{"href":"https:\/\/sultanspices.es\/pt\/wp-json\/wp\/v2\/product\/3205","targetHints":{"allow":["GET"]}}],"collection":[{"href":"https:\/\/sultanspices.es\/pt\/wp-json\/wp\/v2\/product"}],"about":[{"href":"https:\/\/sultanspices.es\/pt\/wp-json\/wp\/v2\/types\/product"}],"replies":[{"embeddable":true,"href":"https:\/\/sultanspices.es\/pt\/wp-json\/wp\/v2\/comments?post=3205"}],"wp:featuredmedia":[{"embeddable":true,"href":"https:\/\/sultanspices.es\/pt\/wp-json\/wp\/v2\/media\/2103"}],"wp:attachment":[{"href":"https:\/\/sultanspices.es\/pt\/wp-json\/wp\/v2\/media?parent=3205"}],"wp:term":[{"taxonomy":"product_brand","embeddable":true,"href":"https:\/\/sultanspices.es\/pt\/wp-json\/wp\/v2\/product_brand?post=3205"},{"taxonomy":"product_cat","embeddable":true,"href":"https:\/\/sultanspices.es\/pt\/wp-json\/wp\/v2\/product_cat?post=3205"},{"taxonomy":"product_tag","embeddable":true,"href":"https:\/\/sultanspices.es\/pt\/wp-json\/wp\/v2\/product_tag?post=3205"}],"curies":[{"name":"wp","href":"https:\/\/api.w.org\/{rel}","templated":true}]}}