{"id":3200,"date":"2023-09-22T21:37:47","date_gmt":"2023-09-22T19:37:47","guid":{"rendered":"https:\/\/sultanspices.es\/?post_type=product&#038;p=3200"},"modified":"2025-07-19T10:59:50","modified_gmt":"2025-07-19T08:59:50","slug":"trs-suji-semolina-coarse-500-g","status":"publish","type":"product","link":"https:\/\/sultanspices.es\/pt\/produto\/trs-suji-semolina-coarse-500-g\/","title":{"rendered":"Trs Suji S\u00eamola grossa 500 G"},"content":{"rendered":"<div class=\"group w-full text-gray-800 dark:text-gray-100 border-b border-black\/10 dark:border-gray-900\/50 bg-gray-50 dark:bg-[#444654]\">\n<div class=\"flex p-4 gap-4 text-base md:gap-6 md:max-w-2xl lg:max-w-[38rem] xl:max-w-3xl md:py-6 lg:px-0 m-auto\">\n<div class=\"relative flex w-[calc(100%-50px)] flex-col gap-1 md:gap-3 lg:w-[calc(100%-115px)]\">\n<div class=\"flex flex-grow flex-col gap-3\">\n<div class=\"min-h-[20px] flex items-start overflow-x-auto whitespace-pre-wrap break-words flex-col gap-4\">\n<div class=\"markdown prose w-full break-words dark:prose-invert light\">\n<p>Descubra a versatilidade de TRS Suji Semolina Coarse com esta embalagem de 500g. Feita a partir de trigo duro, esta s\u00eamola grosseiramente mo\u00edda \u00e9 um alimento b\u00e1sico na cozinha indiana. A s\u00eamola grossa TRS Suji \u00e9 perfeita para preparar uma variedade de pratos, incluindo upma, halwa e sobremesas. Com a sua textura granulada e sabor a nozes, acrescenta um delicioso crocante e riqueza \u00e0s suas receitas. Dispon\u00edvel para compra online em Espanha, traga a bondade de TRS Suji Semolina Coarse para as suas cria\u00e7\u00f5es culin\u00e1rias.<\/p>\n<p>Palavras-chave: TRS Suji S\u00eamola Grossa, embalagem de 500g, comprar online, Espanha, trigo duro, vers\u00e1til, upma, halwa, sobremesas, textura granulada, sabor a nozes, crocante delicioso, riqueza, cria\u00e7\u00f5es culin\u00e1rias.<\/p>\n<\/div>\n<\/div>\n<\/div>\n<\/div>\n<\/div>\n<\/div>","protected":false},"excerpt":{"rendered":"<p>Descubra a versatilidade da TRS Suji Semolina Coarse com esta embalagem de 500g. Feita a partir de trigo duro, esta s\u00eamola grosseiramente mo\u00edda \u00e9 um alimento b\u00e1sico na cozinha indiana. A s\u00eamola grossa TRS Suji \u00e9 perfeita para preparar uma variedade de pratos, incluindo upma, halwa e sobremesas. Com a sua textura granulada e sabor a nozes, adiciona um delicioso crocante...<\/p>","protected":false},"featured_media":2117,"comment_status":"closed","ping_status":"closed","template":"","meta":{"_kad_blocks_custom_css":"","_kad_blocks_head_custom_js":"","_kad_blocks_body_custom_js":"","_kad_blocks_footer_custom_js":"","_kadence_starter_templates_imported_post":false,"_kad_post_transparent":"","_kad_post_title":"","_kad_post_layout":"","_kad_post_sidebar_id":"","_kad_post_content_style":"","_kad_post_vertical_padding":"","_kad_post_feature":"","_kad_post_feature_position":"","_kad_post_header":false,"_kad_post_footer":false,"_kad_post_classname":""},"product_brand":[],"product_cat":[52],"product_tag":[],"class_list":{"0":"post-3200","1":"product","2":"type-product","3":"status-publish","4":"has-post-thumbnail","6":"product_cat-flour","8":"first","9":"outofstock","10":"sold-individually","11":"shipping-taxable","12":"purchasable","13":"product-type-simple","14":"entry","15":"content-bg","16":"loop-entry"},"taxonomy_info":{"product_cat":[{"value":52,"label":"Flour"}]},"featured_image_src_large":["https:\/\/sultanspices.es\/wp-content\/uploads\/2023\/07\/trsSemolinaCourse.jpg",1024,800,false],"author_info":[],"comment_info":0,"jetpack_sharing_enabled":true,"_links":{"self":[{"href":"https:\/\/sultanspices.es\/pt\/wp-json\/wp\/v2\/product\/3200","targetHints":{"allow":["GET"]}}],"collection":[{"href":"https:\/\/sultanspices.es\/pt\/wp-json\/wp\/v2\/product"}],"about":[{"href":"https:\/\/sultanspices.es\/pt\/wp-json\/wp\/v2\/types\/product"}],"replies":[{"embeddable":true,"href":"https:\/\/sultanspices.es\/pt\/wp-json\/wp\/v2\/comments?post=3200"}],"wp:featuredmedia":[{"embeddable":true,"href":"https:\/\/sultanspices.es\/pt\/wp-json\/wp\/v2\/media\/2117"}],"wp:attachment":[{"href":"https:\/\/sultanspices.es\/pt\/wp-json\/wp\/v2\/media?parent=3200"}],"wp:term":[{"taxonomy":"product_brand","embeddable":true,"href":"https:\/\/sultanspices.es\/pt\/wp-json\/wp\/v2\/product_brand?post=3200"},{"taxonomy":"product_cat","embeddable":true,"href":"https:\/\/sultanspices.es\/pt\/wp-json\/wp\/v2\/product_cat?post=3200"},{"taxonomy":"product_tag","embeddable":true,"href":"https:\/\/sultanspices.es\/pt\/wp-json\/wp\/v2\/product_tag?post=3200"}],"curies":[{"name":"wp","href":"https:\/\/api.w.org\/{rel}","templated":true}]}}