{"id":3199,"date":"2023-09-22T21:37:47","date_gmt":"2023-09-22T19:37:47","guid":{"rendered":"https:\/\/sultanspices.es\/?post_type=product&#038;p=3199"},"modified":"2026-02-23T12:41:26","modified_gmt":"2026-02-23T11:41:26","slug":"trs-star-aniseeds-500-g","status":"publish","type":"product","link":"https:\/\/sultanspices.es\/pt\/produto\/trs-star-aniseeds-500-g\/","title":{"rendered":"TRS SEMENTES DE ANIS ESTRELADO 500 G"},"content":{"rendered":"<div class=\"group w-full text-gray-800 dark:text-gray-100 border-b border-black\/10 dark:border-gray-900\/50 bg-gray-50 dark:bg-[#444654]\">\n<div class=\"flex p-4 gap-4 text-base md:gap-6 md:max-w-2xl lg:max-w-[38rem] xl:max-w-3xl md:py-6 lg:px-0 m-auto\">\n<div class=\"relative flex w-[calc(100%-50px)] flex-col gap-1 md:gap-3 lg:w-[calc(100%-115px)]\">\n<div class=\"flex flex-grow flex-col gap-3\">\n<div class=\"min-h-[20px] flex items-start overflow-x-auto whitespace-pre-wrap break-words flex-col gap-4\">\n<div class=\"markdown prose w-full break-words dark:prose-invert light\">\n<p>Experimente o sabor \u00fanico e arom\u00e1tico das sementes de anis estreladas TRS com este pacote de 500g. Estas sementes em forma de estrela s\u00e3o conhecidas pelo seu sabor distinto a alca\u00e7uz e s\u00e3o um ingrediente chave em muitos pratos indianos e asi\u00e1ticos. As sementes de anis estrelado TRS d\u00e3o um toque quente e perfumado a caris, sopas e marinadas. Tamb\u00e9m s\u00e3o normalmente utilizadas em misturas de especiarias e ch\u00e1s de ervas. Com o seu aroma rico e sabor intenso, as sementes de anis estreladas TRS elevam o sabor das suas cria\u00e7\u00f5es culin\u00e1rias. Dispon\u00edvel para compra online em Espanha, leve a ess\u00eancia ex\u00f3tica das sementes de anis estreladas TRS para a sua cozinha.<\/p>\n<p>Palavras-chave: TRS Star Aniseeds, embalagem de 500g, comprar online, Espanha, sabor \u00fanico, arom\u00e1tico, forma distinta, pratos indianos e asi\u00e1ticos, sabor quente, perfumado, caril, sopas, marinadas, misturas de especiarias, ch\u00e1s de ervas, aroma rico, sabor intenso, elevar as suas cria\u00e7\u00f5es culin\u00e1rias.<\/p>\n<\/div>\n<\/div>\n<\/div>\n<\/div>\n<\/div>\n<\/div>","protected":false},"excerpt":{"rendered":"<p>Experimente o sabor \u00fanico e arom\u00e1tico das sementes de anis estreladas TRS com este pacote de 500g. Estas sementes em forma de estrela s\u00e3o conhecidas pelo seu sabor distinto a alca\u00e7uz e s\u00e3o um ingrediente chave em muitos pratos indianos e asi\u00e1ticos. As sementes de anis estreladas TRS d\u00e3o um toque quente e perfumado a caris, sopas e marinadas. Tamb\u00e9m s\u00e3o normalmente utilizadas em...<\/p>","protected":false},"featured_media":2121,"comment_status":"closed","ping_status":"closed","template":"","meta":{"_kad_blocks_custom_css":"","_kad_blocks_head_custom_js":"","_kad_blocks_body_custom_js":"","_kad_blocks_footer_custom_js":"","_kadence_starter_templates_imported_post":false,"_kad_post_transparent":"","_kad_post_title":"","_kad_post_layout":"","_kad_post_sidebar_id":"","_kad_post_content_style":"","_kad_post_vertical_padding":"","_kad_post_feature":"","_kad_post_feature_position":"","_kad_post_header":false,"_kad_post_footer":false,"_kad_post_classname":""},"product_brand":[],"product_cat":[50],"product_tag":[],"class_list":{"0":"post-3199","1":"product","2":"type-product","3":"status-publish","4":"has-post-thumbnail","6":"product_cat-spices","8":"first","9":"outofstock","10":"sold-individually","11":"shipping-taxable","12":"purchasable","13":"product-type-simple","14":"entry","15":"content-bg","16":"loop-entry"},"taxonomy_info":{"product_cat":[{"value":50,"label":"Spices"}]},"featured_image_src_large":["https:\/\/sultanspices.es\/wp-content\/uploads\/2023\/07\/StarAniseeds-500g.jpeg",225,224,false],"author_info":[],"comment_info":0,"jetpack_sharing_enabled":true,"_links":{"self":[{"href":"https:\/\/sultanspices.es\/pt\/wp-json\/wp\/v2\/product\/3199","targetHints":{"allow":["GET"]}}],"collection":[{"href":"https:\/\/sultanspices.es\/pt\/wp-json\/wp\/v2\/product"}],"about":[{"href":"https:\/\/sultanspices.es\/pt\/wp-json\/wp\/v2\/types\/product"}],"replies":[{"embeddable":true,"href":"https:\/\/sultanspices.es\/pt\/wp-json\/wp\/v2\/comments?post=3199"}],"wp:featuredmedia":[{"embeddable":true,"href":"https:\/\/sultanspices.es\/pt\/wp-json\/wp\/v2\/media\/2121"}],"wp:attachment":[{"href":"https:\/\/sultanspices.es\/pt\/wp-json\/wp\/v2\/media?parent=3199"}],"wp:term":[{"taxonomy":"product_brand","embeddable":true,"href":"https:\/\/sultanspices.es\/pt\/wp-json\/wp\/v2\/product_brand?post=3199"},{"taxonomy":"product_cat","embeddable":true,"href":"https:\/\/sultanspices.es\/pt\/wp-json\/wp\/v2\/product_cat?post=3199"},{"taxonomy":"product_tag","embeddable":true,"href":"https:\/\/sultanspices.es\/pt\/wp-json\/wp\/v2\/product_tag?post=3199"}],"curies":[{"name":"wp","href":"https:\/\/api.w.org\/{rel}","templated":true}]}}