{"id":3191,"date":"2023-09-22T21:37:47","date_gmt":"2023-09-22T19:37:47","guid":{"rendered":"https:\/\/sultanspices.es\/?post_type=product&#038;p=3191"},"modified":"2026-02-23T12:41:26","modified_gmt":"2026-02-23T11:41:26","slug":"trs-red-colour-500g","status":"publish","type":"product","link":"https:\/\/sultanspices.es\/pt\/produto\/trs-vermelho-cor-500g\/","title":{"rendered":"TRS CORANTE VERMELHO 500G"},"content":{"rendered":"<div class=\"group w-full text-gray-800 dark:text-gray-100 border-b border-black\/10 dark:border-gray-900\/50 bg-gray-50 dark:bg-[#444654]\">\n<div class=\"flex p-4 gap-4 text-base md:gap-6 md:max-w-2xl lg:max-w-[38rem] xl:max-w-3xl md:py-6 lg:px-0 m-auto\">\n<div class=\"relative flex w-[calc(100%-50px)] flex-col gap-1 md:gap-3 lg:w-[calc(100%-115px)]\">\n<div class=\"flex flex-grow flex-col gap-3\">\n<div class=\"min-h-[20px] flex items-start overflow-x-auto whitespace-pre-wrap break-words flex-col gap-4\">\n<div class=\"markdown prose w-full break-words dark:prose-invert light\">\n<p>Melhore o aspeto visual das suas cria\u00e7\u00f5es culin\u00e1rias com o corante vermelho TRS. Esta embalagem de 500g de corante alimentar proporciona uma tonalidade vermelha vibrante e apelativa aos seus pratos, sobremesas e bebidas. O TRS Red Colour \u00e9 vers\u00e1til e pode ser utilizado numa variedade de receitas, como bolos, coberturas, doces e bebidas. \u00c9 feito com ingredientes de alta qualidade e \u00e9 f\u00e1cil de incorporar nos seus cozinhados. Dispon\u00edvel para compra online em Espanha, adicione um toque de vermelho \u00e0s suas obras de arte culin\u00e1rias com TRS Red Colour.<\/p>\n<p>Palavras-chave: TRS Red Colour, embalagem de 500g, comprar online, Espanha, tom vermelho vibrante, corante alimentar, apelativo, vers\u00e1til, bolos, coberturas, doces, bebidas, ingredientes de alta qualidade, cria\u00e7\u00f5es culin\u00e1rias, f\u00e1cil de usar, pop de vermelho.<\/p>\n<\/div>\n<\/div>\n<\/div>\n<\/div>\n<\/div>\n<\/div>","protected":false},"excerpt":{"rendered":"<p>Melhore o aspeto visual das suas cria\u00e7\u00f5es culin\u00e1rias com o corante vermelho TRS. Esta embalagem de 500g de corante alimentar proporciona uma tonalidade vermelha vibrante e apelativa aos seus pratos, sobremesas e bebidas. O TRS Red Colour \u00e9 vers\u00e1til e pode ser utilizado numa variedade de receitas, tais como bolos, coberturas, doces e bebidas. Ele \u00e9 feito...<\/p>","protected":false},"featured_media":2113,"comment_status":"closed","ping_status":"closed","template":"","meta":{"_kad_blocks_custom_css":"","_kad_blocks_head_custom_js":"","_kad_blocks_body_custom_js":"","_kad_blocks_footer_custom_js":"","_kadence_starter_templates_imported_post":false,"_kad_post_transparent":"","_kad_post_title":"","_kad_post_layout":"","_kad_post_sidebar_id":"","_kad_post_content_style":"","_kad_post_vertical_padding":"","_kad_post_feature":"","_kad_post_feature_position":"","_kad_post_header":false,"_kad_post_footer":false,"_kad_post_classname":""},"product_brand":[],"product_cat":[63],"product_tag":[],"class_list":{"0":"post-3191","1":"product","2":"type-product","3":"status-publish","4":"has-post-thumbnail","6":"product_cat-food-colors","8":"first","9":"outofstock","10":"sold-individually","11":"shipping-taxable","12":"purchasable","13":"product-type-simple","14":"entry","15":"content-bg","16":"loop-entry"},"taxonomy_info":{"product_cat":[{"value":63,"label":"Food Colors"}]},"featured_image_src_large":["https:\/\/sultanspices.es\/wp-content\/uploads\/2023\/07\/foodcolorredtrs.jpg",396,450,false],"author_info":[],"comment_info":0,"jetpack_sharing_enabled":true,"_links":{"self":[{"href":"https:\/\/sultanspices.es\/pt\/wp-json\/wp\/v2\/product\/3191","targetHints":{"allow":["GET"]}}],"collection":[{"href":"https:\/\/sultanspices.es\/pt\/wp-json\/wp\/v2\/product"}],"about":[{"href":"https:\/\/sultanspices.es\/pt\/wp-json\/wp\/v2\/types\/product"}],"replies":[{"embeddable":true,"href":"https:\/\/sultanspices.es\/pt\/wp-json\/wp\/v2\/comments?post=3191"}],"wp:featuredmedia":[{"embeddable":true,"href":"https:\/\/sultanspices.es\/pt\/wp-json\/wp\/v2\/media\/2113"}],"wp:attachment":[{"href":"https:\/\/sultanspices.es\/pt\/wp-json\/wp\/v2\/media?parent=3191"}],"wp:term":[{"taxonomy":"product_brand","embeddable":true,"href":"https:\/\/sultanspices.es\/pt\/wp-json\/wp\/v2\/product_brand?post=3191"},{"taxonomy":"product_cat","embeddable":true,"href":"https:\/\/sultanspices.es\/pt\/wp-json\/wp\/v2\/product_cat?post=3191"},{"taxonomy":"product_tag","embeddable":true,"href":"https:\/\/sultanspices.es\/pt\/wp-json\/wp\/v2\/product_tag?post=3191"}],"curies":[{"name":"wp","href":"https:\/\/api.w.org\/{rel}","templated":true}]}}