{"id":3185,"date":"2023-09-22T21:37:47","date_gmt":"2023-09-22T19:37:47","guid":{"rendered":"https:\/\/sultanspices.es\/?post_type=product&#038;p=3185"},"modified":"2026-02-23T12:41:25","modified_gmt":"2026-02-23T11:41:25","slug":"trs-methi-50-g","status":"publish","type":"product","link":"https:\/\/sultanspices.es\/pt\/produto\/trs-methi-50-g\/","title":{"rendered":"TRS METHI 50 G"},"content":{"rendered":"<div class=\"group w-full text-gray-800 dark:text-gray-100 border-b border-black\/10 dark:border-gray-900\/50 bg-gray-50 dark:bg-[#444654]\">\n<div class=\"flex p-4 gap-4 text-base md:gap-6 md:max-w-2xl lg:max-w-[38rem] xl:max-w-3xl md:py-6 lg:px-0 m-auto\">\n<div class=\"relative flex w-[calc(100%-50px)] flex-col gap-1 md:gap-3 lg:w-[calc(100%-115px)]\">\n<div class=\"flex flex-grow flex-col gap-3\">\n<div class=\"min-h-[20px] flex items-start overflow-x-auto whitespace-pre-wrap break-words flex-col gap-4\">\n<div class=\"markdown prose w-full break-words dark:prose-invert light\">\n<p>Experimente o sabor distinto e os benef\u00edcios para a sa\u00fade de TRS Methi (sementes de feno-grego) com esta embalagem de 50g. O Methi \u00e9 uma especiaria muito utilizada na cozinha indiana, conhecida pelo seu sabor \u00fanico e propriedades medicinais. O TRS Methi acrescenta um sabor ligeiramente amargo e a nozes a caris, salteados e misturas de especiarias. Acredita-se tamb\u00e9m que tem v\u00e1rios benef\u00edcios para a sa\u00fade, incluindo a ajuda \u00e0 digest\u00e3o e a promo\u00e7\u00e3o do controlo do a\u00e7\u00facar no sangue. Dispon\u00edvel para compra online em Espanha, eleve os seus pratos com o sabor aut\u00eantico do TRS Methi.<\/p>\n<p>Palavras-chave: TRS Methi, sementes de feno-grego, embalagem de 50g, comprar online, Espanha, sabor distinto, benef\u00edcios para a sa\u00fade, cozinha indiana, sabor amargo, sabor a nozes, caril, salteados, misturas de especiarias, propriedades medicinais, digest\u00e3o, controlo do a\u00e7\u00facar no sangue, elevar os seus pratos.<\/p>\n<\/div>\n<\/div>\n<\/div>\n<\/div>\n<\/div>\n<\/div>","protected":false},"excerpt":{"rendered":"<p>Experimente o sabor distinto e os benef\u00edcios para a sa\u00fade de TRS Methi (sementes de feno-grego) com esta embalagem de 50g. O Methi \u00e9 uma especiaria muito utilizada na cozinha indiana, conhecida pelo seu sabor \u00fanico e propriedades medicinais. O TRS Methi acrescenta um sabor ligeiramente amargo e de noz aos caris, aos fritos e \u00e0s misturas de especiarias. Acredita-se tamb\u00e9m que tem v\u00e1rias propriedades...<\/p>","protected":false},"featured_media":2118,"comment_status":"closed","ping_status":"closed","template":"","meta":{"_kad_blocks_custom_css":"","_kad_blocks_head_custom_js":"","_kad_blocks_body_custom_js":"","_kad_blocks_footer_custom_js":"","_kadence_starter_templates_imported_post":false,"_kad_post_transparent":"","_kad_post_title":"","_kad_post_layout":"","_kad_post_sidebar_id":"","_kad_post_content_style":"","_kad_post_vertical_padding":"","_kad_post_feature":"","_kad_post_feature_position":"","_kad_post_header":false,"_kad_post_footer":false,"_kad_post_classname":""},"product_brand":[],"product_cat":[50],"product_tag":[],"class_list":{"0":"post-3185","1":"product","2":"type-product","3":"status-publish","4":"has-post-thumbnail","6":"product_cat-spices","8":"first","9":"outofstock","10":"sold-individually","11":"shipping-taxable","12":"purchasable","13":"product-type-simple","14":"entry","15":"content-bg","16":"loop-entry"},"taxonomy_info":{"product_cat":[{"value":50,"label":"Spices"}]},"featured_image_src_large":["https:\/\/sultanspices.es\/wp-content\/uploads\/2023\/07\/KasuriMethiTRS50g.jpg",1024,800,false],"author_info":[],"comment_info":0,"jetpack_sharing_enabled":true,"_links":{"self":[{"href":"https:\/\/sultanspices.es\/pt\/wp-json\/wp\/v2\/product\/3185","targetHints":{"allow":["GET"]}}],"collection":[{"href":"https:\/\/sultanspices.es\/pt\/wp-json\/wp\/v2\/product"}],"about":[{"href":"https:\/\/sultanspices.es\/pt\/wp-json\/wp\/v2\/types\/product"}],"replies":[{"embeddable":true,"href":"https:\/\/sultanspices.es\/pt\/wp-json\/wp\/v2\/comments?post=3185"}],"wp:featuredmedia":[{"embeddable":true,"href":"https:\/\/sultanspices.es\/pt\/wp-json\/wp\/v2\/media\/2118"}],"wp:attachment":[{"href":"https:\/\/sultanspices.es\/pt\/wp-json\/wp\/v2\/media?parent=3185"}],"wp:term":[{"taxonomy":"product_brand","embeddable":true,"href":"https:\/\/sultanspices.es\/pt\/wp-json\/wp\/v2\/product_brand?post=3185"},{"taxonomy":"product_cat","embeddable":true,"href":"https:\/\/sultanspices.es\/pt\/wp-json\/wp\/v2\/product_cat?post=3185"},{"taxonomy":"product_tag","embeddable":true,"href":"https:\/\/sultanspices.es\/pt\/wp-json\/wp\/v2\/product_tag?post=3185"}],"curies":[{"name":"wp","href":"https:\/\/api.w.org\/{rel}","templated":true}]}}