{"id":3173,"date":"2023-09-22T21:37:43","date_gmt":"2023-09-22T19:37:43","guid":{"rendered":"https:\/\/sultanspices.es\/?post_type=product&#038;p=3173"},"modified":"2026-02-23T12:41:25","modified_gmt":"2026-02-23T11:41:25","slug":"trs-gram-flour-besan-1-kg","status":"publish","type":"product","link":"https:\/\/sultanspices.es\/pt\/produto\/trs-grama-farinha-besan-1-kg\/","title":{"rendered":"TRS FARINHA DE GRAMA BESAN 1 KG"},"content":{"rendered":"<div class=\"group w-full text-gray-800 dark:text-gray-100 border-b border-black\/10 dark:border-gray-900\/50 bg-gray-50 dark:bg-[#444654]\">\n<div class=\"flex p-4 gap-4 text-base md:gap-6 md:max-w-2xl lg:max-w-[38rem] xl:max-w-3xl md:py-6 lg:px-0 m-auto\">\n<div class=\"relative flex w-[calc(100%-50px)] flex-col gap-1 md:gap-3 lg:w-[calc(100%-115px)]\">\n<div class=\"flex flex-grow flex-col gap-3\">\n<div class=\"min-h-[20px] flex items-start overflow-x-auto whitespace-pre-wrap break-words flex-col gap-4\">\n<div class=\"markdown prose w-full break-words dark:prose-invert light\">\n<p>Experimente a versatilidade da TRS Gram Flour Besan com este pacote de 1 kg. Feita a partir de gr\u00e3o-de-bico mo\u00eddo, esta farinha \u00e9 um alimento b\u00e1sico na cozinha indiana e do M\u00e9dio Oriente. A farinha de grama Besan da TRS \u00e9 normalmente utilizada para fazer deliciosos petiscos como pakoras e sev, bem como pratos salgados como cheela e dhokla. Com o seu sabor a nozes e textura suave, acrescenta um sabor distinto \u00e0s suas receitas. Dispon\u00edvel para compra online em Espanha, eleve os seus cozinhados com a bondade da farinha de grama Besan da TRS.<\/p>\n<p>Palavras-chave: TRS Gram Flour Besan, embalagem de 1kg, comprar online, Espanha, gr\u00e3o-de-bico mo\u00eddo, farinha vers\u00e1til, cozinha indiana, cozinha do M\u00e9dio Oriente, pakoras, sev, cheela, dhokla, sabor a nozes, textura suave, sabor distinto, elevar a sua cozinha, bondade de besan.<\/p>\n<\/div>\n<\/div>\n<\/div>\n<\/div>\n<\/div>\n<\/div>","protected":false},"excerpt":{"rendered":"<p>Experimente a versatilidade da TRS Gram Flour Besan com este pacote de 1 kg. Feita a partir de gr\u00e3o-de-bico mo\u00eddo, esta farinha \u00e9 um alimento b\u00e1sico na cozinha indiana e do M\u00e9dio Oriente. A farinha de grama Besan da TRS \u00e9 normalmente utilizada para fazer deliciosos petiscos como pakoras e sev, bem como pratos salgados como cheela e dhokla. Com seu sabor de nozes...<\/p>","protected":false},"featured_media":2129,"comment_status":"closed","ping_status":"closed","template":"","meta":{"_kad_blocks_custom_css":"","_kad_blocks_head_custom_js":"","_kad_blocks_body_custom_js":"","_kad_blocks_footer_custom_js":"","_kadence_starter_templates_imported_post":false,"_kad_post_transparent":"","_kad_post_title":"","_kad_post_layout":"","_kad_post_sidebar_id":"","_kad_post_content_style":"","_kad_post_vertical_padding":"","_kad_post_feature":"","_kad_post_feature_position":"","_kad_post_header":false,"_kad_post_footer":false,"_kad_post_classname":""},"product_brand":[],"product_cat":[52],"product_tag":[],"class_list":{"0":"post-3173","1":"product","2":"type-product","3":"status-publish","4":"has-post-thumbnail","6":"product_cat-flour","8":"first","9":"outofstock","10":"sold-individually","11":"shipping-taxable","12":"purchasable","13":"product-type-simple","14":"entry","15":"content-bg","16":"loop-entry"},"taxonomy_info":{"product_cat":[{"value":52,"label":"Flour"}]},"featured_image_src_large":["https:\/\/sultanspices.es\/wp-content\/uploads\/2023\/07\/TRSGramFlour.jpg",1024,800,false],"author_info":[],"comment_info":0,"jetpack_sharing_enabled":true,"_links":{"self":[{"href":"https:\/\/sultanspices.es\/pt\/wp-json\/wp\/v2\/product\/3173","targetHints":{"allow":["GET"]}}],"collection":[{"href":"https:\/\/sultanspices.es\/pt\/wp-json\/wp\/v2\/product"}],"about":[{"href":"https:\/\/sultanspices.es\/pt\/wp-json\/wp\/v2\/types\/product"}],"replies":[{"embeddable":true,"href":"https:\/\/sultanspices.es\/pt\/wp-json\/wp\/v2\/comments?post=3173"}],"wp:featuredmedia":[{"embeddable":true,"href":"https:\/\/sultanspices.es\/pt\/wp-json\/wp\/v2\/media\/2129"}],"wp:attachment":[{"href":"https:\/\/sultanspices.es\/pt\/wp-json\/wp\/v2\/media?parent=3173"}],"wp:term":[{"taxonomy":"product_brand","embeddable":true,"href":"https:\/\/sultanspices.es\/pt\/wp-json\/wp\/v2\/product_brand?post=3173"},{"taxonomy":"product_cat","embeddable":true,"href":"https:\/\/sultanspices.es\/pt\/wp-json\/wp\/v2\/product_cat?post=3173"},{"taxonomy":"product_tag","embeddable":true,"href":"https:\/\/sultanspices.es\/pt\/wp-json\/wp\/v2\/product_tag?post=3173"}],"curies":[{"name":"wp","href":"https:\/\/api.w.org\/{rel}","templated":true}]}}