{"id":3166,"date":"2023-09-22T21:37:43","date_gmt":"2023-09-22T19:37:43","guid":{"rendered":"https:\/\/sultanspices.es\/?post_type=product&#038;p=3166"},"modified":"2026-02-23T12:41:25","modified_gmt":"2026-02-23T11:41:25","slug":"trs-dhania-powder-100-g","status":"publish","type":"product","link":"https:\/\/sultanspices.es\/pt\/produto\/trs-dhania-powder-100-g\/","title":{"rendered":"TRS DHANIA EM P\u00d3 100 G"},"content":{"rendered":"<div class=\"group w-full text-gray-800 dark:text-gray-100 border-b border-black\/10 dark:border-gray-900\/50 bg-gray-50 dark:bg-[#444654]\">\n<div class=\"flex p-4 gap-4 text-base md:gap-6 md:max-w-2xl lg:max-w-[38rem] xl:max-w-3xl md:py-6 lg:px-0 m-auto\">\n<div class=\"relative flex w-[calc(100%-50px)] flex-col gap-1 md:gap-3 lg:w-[calc(100%-115px)]\">\n<div class=\"flex flex-grow flex-col gap-3\">\n<div class=\"min-h-[20px] flex items-start overflow-x-auto whitespace-pre-wrap break-words flex-col gap-4\">\n<div class=\"markdown prose w-full break-words dark:prose-invert light\">\n<p>Realce o sabor dos seus pratos com TRS Dhania Powder. Este pacote de 100g cont\u00e9m sementes de coentros finamente mo\u00eddas, oferecendo uma especiaria perfumada e vers\u00e1til para as suas necessidades culin\u00e1rias. TRS Dhania Powder acrescenta uma deliciosa nota terrosa e c\u00edtrica a caris, marinadas e misturas de especiarias. \u00c9 um elemento b\u00e1sico da cozinha indiana, conhecido pelas suas propriedades arom\u00e1ticas e capacidade de real\u00e7ar o sabor de v\u00e1rios pratos. Dispon\u00edvel para compra online em Espanha, eleve as suas cria\u00e7\u00f5es culin\u00e1rias com o sabor aut\u00eantico do TRS Dhania Powder.<\/p>\n<p>Palavras-chave: TRS Dhania em p\u00f3, embalagem de 100g, comprar online, Espanha, especiaria perfumada, finamente mo\u00edda, sementes de coentros, sabor a terra, nota c\u00edtrica, caril, marinadas, misturas de especiarias, vers\u00e1til, cozinha indiana, propriedades arom\u00e1ticas, real\u00e7ar o sabor, elevar as suas cria\u00e7\u00f5es culin\u00e1rias, sabor aut\u00eantico.<\/p>\n<\/div>\n<\/div>\n<\/div>\n<\/div>\n<\/div>\n<\/div>","protected":false},"excerpt":{"rendered":"<p>Realce o sabor dos seus pratos com TRS Dhania Powder. Este pacote de 100g cont\u00e9m sementes de coentros finamente mo\u00eddas, oferecendo uma especiaria perfumada e vers\u00e1til para as suas necessidades culin\u00e1rias. O TRS Dhania em p\u00f3 acrescenta uma deliciosa nota terrosa e c\u00edtrica a caris, marinadas e misturas de especiarias. \u00c9 um elemento b\u00e1sico da cozinha indiana, conhecido pelo seu aroma...<\/p>","protected":false},"featured_media":2128,"comment_status":"closed","ping_status":"closed","template":"","meta":{"_kad_blocks_custom_css":"","_kad_blocks_head_custom_js":"","_kad_blocks_body_custom_js":"","_kad_blocks_footer_custom_js":"","_kadence_starter_templates_imported_post":false,"_kad_post_transparent":"","_kad_post_title":"","_kad_post_layout":"","_kad_post_sidebar_id":"","_kad_post_content_style":"","_kad_post_vertical_padding":"","_kad_post_feature":"","_kad_post_feature_position":"","_kad_post_header":false,"_kad_post_footer":false,"_kad_post_classname":""},"product_brand":[],"product_cat":[50],"product_tag":[],"class_list":{"0":"post-3166","1":"product","2":"type-product","3":"status-publish","4":"has-post-thumbnail","6":"product_cat-spices","8":"first","9":"outofstock","10":"sold-individually","11":"shipping-taxable","12":"purchasable","13":"product-type-simple","14":"entry","15":"content-bg","16":"loop-entry"},"taxonomy_info":{"product_cat":[{"value":50,"label":"Spices"}]},"featured_image_src_large":["https:\/\/sultanspices.es\/wp-content\/uploads\/2023\/07\/Dhania100GTRS.jpeg",225,225,false],"author_info":[],"comment_info":0,"jetpack_sharing_enabled":true,"_links":{"self":[{"href":"https:\/\/sultanspices.es\/pt\/wp-json\/wp\/v2\/product\/3166","targetHints":{"allow":["GET"]}}],"collection":[{"href":"https:\/\/sultanspices.es\/pt\/wp-json\/wp\/v2\/product"}],"about":[{"href":"https:\/\/sultanspices.es\/pt\/wp-json\/wp\/v2\/types\/product"}],"replies":[{"embeddable":true,"href":"https:\/\/sultanspices.es\/pt\/wp-json\/wp\/v2\/comments?post=3166"}],"wp:featuredmedia":[{"embeddable":true,"href":"https:\/\/sultanspices.es\/pt\/wp-json\/wp\/v2\/media\/2128"}],"wp:attachment":[{"href":"https:\/\/sultanspices.es\/pt\/wp-json\/wp\/v2\/media?parent=3166"}],"wp:term":[{"taxonomy":"product_brand","embeddable":true,"href":"https:\/\/sultanspices.es\/pt\/wp-json\/wp\/v2\/product_brand?post=3166"},{"taxonomy":"product_cat","embeddable":true,"href":"https:\/\/sultanspices.es\/pt\/wp-json\/wp\/v2\/product_cat?post=3166"},{"taxonomy":"product_tag","embeddable":true,"href":"https:\/\/sultanspices.es\/pt\/wp-json\/wp\/v2\/product_tag?post=3166"}],"curies":[{"name":"wp","href":"https:\/\/api.w.org\/{rel}","templated":true}]}}