{"id":3158,"date":"2023-09-22T21:37:43","date_gmt":"2023-09-22T19:37:43","guid":{"rendered":"https:\/\/sultanspices.es\/?post_type=product&#038;p=3158"},"modified":"2026-02-23T12:41:24","modified_gmt":"2026-02-23T11:41:24","slug":"trs-coconut-250-g","status":"publish","type":"product","link":"https:\/\/sultanspices.es\/pt\/produto\/trs-coco-250-g\/","title":{"rendered":"TRS C\u00d4CO 250 G"},"content":{"rendered":"<div class=\"group w-full text-gray-800 dark:text-gray-100 border-b border-black\/10 dark:border-gray-900\/50 bg-gray-50 dark:bg-[#444654]\">\n<div class=\"flex p-4 gap-4 text-base md:gap-6 md:max-w-2xl lg:max-w-[38rem] xl:max-w-3xl md:py-6 lg:px-0 m-auto\">\n<div class=\"relative flex w-[calc(100%-50px)] flex-col gap-1 md:gap-3 lg:w-[calc(100%-115px)]\">\n<div class=\"flex flex-grow flex-col gap-3\">\n<div class=\"min-h-[20px] flex items-start overflow-x-auto whitespace-pre-wrap break-words flex-col gap-4\">\n<div class=\"markdown prose w-full break-words dark:prose-invert light\">\n<p>Experimente o sabor natural e tropical do Coco TRS com esta embalagem de 250g. O coco TRS oferece coco fresco ralado e seco que acrescenta um sabor e uma textura deliciosos a uma variedade de pratos. \u00c9 normalmente utilizado na cozinha indiana e do sul da \u00c1sia, especialmente em caril, sobremesas e snacks salgados. O c\u00f4co TRS \u00e9 tamb\u00e9m um ingrediente vers\u00e1til para pastelaria e batidos. Dispon\u00edvel para compra online em Espanha, eleve as suas cria\u00e7\u00f5es culin\u00e1rias com o sabor aut\u00eantico do TRS Coconut.<\/p>\n<p>Palavras-chave: TRS Coconut, embalagem de 250g, comprar online, Espanha, sabor natural, sabor tropical, coco fresco ralado, coco seco, variedade de pratos, cozinha indiana, cozinha do sul da \u00c1sia, caril, sobremesas, snacks salgados, ingrediente vers\u00e1til, panifica\u00e7\u00e3o, batidos, elevar as suas cria\u00e7\u00f5es culin\u00e1rias, sabor aut\u00eantico.<\/p>\n<\/div>\n<\/div>\n<\/div>\n<\/div>\n<\/div>\n<\/div>","protected":false},"excerpt":{"rendered":"<p>Experimente o sabor natural e tropical do Coco TRS com esta embalagem de 250g. O coco TRS oferece coco fresco ralado e seco que acrescenta um sabor e uma textura deliciosos a uma variedade de pratos. \u00c9 normalmente utilizado na cozinha indiana e do sul da \u00c1sia, especialmente em caril, sobremesas e snacks salgados. TRS Coconut \u00e9 tamb\u00e9m um...<\/p>","protected":false},"featured_media":2153,"comment_status":"closed","ping_status":"closed","template":"","meta":{"_kad_blocks_custom_css":"","_kad_blocks_head_custom_js":"","_kad_blocks_body_custom_js":"","_kad_blocks_footer_custom_js":"","_kadence_starter_templates_imported_post":false,"_kad_post_transparent":"","_kad_post_title":"","_kad_post_layout":"","_kad_post_sidebar_id":"","_kad_post_content_style":"","_kad_post_vertical_padding":"","_kad_post_feature":"","_kad_post_feature_position":"","_kad_post_header":false,"_kad_post_footer":false,"_kad_post_classname":""},"product_brand":[],"product_cat":[50],"product_tag":[],"class_list":{"0":"post-3158","1":"product","2":"type-product","3":"status-publish","4":"has-post-thumbnail","6":"product_cat-spices","8":"first","9":"outofstock","10":"sold-individually","11":"shipping-taxable","12":"purchasable","13":"product-type-simple","14":"entry","15":"content-bg","16":"loop-entry"},"taxonomy_info":{"product_cat":[{"value":50,"label":"Spices"}]},"featured_image_src_large":["https:\/\/sultanspices.es\/wp-content\/uploads\/2023\/07\/DriedCoconutTRS250g.webp",500,500,false],"author_info":[],"comment_info":0,"jetpack_sharing_enabled":true,"_links":{"self":[{"href":"https:\/\/sultanspices.es\/pt\/wp-json\/wp\/v2\/product\/3158","targetHints":{"allow":["GET"]}}],"collection":[{"href":"https:\/\/sultanspices.es\/pt\/wp-json\/wp\/v2\/product"}],"about":[{"href":"https:\/\/sultanspices.es\/pt\/wp-json\/wp\/v2\/types\/product"}],"replies":[{"embeddable":true,"href":"https:\/\/sultanspices.es\/pt\/wp-json\/wp\/v2\/comments?post=3158"}],"wp:featuredmedia":[{"embeddable":true,"href":"https:\/\/sultanspices.es\/pt\/wp-json\/wp\/v2\/media\/2153"}],"wp:attachment":[{"href":"https:\/\/sultanspices.es\/pt\/wp-json\/wp\/v2\/media?parent=3158"}],"wp:term":[{"taxonomy":"product_brand","embeddable":true,"href":"https:\/\/sultanspices.es\/pt\/wp-json\/wp\/v2\/product_brand?post=3158"},{"taxonomy":"product_cat","embeddable":true,"href":"https:\/\/sultanspices.es\/pt\/wp-json\/wp\/v2\/product_cat?post=3158"},{"taxonomy":"product_tag","embeddable":true,"href":"https:\/\/sultanspices.es\/pt\/wp-json\/wp\/v2\/product_tag?post=3158"}],"curies":[{"name":"wp","href":"https:\/\/api.w.org\/{rel}","templated":true}]}}