{"id":3152,"date":"2023-09-22T21:37:42","date_gmt":"2023-09-22T19:37:42","guid":{"rendered":"https:\/\/sultanspices.es\/?post_type=product&#038;p=3152"},"modified":"2026-02-23T12:41:24","modified_gmt":"2026-02-23T11:41:24","slug":"trs-butter-ghee-1-kg","status":"publish","type":"product","link":"https:\/\/sultanspices.es\/pt\/produto\/trs-manteiga-ghee-1-kg\/","title":{"rendered":"TRS MANTEIGA GHEE 1 KG"},"content":{"rendered":"<div class=\"group w-full text-gray-800 dark:text-gray-100 border-b border-black\/10 dark:border-gray-900\/50 bg-gray-50 dark:bg-[#444654]\">\n<div class=\"flex p-4 gap-4 text-base md:gap-6 md:max-w-2xl lg:max-w-[38rem] xl:max-w-3xl md:py-6 lg:px-0 m-auto\">\n<div class=\"relative flex w-[calc(100%-50px)] flex-col gap-1 md:gap-3 lg:w-[calc(100%-115px)]\">\n<div class=\"flex flex-grow flex-col gap-3\">\n<div class=\"min-h-[20px] flex items-start overflow-x-auto whitespace-pre-wrap break-words flex-col gap-4\">\n<div class=\"markdown prose w-full break-words dark:prose-invert light\">\n<p>Delicie-se com os sabores ricos e arom\u00e1ticos do TRS Butter Ghee com este pacote de 1 kg. Feito a partir de manteiga pura clarificada, o TRS Butter Ghee \u00e9 um ingrediente apreciado na cozinha indiana. Confere um sabor cremoso e amanteigado a uma vasta gama de pratos, incluindo caril, arroz e doces. O TRS Butter Ghee tem um ponto de fumo elevado, tornando-o ideal para saltear e fritar. Dispon\u00edvel para compra online em Espanha, eleve as suas cria\u00e7\u00f5es culin\u00e1rias com o sabor aut\u00eantico de TRS Butter Ghee.<\/p>\n<p>Palavras-chave: TRS Butter Ghee, embalagem de 1kg, comprar online, Espanha, sabores ricos, manteiga pura clarificada, cozinha indiana, sabor cremoso, sabor amanteigado, caril, arroz, doces, ponto de fumo elevado, saltear, fritar, elevar as suas cria\u00e7\u00f5es culin\u00e1rias, sabor aut\u00eantico.<\/p>\n<\/div>\n<\/div>\n<\/div>\n<\/div>\n<\/div>\n<\/div>","protected":false},"excerpt":{"rendered":"<p>Delicie-se com os sabores ricos e arom\u00e1ticos do TRS Butter Ghee com este pacote de 1 kg. Feito a partir de manteiga pura clarificada, o TRS Butter Ghee \u00e9 um ingrediente apreciado na cozinha indiana. Confere um sabor cremoso e amanteigado a uma grande variedade de pratos, incluindo caril, arroz e doces. O TRS Butter Ghee tem um elevado teor de fumo...<\/p>","protected":false},"featured_media":2143,"comment_status":"closed","ping_status":"closed","template":"","meta":{"_kad_blocks_custom_css":"","_kad_blocks_head_custom_js":"","_kad_blocks_body_custom_js":"","_kad_blocks_footer_custom_js":"","_kadence_starter_templates_imported_post":false,"_kad_post_transparent":"","_kad_post_title":"","_kad_post_layout":"","_kad_post_sidebar_id":"","_kad_post_content_style":"","_kad_post_vertical_padding":"","_kad_post_feature":"","_kad_post_feature_position":"","_kad_post_header":false,"_kad_post_footer":false,"_kad_post_classname":""},"product_brand":[],"product_cat":[61],"product_tag":[],"class_list":{"0":"post-3152","1":"product","2":"type-product","3":"status-publish","4":"has-post-thumbnail","6":"product_cat-dairy-productsghee","8":"first","9":"outofstock","10":"sold-individually","11":"shipping-taxable","12":"purchasable","13":"product-type-simple","14":"entry","15":"content-bg","16":"loop-entry"},"taxonomy_info":{"product_cat":[{"value":61,"label":"Dairy Products(ghee)"}]},"featured_image_src_large":["https:\/\/sultanspices.es\/wp-content\/uploads\/2023\/07\/TRS-1kg-Reines-Butter-Ghee-Butterschmalz-9017218.jpg",1024,800,false],"author_info":[],"comment_info":0,"jetpack_sharing_enabled":true,"_links":{"self":[{"href":"https:\/\/sultanspices.es\/pt\/wp-json\/wp\/v2\/product\/3152","targetHints":{"allow":["GET"]}}],"collection":[{"href":"https:\/\/sultanspices.es\/pt\/wp-json\/wp\/v2\/product"}],"about":[{"href":"https:\/\/sultanspices.es\/pt\/wp-json\/wp\/v2\/types\/product"}],"replies":[{"embeddable":true,"href":"https:\/\/sultanspices.es\/pt\/wp-json\/wp\/v2\/comments?post=3152"}],"wp:featuredmedia":[{"embeddable":true,"href":"https:\/\/sultanspices.es\/pt\/wp-json\/wp\/v2\/media\/2143"}],"wp:attachment":[{"href":"https:\/\/sultanspices.es\/pt\/wp-json\/wp\/v2\/media?parent=3152"}],"wp:term":[{"taxonomy":"product_brand","embeddable":true,"href":"https:\/\/sultanspices.es\/pt\/wp-json\/wp\/v2\/product_brand?post=3152"},{"taxonomy":"product_cat","embeddable":true,"href":"https:\/\/sultanspices.es\/pt\/wp-json\/wp\/v2\/product_cat?post=3152"},{"taxonomy":"product_tag","embeddable":true,"href":"https:\/\/sultanspices.es\/pt\/wp-json\/wp\/v2\/product_tag?post=3152"}],"curies":[{"name":"wp","href":"https:\/\/api.w.org\/{rel}","templated":true}]}}