{"id":3141,"date":"2023-09-22T21:37:39","date_gmt":"2023-09-22T19:37:39","guid":{"rendered":"https:\/\/sultanspices.es\/?post_type=product&#038;p=3141"},"modified":"2026-02-23T12:41:23","modified_gmt":"2026-02-23T11:41:23","slug":"trs-semolina-sooji-15-kg","status":"publish","type":"product","link":"https:\/\/sultanspices.es\/pt\/produto\/trs-semolina-sooji-15-kg\/","title":{"rendered":"TRS S\u00caMOLA SOOJI 1,5 KG"},"content":{"rendered":"<div class=\"group w-full text-gray-800 dark:text-gray-100 border-b border-black\/10 dark:border-gray-900\/50 bg-gray-50 dark:bg-[#444654]\">\n<div class=\"flex p-4 gap-4 text-base md:gap-6 md:max-w-2xl lg:max-w-[38rem] xl:max-w-3xl md:py-6 lg:px-0 m-auto\">\n<div class=\"relative flex w-[calc(100%-50px)] flex-col gap-1 md:gap-3 lg:w-[calc(100%-115px)]\">\n<div class=\"flex flex-grow flex-col gap-3\">\n<div class=\"min-h-[20px] flex items-start overflow-x-auto whitespace-pre-wrap break-words flex-col gap-4\">\n<div class=\"markdown prose w-full break-words dark:prose-invert light\">\n<p>Desfrute da vers\u00e1til e nutritiva TRS Semolina Sooji com esta embalagem de 1,5 kg. A s\u00eamola, tamb\u00e9m conhecida como Sooji, \u00e9 uma farinha grosseira feita a partir de trigo duro e normalmente utilizada nas cozinhas indiana e mediterr\u00e2nica. A TRS Semolina Sooji \u00e9 perfeita para confecionar pratos deliciosos e satisfat\u00f3rios como upma, halwa e sobremesas. A sua textura granulada e o seu sabor a nozes d\u00e3o um toque delicioso \u00e0s suas cria\u00e7\u00f5es culin\u00e1rias. Dispon\u00edvel para compra online, eleve os seus cozinhados com o sabor e a qualidade aut\u00eanticos da TRS Semolina Sooji.<\/p>\n<p>Palavras-chave: TRS S\u00eamola Sooji, embalagem de 1,5kg, comprar online, ingrediente vers\u00e1til, nutritivo, farinha grossa, trigo duro, cozinha indiana, cozinha mediterr\u00e2nica, upma, halwa, sobremesas, textura granulada, sabor a nozes, elevar a sua cozinha, sabor aut\u00eantico, comprar online.<\/p>\n<\/div>\n<\/div>\n<\/div>\n<\/div>\n<\/div>\n<\/div>","protected":false},"excerpt":{"rendered":"<p>Desfrute da vers\u00e1til e nutritiva TRS Semolina Sooji com esta embalagem de 1,5 kg. A s\u00eamola, tamb\u00e9m conhecida como Sooji, \u00e9 uma farinha grosseira feita a partir de trigo duro e normalmente utilizada nas cozinhas indiana e mediterr\u00e2nica. A TRS Semolina Sooji \u00e9 perfeita para confecionar pratos deliciosos e satisfat\u00f3rios como upma, halwa e sobremesas. A sua textura granulada e o seu sabor a nozes...<\/p>","protected":false},"featured_media":2182,"comment_status":"closed","ping_status":"closed","template":"","meta":{"_kad_blocks_custom_css":"","_kad_blocks_head_custom_js":"","_kad_blocks_body_custom_js":"","_kad_blocks_footer_custom_js":"","_kadence_starter_templates_imported_post":false,"_kad_post_transparent":"","_kad_post_title":"","_kad_post_layout":"","_kad_post_sidebar_id":"","_kad_post_content_style":"","_kad_post_vertical_padding":"","_kad_post_feature":"","_kad_post_feature_position":"","_kad_post_header":false,"_kad_post_footer":false,"_kad_post_classname":""},"product_brand":[],"product_cat":[52],"product_tag":[],"class_list":{"0":"post-3141","1":"product","2":"type-product","3":"status-publish","4":"has-post-thumbnail","6":"product_cat-flour","8":"first","9":"outofstock","10":"sold-individually","11":"shipping-taxable","12":"purchasable","13":"product-type-simple","14":"entry","15":"content-bg","16":"loop-entry"},"taxonomy_info":{"product_cat":[{"value":52,"label":"Flour"}]},"featured_image_src_large":["https:\/\/sultanspices.es\/wp-content\/uploads\/2023\/07\/TRSSemolinaCoarse15kg.jpg",500,500,false],"author_info":[],"comment_info":0,"jetpack_sharing_enabled":true,"_links":{"self":[{"href":"https:\/\/sultanspices.es\/pt\/wp-json\/wp\/v2\/product\/3141","targetHints":{"allow":["GET"]}}],"collection":[{"href":"https:\/\/sultanspices.es\/pt\/wp-json\/wp\/v2\/product"}],"about":[{"href":"https:\/\/sultanspices.es\/pt\/wp-json\/wp\/v2\/types\/product"}],"replies":[{"embeddable":true,"href":"https:\/\/sultanspices.es\/pt\/wp-json\/wp\/v2\/comments?post=3141"}],"wp:featuredmedia":[{"embeddable":true,"href":"https:\/\/sultanspices.es\/pt\/wp-json\/wp\/v2\/media\/2182"}],"wp:attachment":[{"href":"https:\/\/sultanspices.es\/pt\/wp-json\/wp\/v2\/media?parent=3141"}],"wp:term":[{"taxonomy":"product_brand","embeddable":true,"href":"https:\/\/sultanspices.es\/pt\/wp-json\/wp\/v2\/product_brand?post=3141"},{"taxonomy":"product_cat","embeddable":true,"href":"https:\/\/sultanspices.es\/pt\/wp-json\/wp\/v2\/product_cat?post=3141"},{"taxonomy":"product_tag","embeddable":true,"href":"https:\/\/sultanspices.es\/pt\/wp-json\/wp\/v2\/product_tag?post=3141"}],"curies":[{"name":"wp","href":"https:\/\/api.w.org\/{rel}","templated":true}]}}