{"id":3140,"date":"2023-09-22T21:37:39","date_gmt":"2023-09-22T19:37:39","guid":{"rendered":"https:\/\/sultanspices.es\/?post_type=product&#038;p=3140"},"modified":"2026-02-23T12:41:24","modified_gmt":"2026-02-23T11:41:24","slug":"trs-jeera-powder-400g","status":"publish","type":"product","link":"https:\/\/sultanspices.es\/pt\/produto\/trs-jeera-powder-400g\/","title":{"rendered":"TRS JEERA EM P\u00d3 400G"},"content":{"rendered":"<div class=\"group w-full text-gray-800 dark:text-gray-100 border-b border-black\/10 dark:border-gray-900\/50 bg-gray-50 dark:bg-[#444654]\">\n<div class=\"flex p-4 gap-4 text-base md:gap-6 md:max-w-2xl lg:max-w-[38rem] xl:max-w-3xl md:py-6 lg:px-0 m-auto\">\n<div class=\"relative flex w-[calc(100%-50px)] flex-col gap-1 md:gap-3 lg:w-[calc(100%-115px)]\">\n<div class=\"flex flex-grow flex-col gap-3\">\n<div class=\"min-h-[20px] flex items-start overflow-x-auto whitespace-pre-wrap break-words flex-col gap-4\">\n<div class=\"markdown prose w-full break-words dark:prose-invert light\">\n<p>Realce os sabores dos seus pratos com TRS Jeera (Cominhos) em p\u00f3. Este pacote de 400g oferece cominho em p\u00f3 finamente mo\u00eddo que acrescenta um sabor distinto e arom\u00e1tico \u00e0s suas receitas. TRS Jeera Powder \u00e9 perfeito para temperar caril, dals, pratos de arroz e misturas de especiarias. Conhecido pelo seu sabor terroso e quente, o cominho \u00e9 uma especiaria vers\u00e1til utilizada em cozinhas de todo o mundo. Eleve as suas cria\u00e7\u00f5es culin\u00e1rias com o sabor aut\u00eantico do TRS Jeera Powder. Dispon\u00edvel para compra online, d\u00ea um toque de sabor \u00e0s suas refei\u00e7\u00f5es com TRS.<\/p>\n<p>Palavras-chave: TRS Jeera Powder, Cominho em P\u00f3, embalagem de 400g, comprar online, sabor distinto, especiaria arom\u00e1tica, finamente mo\u00eddo, tempero, caril, dals, pratos de arroz, misturas de especiarias, sabor a terra, sabor quente, elevar a sua cozinha, sabor aut\u00eantico, comprar online.<\/p>\n<\/div>\n<\/div>\n<\/div>\n<\/div>\n<\/div>\n<\/div>","protected":false},"excerpt":{"rendered":"<p>Realce os sabores dos seus pratos com TRS Jeera (Cominhos) em p\u00f3. Este pacote de 400g oferece cominho em p\u00f3 finamente mo\u00eddo que acrescenta um sabor distinto e arom\u00e1tico \u00e0s suas receitas. TRS Jeera Powder \u00e9 perfeito para temperar caril, dals, pratos de arroz e misturas de especiarias. Conhecido pelo seu sabor terroso e quente, o cominho \u00e9 uma especiaria vers\u00e1til...<\/p>","protected":false},"featured_media":2180,"comment_status":"closed","ping_status":"closed","template":"","meta":{"_kad_blocks_custom_css":"","_kad_blocks_head_custom_js":"","_kad_blocks_body_custom_js":"","_kad_blocks_footer_custom_js":"","_kadence_starter_templates_imported_post":false,"_kad_post_transparent":"","_kad_post_title":"","_kad_post_layout":"","_kad_post_sidebar_id":"","_kad_post_content_style":"","_kad_post_vertical_padding":"","_kad_post_feature":"","_kad_post_feature_position":"","_kad_post_header":false,"_kad_post_footer":false,"_kad_post_classname":""},"product_brand":[],"product_cat":[50],"product_tag":[],"class_list":{"0":"post-3140","1":"product","2":"type-product","3":"status-publish","4":"has-post-thumbnail","6":"product_cat-spices","8":"first","9":"instock","10":"sale","11":"sold-individually","12":"shipping-taxable","13":"purchasable","14":"product-type-simple","15":"entry","16":"content-bg","17":"loop-entry"},"taxonomy_info":{"product_cat":[{"value":50,"label":"Spices"}]},"featured_image_src_large":["https:\/\/sultanspices.es\/wp-content\/uploads\/2023\/07\/TRSGroundCumin400g.webp",600,600,false],"author_info":[],"comment_info":0,"jetpack_sharing_enabled":true,"_links":{"self":[{"href":"https:\/\/sultanspices.es\/pt\/wp-json\/wp\/v2\/product\/3140","targetHints":{"allow":["GET"]}}],"collection":[{"href":"https:\/\/sultanspices.es\/pt\/wp-json\/wp\/v2\/product"}],"about":[{"href":"https:\/\/sultanspices.es\/pt\/wp-json\/wp\/v2\/types\/product"}],"replies":[{"embeddable":true,"href":"https:\/\/sultanspices.es\/pt\/wp-json\/wp\/v2\/comments?post=3140"}],"wp:featuredmedia":[{"embeddable":true,"href":"https:\/\/sultanspices.es\/pt\/wp-json\/wp\/v2\/media\/2180"}],"wp:attachment":[{"href":"https:\/\/sultanspices.es\/pt\/wp-json\/wp\/v2\/media?parent=3140"}],"wp:term":[{"taxonomy":"product_brand","embeddable":true,"href":"https:\/\/sultanspices.es\/pt\/wp-json\/wp\/v2\/product_brand?post=3140"},{"taxonomy":"product_cat","embeddable":true,"href":"https:\/\/sultanspices.es\/pt\/wp-json\/wp\/v2\/product_cat?post=3140"},{"taxonomy":"product_tag","embeddable":true,"href":"https:\/\/sultanspices.es\/pt\/wp-json\/wp\/v2\/product_tag?post=3140"}],"curies":[{"name":"wp","href":"https:\/\/api.w.org\/{rel}","templated":true}]}}