{"id":3137,"date":"2023-09-22T21:37:39","date_gmt":"2023-09-22T19:37:39","guid":{"rendered":"https:\/\/sultanspices.es\/?post_type=product&#038;p=3137"},"modified":"2026-02-23T12:41:19","modified_gmt":"2026-02-23T11:41:19","slug":"sweet-mango-5-kg-hf","status":"publish","type":"product","link":"https:\/\/sultanspices.es\/pt\/produto\/manga-doce-5-kg-hf\/","title":{"rendered":"MANGA DOCE 5 KG HF"},"content":{"rendered":"<div class=\"group w-full text-gray-800 dark:text-gray-100 border-b border-black\/10 dark:border-gray-900\/50 bg-gray-50 dark:bg-[#444654]\">\n<div class=\"flex p-4 gap-4 text-base md:gap-6 md:max-w-2xl lg:max-w-[38rem] xl:max-w-3xl md:py-6 lg:px-0 m-auto\">\n<div class=\"relative flex w-[calc(100%-50px)] flex-col gap-1 md:gap-3 lg:w-[calc(100%-115px)]\">\n<div class=\"flex flex-grow flex-col gap-3\">\n<div class=\"min-h-[20px] flex items-start overflow-x-auto whitespace-pre-wrap break-words flex-col gap-4\">\n<div class=\"markdown prose w-full break-words dark:prose-invert light\">\n<p>Aprecie os sabores deliciosos e aut\u00eanticos da pasta de manga doce da Hindustani Foods. Esta embalagem de 5 kg oferece uma pasta suave e deliciosa feita a partir das melhores mangas doces. A pasta de manga doce \u00e9 um ingrediente vers\u00e1til, perfeito para criar uma variedade de pratos, sobremesas, bebidas e molhos \u00e0 base de manga. A sua do\u00e7ura natural e o sabor vibrante da manga d\u00e3o um toque tropical \u00e0s suas cria\u00e7\u00f5es culin\u00e1rias. Feita com cuidado e qualidade, esta Pasta de Manga Doce traz o sabor das mangas maduras para a sua cozinha. Dispon\u00edvel para compra online, eleve as suas receitas com a ess\u00eancia rica e frutada da pasta Sweet Mango da Hindustani Foods.<\/p>\n<p>Palavras-chave: Pasta de Manga Doce, embalagem de 5kg, Hindustani Foods, textura suave, sabor delicioso, ingrediente vers\u00e1til, pratos \u00e0 base de manga, sobremesas, bebidas, molhos, do\u00e7ura natural, sabor vibrante, toque tropical, cuidado e qualidade, mangas maduras, compra online, eleve as suas receitas, ess\u00eancia frutada, compre online.<\/p>\n<\/div>\n<\/div>\n<\/div>\n<\/div>\n<\/div>\n<\/div>","protected":false},"excerpt":{"rendered":"<p>Aprecie os sabores deliciosos e aut\u00eanticos da pasta de manga doce da Hindustani Foods. Este pacote de 5 kg oferece uma pasta suave e deliciosa feita a partir das melhores mangas doces. A pasta de manga doce \u00e9 um ingrediente vers\u00e1til, perfeito para criar uma variedade de pratos, sobremesas, bebidas e molhos \u00e0 base de manga. A sua do\u00e7ura natural e o sabor vibrante da manga...<\/p>","protected":false},"featured_media":0,"comment_status":"closed","ping_status":"closed","template":"","meta":{"_kad_blocks_custom_css":"","_kad_blocks_head_custom_js":"","_kad_blocks_body_custom_js":"","_kad_blocks_footer_custom_js":"","_kadence_starter_templates_imported_post":false,"_kad_post_transparent":"","_kad_post_title":"","_kad_post_layout":"","_kad_post_sidebar_id":"","_kad_post_content_style":"","_kad_post_vertical_padding":"","_kad_post_feature":"","_kad_post_feature_position":"","_kad_post_header":false,"_kad_post_footer":false,"_kad_post_classname":""},"product_brand":[],"product_cat":[55],"product_tag":[],"class_list":{"0":"post-3137","1":"product","2":"type-product","3":"status-publish","5":"product_cat-pastes","7":"first","8":"outofstock","9":"sold-individually","10":"shipping-taxable","11":"purchasable","12":"product-type-simple","13":"entry","14":"content-bg","15":"loop-entry"},"taxonomy_info":{"product_cat":[{"value":55,"label":"Pastes, Pickles &amp; Sauces"}]},"featured_image_src_large":false,"author_info":[],"comment_info":0,"jetpack_sharing_enabled":true,"_links":{"self":[{"href":"https:\/\/sultanspices.es\/pt\/wp-json\/wp\/v2\/product\/3137","targetHints":{"allow":["GET"]}}],"collection":[{"href":"https:\/\/sultanspices.es\/pt\/wp-json\/wp\/v2\/product"}],"about":[{"href":"https:\/\/sultanspices.es\/pt\/wp-json\/wp\/v2\/types\/product"}],"replies":[{"embeddable":true,"href":"https:\/\/sultanspices.es\/pt\/wp-json\/wp\/v2\/comments?post=3137"}],"wp:attachment":[{"href":"https:\/\/sultanspices.es\/pt\/wp-json\/wp\/v2\/media?parent=3137"}],"wp:term":[{"taxonomy":"product_brand","embeddable":true,"href":"https:\/\/sultanspices.es\/pt\/wp-json\/wp\/v2\/product_brand?post=3137"},{"taxonomy":"product_cat","embeddable":true,"href":"https:\/\/sultanspices.es\/pt\/wp-json\/wp\/v2\/product_cat?post=3137"},{"taxonomy":"product_tag","embeddable":true,"href":"https:\/\/sultanspices.es\/pt\/wp-json\/wp\/v2\/product_tag?post=3137"}],"curies":[{"name":"wp","href":"https:\/\/api.w.org\/{rel}","templated":true}]}}