{"id":3124,"date":"2023-09-22T21:37:38","date_gmt":"2023-09-22T19:37:38","guid":{"rendered":"https:\/\/sultanspices.es\/?post_type=product&#038;p=3124"},"modified":"2026-02-23T12:41:16","modified_gmt":"2026-02-23T11:41:16","slug":"schani-mango-pulp-850g","status":"publish","type":"product","link":"https:\/\/sultanspices.es\/pt\/produto\/schani-mango-pulp-850g\/","title":{"rendered":"POLPA DE MANGA SCHANI 850G"},"content":{"rendered":"<div class=\"group w-full text-gray-800 dark:text-gray-100 border-b border-black\/10 dark:border-gray-900\/50 bg-gray-50 dark:bg-[#444654]\">\n<div class=\"flex p-4 gap-4 text-base md:gap-6 md:max-w-2xl lg:max-w-[38rem] xl:max-w-3xl md:py-6 lg:px-0 m-auto\">\n<div class=\"relative flex w-[calc(100%-50px)] flex-col gap-1 md:gap-3 lg:w-[calc(100%-115px)]\">\n<div class=\"flex flex-grow flex-col gap-3\">\n<div class=\"min-h-[20px] flex items-start overflow-x-auto whitespace-pre-wrap break-words flex-col gap-4\">\n<div class=\"markdown prose w-full break-words dark:prose-invert light\">\n<p>Delicie-se com os sabores doces e tropicais da polpa de manga Schani. Esta embalagem de 850g oferece uma polpa de manga deliciosa e suave, feita a partir de mangas da melhor qualidade. A polpa de manga Schani \u00e9 perfeita para preparar bebidas refrescantes de manga, batidos, sobremesas e outras del\u00edcias culin\u00e1rias. Proporciona o sabor aut\u00eantico das mangas frescas ao longo de todo o ano, permitindo-lhe desfrutar da bondade tropical em qualquer altura. Eleve as suas cria\u00e7\u00f5es culin\u00e1rias com o sabor rico e vibrante da polpa de manga Schani. Dispon\u00edvel para compra online, saboreie a ess\u00eancia da manga em cada colherada.<\/p>\n<p>Palavras-chave: Schani Mango Pulp, embalagem de 850g, comprar online, sabores doces, sabor tropical, polpa exuberante, mangas da melhor qualidade, bebidas de manga, batidos, sobremesas, del\u00edcias culin\u00e1rias, sabor aut\u00eantico, mangas frescas, elevar os seus cozinhados, rico e vibrante, compra online, ess\u00eancia da manga, comprar online.<\/p>\n<\/div>\n<\/div>\n<\/div>\n<\/div>\n<\/div>\n<\/div>","protected":false},"excerpt":{"rendered":"<p>Delicie-se com os sabores doces e tropicais da polpa de manga Schani. Esta embalagem de 850g oferece uma polpa de manga deliciosa e suave, feita a partir de mangas da melhor qualidade. A polpa de manga Schani \u00e9 perfeita para preparar bebidas refrescantes de manga, batidos, sobremesas e outras del\u00edcias culin\u00e1rias. Proporciona o sabor aut\u00eantico das mangas frescas durante todo o ano, permitindo...<\/p>","protected":false},"featured_media":2188,"comment_status":"closed","ping_status":"closed","template":"","meta":{"_kad_blocks_custom_css":"","_kad_blocks_head_custom_js":"","_kad_blocks_body_custom_js":"","_kad_blocks_footer_custom_js":"","_kadence_starter_templates_imported_post":false,"_kad_post_transparent":"","_kad_post_title":"","_kad_post_layout":"","_kad_post_sidebar_id":"","_kad_post_content_style":"","_kad_post_vertical_padding":"","_kad_post_feature":"","_kad_post_feature_position":"","_kad_post_header":false,"_kad_post_footer":false,"_kad_post_classname":""},"product_brand":[],"product_cat":[55,58,51],"product_tag":[],"class_list":{"0":"post-3124","1":"product","2":"type-product","3":"status-publish","4":"has-post-thumbnail","6":"product_cat-pastes","7":"product_cat-beverages","8":"product_cat-desserts-sweets","10":"first","11":"outofstock","12":"sold-individually","13":"shipping-taxable","14":"purchasable","15":"product-type-simple","16":"entry","17":"content-bg","18":"loop-entry"},"taxonomy_info":{"product_cat":[{"value":55,"label":"Pastes, Pickles &amp; Sauces"},{"value":58,"label":"Beverages"},{"value":51,"label":"Desserts and Sweets"}]},"featured_image_src_large":["https:\/\/sultanspices.es\/wp-content\/uploads\/2023\/07\/SchaniMangoPulp.jpg",1024,800,false],"author_info":[],"comment_info":0,"jetpack_sharing_enabled":true,"_links":{"self":[{"href":"https:\/\/sultanspices.es\/pt\/wp-json\/wp\/v2\/product\/3124","targetHints":{"allow":["GET"]}}],"collection":[{"href":"https:\/\/sultanspices.es\/pt\/wp-json\/wp\/v2\/product"}],"about":[{"href":"https:\/\/sultanspices.es\/pt\/wp-json\/wp\/v2\/types\/product"}],"replies":[{"embeddable":true,"href":"https:\/\/sultanspices.es\/pt\/wp-json\/wp\/v2\/comments?post=3124"}],"wp:featuredmedia":[{"embeddable":true,"href":"https:\/\/sultanspices.es\/pt\/wp-json\/wp\/v2\/media\/2188"}],"wp:attachment":[{"href":"https:\/\/sultanspices.es\/pt\/wp-json\/wp\/v2\/media?parent=3124"}],"wp:term":[{"taxonomy":"product_brand","embeddable":true,"href":"https:\/\/sultanspices.es\/pt\/wp-json\/wp\/v2\/product_brand?post=3124"},{"taxonomy":"product_cat","embeddable":true,"href":"https:\/\/sultanspices.es\/pt\/wp-json\/wp\/v2\/product_cat?post=3124"},{"taxonomy":"product_tag","embeddable":true,"href":"https:\/\/sultanspices.es\/pt\/wp-json\/wp\/v2\/product_tag?post=3124"}],"curies":[{"name":"wp","href":"https:\/\/api.w.org\/{rel}","templated":true}]}}