{"id":3123,"date":"2023-09-22T21:37:38","date_gmt":"2023-09-22T19:37:38","guid":{"rendered":"https:\/\/sultanspices.es\/?post_type=product&#038;p=3123"},"modified":"2025-07-19T10:59:43","modified_gmt":"2025-07-19T08:59:43","slug":"schani-mango-chutney-sweet-5kg","status":"publish","type":"product","link":"https:\/\/sultanspices.es\/pt\/produto\/schani-mango-chutney-doce-5kg\/","title":{"rendered":"SCHANI MANGO CHUTNEY DOCE 5KG"},"content":{"rendered":"<div class=\"group w-full text-gray-800 dark:text-gray-100 border-b border-black\/10 dark:border-gray-900\/50 bg-gray-50 dark:bg-[#444654]\">\n<div class=\"flex p-4 gap-4 text-base md:gap-6 md:max-w-2xl lg:max-w-[38rem] xl:max-w-3xl md:py-6 lg:px-0 m-auto\">\n<div class=\"relative flex w-[calc(100%-50px)] flex-col gap-1 md:gap-3 lg:w-[calc(100%-115px)]\">\n<div class=\"flex flex-grow flex-col gap-3\">\n<div class=\"min-h-[20px] flex items-start overflow-x-auto whitespace-pre-wrap break-words flex-col gap-4\">\n<div class=\"markdown prose w-full break-words dark:prose-invert light\">\n<p>Experimente os sabores deliciosos e doces do Schani Mango Chutney. Esta embalagem de 5 kg oferece uma generosa quantidade de chutney de manga suave e frutado, perfeito para dar um toque picante e doce \u00e0s suas refei\u00e7\u00f5es. O Schani Mango Chutney \u00e9 feito com mangas maduras cuidadosamente seleccionadas, misturadas com especiarias e temperos para criar um condimento perfeitamente equilibrado. Combina bem com uma variedade de pratos, incluindo caril, sandu\u00edches e snacks. Eleve as suas cria\u00e7\u00f5es culin\u00e1rias com o sabor aut\u00eantico do Schani Mango Chutney. Dispon\u00edvel para compra online, desfrute das del\u00edcias deste chutney doce de fazer crescer \u00e1gua na boca.<\/p>\n<p>Palavras-chave: Schani Mango Chutney Sweet, embalagem de 5kg, comprar online, sabores deliciosos, sabor doce, textura suave, chutney frutado, toque picante, mangas maduras, condimento equilibrado, caril, sandu\u00edches, snacks, elevar a sua cozinha, sabor aut\u00eantico, bondade de fazer crescer \u00e1gua na boca, compra online, comprar online.<\/p>\n<\/div>\n<\/div>\n<\/div>\n<\/div>\n<\/div>\n<\/div>","protected":false},"excerpt":{"rendered":"<p>Experimente os sabores deliciosos e doces do Schani Mango Chutney. Esta embalagem de 5 kg oferece uma generosa quantidade de chutney de manga suave e frutado, perfeito para dar um toque picante e doce \u00e0s suas refei\u00e7\u00f5es. O Schani Mango Chutney \u00e9 feito com mangas maduras cuidadosamente seleccionadas, misturadas com especiarias e temperos para criar um condimento perfeitamente equilibrado....<\/p>","protected":false},"featured_media":2186,"comment_status":"closed","ping_status":"closed","template":"","meta":{"_kad_blocks_custom_css":"","_kad_blocks_head_custom_js":"","_kad_blocks_body_custom_js":"","_kad_blocks_footer_custom_js":"","_kadence_starter_templates_imported_post":false,"_kad_post_transparent":"","_kad_post_title":"","_kad_post_layout":"","_kad_post_sidebar_id":"","_kad_post_content_style":"","_kad_post_vertical_padding":"","_kad_post_feature":"","_kad_post_feature_position":"","_kad_post_header":false,"_kad_post_footer":false,"_kad_post_classname":""},"product_brand":[],"product_cat":[55],"product_tag":[],"class_list":{"0":"post-3123","1":"product","2":"type-product","3":"status-publish","4":"has-post-thumbnail","6":"product_cat-pastes","8":"first","9":"outofstock","10":"sold-individually","11":"shipping-taxable","12":"purchasable","13":"product-type-simple","14":"entry","15":"content-bg","16":"loop-entry"},"taxonomy_info":{"product_cat":[{"value":55,"label":"Pastes, Pickles &amp; Sauces"}]},"featured_image_src_large":["https:\/\/sultanspices.es\/wp-content\/uploads\/2023\/07\/5kgSchanimango-1024x1024.webp",1024,1024,true],"author_info":[],"comment_info":0,"jetpack_sharing_enabled":true,"_links":{"self":[{"href":"https:\/\/sultanspices.es\/pt\/wp-json\/wp\/v2\/product\/3123","targetHints":{"allow":["GET"]}}],"collection":[{"href":"https:\/\/sultanspices.es\/pt\/wp-json\/wp\/v2\/product"}],"about":[{"href":"https:\/\/sultanspices.es\/pt\/wp-json\/wp\/v2\/types\/product"}],"replies":[{"embeddable":true,"href":"https:\/\/sultanspices.es\/pt\/wp-json\/wp\/v2\/comments?post=3123"}],"wp:featuredmedia":[{"embeddable":true,"href":"https:\/\/sultanspices.es\/pt\/wp-json\/wp\/v2\/media\/2186"}],"wp:attachment":[{"href":"https:\/\/sultanspices.es\/pt\/wp-json\/wp\/v2\/media?parent=3123"}],"wp:term":[{"taxonomy":"product_brand","embeddable":true,"href":"https:\/\/sultanspices.es\/pt\/wp-json\/wp\/v2\/product_brand?post=3123"},{"taxonomy":"product_cat","embeddable":true,"href":"https:\/\/sultanspices.es\/pt\/wp-json\/wp\/v2\/product_cat?post=3123"},{"taxonomy":"product_tag","embeddable":true,"href":"https:\/\/sultanspices.es\/pt\/wp-json\/wp\/v2\/product_tag?post=3123"}],"curies":[{"name":"wp","href":"https:\/\/api.w.org\/{rel}","templated":true}]}}