{"id":3122,"date":"2023-09-22T21:37:38","date_gmt":"2023-09-22T19:37:38","guid":{"rendered":"https:\/\/sultanspices.es\/?post_type=product&#038;p=3122"},"modified":"2025-07-19T10:59:43","modified_gmt":"2025-07-19T08:59:43","slug":"schani-crush-chilli-250-g","status":"publish","type":"product","link":"https:\/\/sultanspices.es\/pt\/produto\/schani-crush-chilli-250-g\/","title":{"rendered":"SCHANI CRUSH CHILLI 250 G"},"content":{"rendered":"<div class=\"group w-full text-gray-800 dark:text-gray-100 border-b border-black\/10 dark:border-gray-900\/50 bg-gray-50 dark:bg-[#444654]\">\n<div class=\"flex p-4 gap-4 text-base md:gap-6 md:max-w-2xl lg:max-w-[38rem] xl:max-w-3xl md:py-6 lg:px-0 m-auto\">\n<div class=\"relative flex w-[calc(100%-50px)] flex-col gap-1 md:gap-3 lg:w-[calc(100%-115px)]\">\n<div class=\"flex flex-grow flex-col gap-3\">\n<div class=\"min-h-[20px] flex items-start overflow-x-auto whitespace-pre-wrap break-words flex-col gap-4\">\n<div class=\"markdown prose w-full break-words dark:prose-invert light\">\n<p>D\u00ea um toque picante aos seus pratos com Schani Crush Chilli. Esta embalagem de 250g cont\u00e9m flocos de malagueta vermelha finamente triturados, perfeitos para adicionar calor e picante \u00e0s suas cria\u00e7\u00f5es culin\u00e1rias. A Schani Crush Chilli \u00e9 vers\u00e1til e pode ser usada em v\u00e1rias cozinhas e receitas, como caril, marinadas e molhos. D\u00e1 uma cor vermelha vibrante e um sabor arrojado aos seus pratos, permitindo-lhe personalizar o n\u00edvel de picante. Eleve os seus cozinhados com o calor intenso de Schani Crush Chilli. Dispon\u00edvel para compra online, adicione um toque ardente \u00e0s suas refei\u00e7\u00f5es.<\/p>\n<p>Palavras-chave: Schani Crush Chilli, embalagem de 250g, comprar online, picante, flocos de malagueta vermelha esmagada, calor, tempero, vers\u00e1til, caril, marinadas, molhos, cor vermelha vibrante, sabor arrojado, personalizar o picante, calor intenso, elevar os seus cozinhados, dar um toque ardente, compra online, comprar online.<\/p>\n<\/div>\n<\/div>\n<\/div>\n<\/div>\n<\/div>\n<\/div>","protected":false},"excerpt":{"rendered":"<p>D\u00ea um toque picante aos seus pratos com Schani Crush Chilli. Esta embalagem de 250g cont\u00e9m flocos de malagueta vermelha finamente triturados, perfeitos para adicionar calor e picante \u00e0s suas cria\u00e7\u00f5es culin\u00e1rias. A Schani Crush Chilli \u00e9 vers\u00e1til e pode ser utilizada em v\u00e1rias cozinhas e receitas, tais como caril, marinadas e molhos. Proporciona um vermelho vibrante...<\/p>","protected":false},"featured_media":2184,"comment_status":"closed","ping_status":"closed","template":"","meta":{"_kad_blocks_custom_css":"","_kad_blocks_head_custom_js":"","_kad_blocks_body_custom_js":"","_kad_blocks_footer_custom_js":"","_kadence_starter_templates_imported_post":false,"_kad_post_transparent":"","_kad_post_title":"","_kad_post_layout":"","_kad_post_sidebar_id":"","_kad_post_content_style":"","_kad_post_vertical_padding":"","_kad_post_feature":"","_kad_post_feature_position":"","_kad_post_header":false,"_kad_post_footer":false,"_kad_post_classname":""},"product_brand":[],"product_cat":[50],"product_tag":[],"class_list":{"0":"post-3122","1":"product","2":"type-product","3":"status-publish","4":"has-post-thumbnail","6":"product_cat-spices","8":"first","9":"outofstock","10":"sold-individually","11":"shipping-taxable","12":"purchasable","13":"product-type-simple","14":"entry","15":"content-bg","16":"loop-entry"},"taxonomy_info":{"product_cat":[{"value":50,"label":"Spices"}]},"featured_image_src_large":["https:\/\/sultanspices.es\/wp-content\/uploads\/2023\/07\/SchaniCrushedChilli.jpeg",1024,1024,false],"author_info":[],"comment_info":0,"jetpack_sharing_enabled":true,"_links":{"self":[{"href":"https:\/\/sultanspices.es\/pt\/wp-json\/wp\/v2\/product\/3122","targetHints":{"allow":["GET"]}}],"collection":[{"href":"https:\/\/sultanspices.es\/pt\/wp-json\/wp\/v2\/product"}],"about":[{"href":"https:\/\/sultanspices.es\/pt\/wp-json\/wp\/v2\/types\/product"}],"replies":[{"embeddable":true,"href":"https:\/\/sultanspices.es\/pt\/wp-json\/wp\/v2\/comments?post=3122"}],"wp:featuredmedia":[{"embeddable":true,"href":"https:\/\/sultanspices.es\/pt\/wp-json\/wp\/v2\/media\/2184"}],"wp:attachment":[{"href":"https:\/\/sultanspices.es\/pt\/wp-json\/wp\/v2\/media?parent=3122"}],"wp:term":[{"taxonomy":"product_brand","embeddable":true,"href":"https:\/\/sultanspices.es\/pt\/wp-json\/wp\/v2\/product_brand?post=3122"},{"taxonomy":"product_cat","embeddable":true,"href":"https:\/\/sultanspices.es\/pt\/wp-json\/wp\/v2\/product_cat?post=3122"},{"taxonomy":"product_tag","embeddable":true,"href":"https:\/\/sultanspices.es\/pt\/wp-json\/wp\/v2\/product_tag?post=3122"}],"curies":[{"name":"wp","href":"https:\/\/api.w.org\/{rel}","templated":true}]}}