{"id":3114,"date":"2023-09-22T21:37:35","date_gmt":"2023-09-22T19:37:35","guid":{"rendered":"https:\/\/sultanspices.es\/?post_type=product&#038;p=3114"},"modified":"2026-03-31T18:37:42","modified_gmt":"2026-03-31T16:37:42","slug":"syrup-jam-e-shirin-800ml","status":"publish","type":"product","link":"https:\/\/sultanspices.es\/pt\/produto\/syrup-jam-e-shirin-800ml\/","title":{"rendered":"XAROPE DE COMPOTA E SHIRIN 800ML"},"content":{"rendered":"<div class=\"group w-full text-gray-800 dark:text-gray-100 border-b border-black\/10 dark:border-gray-900\/50 bg-gray-50 dark:bg-[#444654]\">\n<div class=\"flex p-4 gap-4 text-base md:gap-6 md:max-w-2xl lg:max-w-[38rem] xl:max-w-3xl md:py-6 lg:px-0 m-auto\">\n<div class=\"relative flex w-[calc(100%-50px)] flex-col gap-1 md:gap-3 lg:w-[calc(100%-115px)]\">\n<div class=\"flex flex-grow flex-col gap-3\">\n<div class=\"min-h-[20px] flex items-start overflow-x-auto whitespace-pre-wrap break-words flex-col gap-4\">\n<div class=\"markdown prose w-full break-words dark:prose-invert light\">\n<p>Mate a sua sede com os deliciosos sabores de Qarshi Jam-e-Shirin. Esta garrafa de 800 ml cont\u00e9m uma bebida de ervas refrescante e doce que \u00e9 adorada por todas as idades. O Qarshi Jam-e-Shirin \u00e9 feito com uma mistura de ervas naturais, frutos e extractos florais, criando uma bebida \u00fanica e saborosa. \u00c9 a escolha perfeita para os dias quentes de ver\u00e3o ou sempre que desejar uma bebida refrescante. Desfrute do sabor suave e dos efeitos refrescantes do Qarshi Jam-e-Shirin. Dispon\u00edvel para compra online, delicie-se com a bondade natural desta bebida cl\u00e1ssica \u00e0 base de plantas.<\/p>\n<p>Palavras-chave: Qarshi Jam-e-Shirin, garrafa de 800ml, comprar online, sabores deliciosos, bebida \u00e0 base de ervas, sabor refrescante, ervas naturais, frutas, extractos florais, bebida \u00fanica, dias quentes de ver\u00e3o, efeitos refrescantes, sabor calmante, deliciar-se, bondade natural, bebida cl\u00e1ssica \u00e0 base de ervas, compra online, comprar online.<\/p>\n<\/div>\n<\/div>\n<\/div>\n<\/div>\n<\/div>\n<\/div>","protected":false},"excerpt":{"rendered":"<p>Mate a sua sede com os deliciosos sabores de Qarshi Jam-e-Shirin. Esta garrafa de 800 ml cont\u00e9m uma bebida de ervas refrescante e doce que \u00e9 adorada por todas as idades. O Qarshi Jam-e-Shirin \u00e9 feito com uma mistura de ervas naturais, frutas e extractos florais, criando uma bebida \u00fanica e saborosa. \u00c9 uma escolha perfeita para os dias quentes de ver\u00e3o...<\/p>","protected":false},"featured_media":2197,"comment_status":"closed","ping_status":"closed","template":"","meta":{"_kad_blocks_custom_css":"","_kad_blocks_head_custom_js":"","_kad_blocks_body_custom_js":"","_kad_blocks_footer_custom_js":"","_kadence_starter_templates_imported_post":false,"_kad_post_transparent":"","_kad_post_title":"","_kad_post_layout":"","_kad_post_sidebar_id":"","_kad_post_content_style":"","_kad_post_vertical_padding":"","_kad_post_feature":"","_kad_post_feature_position":"","_kad_post_header":false,"_kad_post_footer":false,"_kad_post_classname":""},"product_brand":[],"product_cat":[58],"product_tag":[],"class_list":{"0":"post-3114","1":"product","2":"type-product","3":"status-publish","4":"has-post-thumbnail","6":"product_cat-beverages","8":"first","9":"instock","10":"sold-individually","11":"shipping-taxable","12":"purchasable","13":"product-type-simple","14":"entry","15":"content-bg","16":"loop-entry"},"taxonomy_info":{"product_cat":[{"value":58,"label":"Beverages"}]},"featured_image_src_large":["https:\/\/sultanspices.es\/wp-content\/uploads\/2023\/07\/Sham-e-Shirin.png",500,500,false],"author_info":[],"comment_info":0,"jetpack_sharing_enabled":true,"_links":{"self":[{"href":"https:\/\/sultanspices.es\/pt\/wp-json\/wp\/v2\/product\/3114","targetHints":{"allow":["GET"]}}],"collection":[{"href":"https:\/\/sultanspices.es\/pt\/wp-json\/wp\/v2\/product"}],"about":[{"href":"https:\/\/sultanspices.es\/pt\/wp-json\/wp\/v2\/types\/product"}],"replies":[{"embeddable":true,"href":"https:\/\/sultanspices.es\/pt\/wp-json\/wp\/v2\/comments?post=3114"}],"wp:featuredmedia":[{"embeddable":true,"href":"https:\/\/sultanspices.es\/pt\/wp-json\/wp\/v2\/media\/2197"}],"wp:attachment":[{"href":"https:\/\/sultanspices.es\/pt\/wp-json\/wp\/v2\/media?parent=3114"}],"wp:term":[{"taxonomy":"product_brand","embeddable":true,"href":"https:\/\/sultanspices.es\/pt\/wp-json\/wp\/v2\/product_brand?post=3114"},{"taxonomy":"product_cat","embeddable":true,"href":"https:\/\/sultanspices.es\/pt\/wp-json\/wp\/v2\/product_cat?post=3114"},{"taxonomy":"product_tag","embeddable":true,"href":"https:\/\/sultanspices.es\/pt\/wp-json\/wp\/v2\/product_tag?post=3114"}],"curies":[{"name":"wp","href":"https:\/\/api.w.org\/{rel}","templated":true}]}}