{"id":3111,"date":"2023-09-22T21:37:35","date_gmt":"2023-09-22T19:37:35","guid":{"rendered":"https:\/\/sultanspices.es\/?post_type=product&#038;p=3111"},"modified":"2026-02-23T12:41:10","modified_gmt":"2026-02-23T11:41:10","slug":"pg-80-bags","status":"publish","type":"product","link":"https:\/\/sultanspices.es\/pt\/produto\/pg-80-sacos\/","title":{"rendered":"SAQUETAS DE CH\u00c1 PG TIPS 80'S 232G"},"content":{"rendered":"<div class=\"group w-full text-gray-800 dark:text-gray-100 border-b border-black\/10 dark:border-gray-900\/50 bg-gray-50 dark:bg-[#444654]\">\n<div class=\"flex p-4 gap-4 text-base md:gap-6 md:max-w-2xl lg:max-w-[38rem] xl:max-w-3xl md:py-6 lg:px-0 m-auto\">\n<div class=\"relative flex w-[calc(100%-50px)] flex-col gap-1 md:gap-3 lg:w-[calc(100%-115px)]\">\n<div class=\"flex flex-grow flex-col gap-3\">\n<div class=\"min-h-[20px] flex items-start overflow-x-auto whitespace-pre-wrap break-words flex-col gap-4\">\n<div class=\"markdown prose w-full break-words dark:prose-invert light\">\n<p>Experimente o sabor rico e satisfat\u00f3rio das saquetas de ch\u00e1 PG Tips. Esta adorada marca oferece uma deliciosa mistura de folhas de ch\u00e1 de qualidade, cuidadosamente seleccionadas pelo seu sabor e aroma. Cada saqueta de ch\u00e1 foi concebida para libertar a infus\u00e3o perfeita, garantindo uma ch\u00e1vena de ch\u00e1 robusta e refrescante. Quer o prefira forte ou com uma pitada de leite, as saquetas de ch\u00e1 PG Tips proporcionam uma experi\u00eancia de ch\u00e1 reconfortante e saborosa. Dispon\u00edveis em pr\u00e1ticas saquetas de ch\u00e1, desfrute do sabor intemporal do PG Tips a qualquer hora do dia. Encomende online o seu pacote de saquetas de ch\u00e1 PG Tips e saboreie a bondade, gole a gole.<\/p>\n<p>Palavras-chave: Saquinhos de Ch\u00e1 PG Tips, saquinhos de ch\u00e1, sabor rico, sabor satisfat\u00f3rio, folhas de ch\u00e1 de qualidade, mistura selecionada, infus\u00e3o robusta, ch\u00e1vena de ch\u00e1 refrescante, ch\u00e1 forte, ch\u00e1 com leite, experi\u00eancia reconfortante, saboroso, embalagem conveniente, sabor intemporal, compra online, saborear a bondade, comprar online.<\/p>\n<\/div>\n<\/div>\n<\/div>\n<\/div>\n<\/div>\n<\/div>","protected":false},"excerpt":{"rendered":"<p>Experimente o sabor rico e satisfat\u00f3rio das saquetas de ch\u00e1 PG Tips. Esta adorada marca oferece uma deliciosa mistura de folhas de ch\u00e1 de qualidade, cuidadosamente seleccionadas pelo seu sabor e aroma. Cada saqueta de ch\u00e1 foi concebida para libertar a infus\u00e3o perfeita, garantindo uma ch\u00e1vena de ch\u00e1 robusta e refrescante. Quer o prefira forte ou com um...<\/p>","protected":false},"featured_media":2200,"comment_status":"closed","ping_status":"closed","template":"","meta":{"_kad_blocks_custom_css":"","_kad_blocks_head_custom_js":"","_kad_blocks_body_custom_js":"","_kad_blocks_footer_custom_js":"","_kadence_starter_templates_imported_post":false,"_kad_post_transparent":"","_kad_post_title":"","_kad_post_layout":"","_kad_post_sidebar_id":"","_kad_post_content_style":"","_kad_post_vertical_padding":"","_kad_post_feature":"","_kad_post_feature_position":"","_kad_post_header":false,"_kad_post_footer":false,"_kad_post_classname":""},"product_brand":[],"product_cat":[57],"product_tag":[],"class_list":{"0":"post-3111","1":"product","2":"type-product","3":"status-publish","4":"has-post-thumbnail","6":"product_cat-tea-chai-pati","8":"first","9":"instock","10":"sale","11":"sold-individually","12":"shipping-taxable","13":"purchasable","14":"product-type-simple","15":"entry","16":"content-bg","17":"loop-entry"},"taxonomy_info":{"product_cat":[{"value":57,"label":"Tea (Chai Pati)"}]},"featured_image_src_large":["https:\/\/sultanspices.es\/wp-content\/uploads\/2023\/07\/pg-tips-tea-bags-x-80.jpeg",800,800,false],"author_info":[],"comment_info":0,"jetpack_sharing_enabled":true,"_links":{"self":[{"href":"https:\/\/sultanspices.es\/pt\/wp-json\/wp\/v2\/product\/3111","targetHints":{"allow":["GET"]}}],"collection":[{"href":"https:\/\/sultanspices.es\/pt\/wp-json\/wp\/v2\/product"}],"about":[{"href":"https:\/\/sultanspices.es\/pt\/wp-json\/wp\/v2\/types\/product"}],"replies":[{"embeddable":true,"href":"https:\/\/sultanspices.es\/pt\/wp-json\/wp\/v2\/comments?post=3111"}],"wp:featuredmedia":[{"embeddable":true,"href":"https:\/\/sultanspices.es\/pt\/wp-json\/wp\/v2\/media\/2200"}],"wp:attachment":[{"href":"https:\/\/sultanspices.es\/pt\/wp-json\/wp\/v2\/media?parent=3111"}],"wp:term":[{"taxonomy":"product_brand","embeddable":true,"href":"https:\/\/sultanspices.es\/pt\/wp-json\/wp\/v2\/product_brand?post=3111"},{"taxonomy":"product_cat","embeddable":true,"href":"https:\/\/sultanspices.es\/pt\/wp-json\/wp\/v2\/product_cat?post=3111"},{"taxonomy":"product_tag","embeddable":true,"href":"https:\/\/sultanspices.es\/pt\/wp-json\/wp\/v2\/product_tag?post=3111"}],"curies":[{"name":"wp","href":"https:\/\/api.w.org\/{rel}","templated":true}]}}